{"id":7364,"date":"2019-07-11T13:58:39","date_gmt":"2019-07-11T13:58:39","guid":{"rendered":"http:\/\/www.3p-gmbh.de\/produkt\/nut-perforiermaschine-2\/"},"modified":"2019-11-12T15:39:39","modified_gmt":"2019-11-12T15:39:39","slug":"nut-perforiermaschine-2","status":"publish","type":"product","link":"https:\/\/www.3p-gmbh.de\/pl\/produkt\/nut-perforiermaschine-2\/","title":{"rendered":"Bickel HK 3-68 Nut- und Perforiermaschine"},"content":{"rendered":"<p>Die Maschine wird mit 68 cm Arbeitsbreite zum wirtschaftlichen Einsatz bei Perforier- oder Nutarbeiten eingesetzt. Der Stanzvorgang wird ueber eine elektrisch gesteuerte, mit Fuss ausgel\u00f6ste Kupplung get\u00e4tigt. Dadurch hat man beide H\u00e4nde zum Anlegen und Ausrichten der Bogen frei.<\/p>\n<p>Zubeh\u00f6r<br \/>\n1 Perforierkamm 1mm<br \/>\n1 Nutkamm drehbar 1 und 2 mm<br \/>\n1 Kamm f\u00fcr Sprialbindung Durchmesser 4mm<br \/>\n1 Kamm Teilung 3:1 Kalender 4x4mm geteilt fuer Doppelnutzen<\/p>\n<p>&#8211; Zentralschmierung<br \/>\n&#8211; 380 V<\/p>\n","protected":false},"excerpt":{"rendered":"<p>Die Maschine wird mit 68 cm Arbeitsbreite zum wirtschaftlichen Einsatz bei Perforier- oder Nutarbeiten eingesetzt. Der Stanzvorgang wird ueber eine elektrisch gesteuerte, mit Fuss ausgel\u00f6ste Kupplung get\u00e4tigt. Dadurch hat man beide H\u00e4nde zum Anlegen und Ausrichten der Bogen frei. Zubeh\u00f6r 1 Perforierkamm 1mm 1 Nutkamm drehbar 1 und 2 mm 1 Kamm f\u00fcr Sprialbindung Durchmesser [&hellip;]<\/p>\n","protected":false},"featured_media":3347,"template":"","meta":[],"product_brand":[],"product_cat":[1755],"product_tag":[],"class_list":{"0":"post-7364","1":"product","2":"type-product","3":"status-publish","4":"has-post-thumbnail","6":"product_cat-nut-perforiermaschinen","7":"pa_baujahr-266","8":"pa_hersteller-bickel","9":"pa_typ-hk-3-68","11":"first","12":"instock","13":"sold-individually","14":"taxable","15":"shipping-taxable","16":"purchasable","17":"product-type-simple"},"jetpack_sharing_enabled":true,"_links":{"self":[{"href":"https:\/\/www.3p-gmbh.de\/pl\/wp-json\/wp\/v2\/product\/7364","targetHints":{"allow":["GET"]}}],"collection":[{"href":"https:\/\/www.3p-gmbh.de\/pl\/wp-json\/wp\/v2\/product"}],"about":[{"href":"https:\/\/www.3p-gmbh.de\/pl\/wp-json\/wp\/v2\/types\/product"}],"wp:featuredmedia":[{"embeddable":true,"href":"https:\/\/www.3p-gmbh.de\/pl\/wp-json\/wp\/v2\/media\/3347"}],"wp:attachment":[{"href":"https:\/\/www.3p-gmbh.de\/pl\/wp-json\/wp\/v2\/media?parent=7364"}],"wp:term":[{"taxonomy":"product_brand","embeddable":true,"href":"https:\/\/www.3p-gmbh.de\/pl\/wp-json\/wp\/v2\/product_brand?post=7364"},{"taxonomy":"product_cat","embeddable":true,"href":"https:\/\/www.3p-gmbh.de\/pl\/wp-json\/wp\/v2\/product_cat?post=7364"},{"taxonomy":"product_tag","embeddable":true,"href":"https:\/\/www.3p-gmbh.de\/pl\/wp-json\/wp\/v2\/product_tag?post=7364"}],"curies":[{"name":"wp","href":"https:\/\/api.w.org\/{rel}","templated":true}]}}