{"id":7265,"date":"2019-07-11T13:57:41","date_gmt":"2019-07-11T13:57:41","guid":{"rendered":"http:\/\/www.3p-gmbh.de\/produkt\/4-zangen-pur-klebebinder\/"},"modified":"2019-11-07T15:49:45","modified_gmt":"2019-11-07T15:49:45","slug":"4-zangen-pur-klebebinder","status":"publish","type":"product","link":"https:\/\/www.3p-gmbh.de\/pl\/produkt\/4-zangen-pur-klebebinder\/","title":{"rendered":"Heidelberg Eurobind EB-1300 PUR 4-Zangen-Klebebinder"},"content":{"rendered":"<ul>\n<li>Baujahr 2012<\/li>\n<li>nur 850.000 Bindungen<\/li>\n<li>mechanische Leistung 1.300 Expl.\/h<\/li>\n<li>Blockbreite: 108 &#8211; 300 mm<\/li>\n<li>Blockh\u00f6he: 145 &#8211; 360 mm<\/li>\n<li>Blockdicke: 2 &#8211; 45 mm<\/li>\n<li>Umschlaganleger Breite: 218 &#8211; 680 mm<\/li>\n<li>Umschlaganleger H\u00f6he: 145 &#8211; 370 mm<\/li>\n<li>Grammatur: 120 &#8211; 300 g\/m\u00b2<\/li>\n<li>Fr\u00e4ser Tiefe: 0 &#8211; 3 mm<\/li>\n<li>PUR natec D\u00fcsen Auftragsger\u00e4t mit Vorschmelzer BS 250003 PUR<\/li>\n<\/ul>\n","protected":false},"excerpt":{"rendered":"<p>Baujahr 2012 nur 850.000 Bindungen mechanische Leistung 1.300 Expl.\/h Blockbreite: 108 &#8211; 300 mm Blockh\u00f6he: 145 &#8211; 360 mm Blockdicke: 2 &#8211; 45 mm Umschlaganleger Breite: 218 &#8211; 680 mm Umschlaganleger H\u00f6he: 145 &#8211; 370 mm Grammatur: 120 &#8211; 300 g\/m\u00b2 Fr\u00e4ser Tiefe: 0 &#8211; 3 mm PUR natec D\u00fcsen Auftragsger\u00e4t mit Vorschmelzer BS 250003 [&hellip;]<\/p>\n","protected":false},"featured_media":8629,"template":"","meta":[],"product_brand":[],"product_cat":[1751],"product_tag":[],"class_list":{"0":"post-7265","1":"product","2":"type-product","3":"status-publish","4":"has-post-thumbnail","6":"product_cat-klebebinder","7":"pa_baujahr-137","8":"pa_hersteller-heidelberg-stahl","9":"pa_typ-eurobind-eb-1300","11":"first","12":"instock","13":"sold-individually","14":"taxable","15":"shipping-taxable","16":"purchasable","17":"product-type-simple"},"jetpack_sharing_enabled":true,"_links":{"self":[{"href":"https:\/\/www.3p-gmbh.de\/pl\/wp-json\/wp\/v2\/product\/7265","targetHints":{"allow":["GET"]}}],"collection":[{"href":"https:\/\/www.3p-gmbh.de\/pl\/wp-json\/wp\/v2\/product"}],"about":[{"href":"https:\/\/www.3p-gmbh.de\/pl\/wp-json\/wp\/v2\/types\/product"}],"wp:featuredmedia":[{"embeddable":true,"href":"https:\/\/www.3p-gmbh.de\/pl\/wp-json\/wp\/v2\/media\/8629"}],"wp:attachment":[{"href":"https:\/\/www.3p-gmbh.de\/pl\/wp-json\/wp\/v2\/media?parent=7265"}],"wp:term":[{"taxonomy":"product_brand","embeddable":true,"href":"https:\/\/www.3p-gmbh.de\/pl\/wp-json\/wp\/v2\/product_brand?post=7265"},{"taxonomy":"product_cat","embeddable":true,"href":"https:\/\/www.3p-gmbh.de\/pl\/wp-json\/wp\/v2\/product_cat?post=7265"},{"taxonomy":"product_tag","embeddable":true,"href":"https:\/\/www.3p-gmbh.de\/pl\/wp-json\/wp\/v2\/product_tag?post=7265"}],"curies":[{"name":"wp","href":"https:\/\/api.w.org\/{rel}","templated":true}]}}