{"id":7233,"date":"2019-07-11T13:57:24","date_gmt":"2019-07-11T13:57:24","guid":{"rendered":"http:\/\/www.3p-gmbh.de\/produkt\/hotmelt-klebebinder\/"},"modified":"2019-11-08T09:41:50","modified_gmt":"2019-11-08T09:41:50","slug":"hotmelt-klebebinder","status":"publish","type":"product","link":"https:\/\/www.3p-gmbh.de\/pl\/produkt\/hotmelt-klebebinder\/","title":{"rendered":"Eurotecnica Eurobind 436 Hotmelt Klebebinder"},"content":{"rendered":"<ul>\n<li>Baujahr 1999, 240000 Bindungen<\/li>\n<li>Leistung 500 Expl.\/h<\/li>\n<li>R\u00fcckenl\u00e4nge: min. 120 bis max. 430 mm<\/li>\n<li>Blockst\u00e4rke: min. 2 bis max. 60 mm<\/li>\n<li>mit Schlitz- u. Fr\u00e4seinrichtung, abschaltbare Fr\u00e4ser, die Fr\u00e4stiefe ist von 0 bis 3 mm einstellbar<\/li>\n<\/ul>\n<p>Funktionen<\/p>\n<ul>\n<li>autom. \u00d6ffnen u. Schliessen der Zange<\/li>\n<li>R\u00fcttler f\u00fcr Spannstation<\/li>\n<li>Schlitz- u. Fr\u00e4seinrichtung mit Sp\u00e4neabsaugung<\/li>\n<li>zwei Leimauftragswalzen<\/li>\n<li>aktive Seitenbeleimung<\/li>\n<li>Absaugung f\u00fcr Leimd\u00e4mpfe<\/li>\n<li>Umschlagzuf\u00fchrung mit Saugerstange<\/li>\n<li>Umschlaganpressen und Umlegen elektrisch<\/li>\n<li>Zangenr\u00fccklauf<\/li>\n<li>elektr. Auslaufband<\/li>\n<li>Auflagenz\u00e4hler<\/li>\n<li>24-Stunden-Timer<\/li>\n<li>Kompressor<\/li>\n<\/ul>\n","protected":false},"excerpt":{"rendered":"<p>Baujahr 1999, 240000 Bindungen Leistung 500 Expl.\/h R\u00fcckenl\u00e4nge: min. 120 bis max. 430 mm Blockst\u00e4rke: min. 2 bis max. 60 mm mit Schlitz- u. Fr\u00e4seinrichtung, abschaltbare Fr\u00e4ser, die Fr\u00e4stiefe ist von 0 bis 3 mm einstellbar Funktionen autom. \u00d6ffnen u. Schliessen der Zange R\u00fcttler f\u00fcr Spannstation Schlitz- u. Fr\u00e4seinrichtung mit Sp\u00e4neabsaugung zwei Leimauftragswalzen aktive Seitenbeleimung [&hellip;]<\/p>\n","protected":false},"featured_media":2826,"template":"","meta":[],"product_brand":[],"product_cat":[1751],"product_tag":[],"class_list":{"0":"post-7233","1":"product","2":"type-product","3":"status-publish","4":"has-post-thumbnail","6":"product_cat-klebebinder","7":"pa_baujahr-158","8":"pa_hersteller-eurotecnica","9":"pa_typ-euro-bind-436-matic","11":"first","12":"instock","13":"sold-individually","14":"taxable","15":"shipping-taxable","16":"purchasable","17":"product-type-simple"},"jetpack_sharing_enabled":true,"_links":{"self":[{"href":"https:\/\/www.3p-gmbh.de\/pl\/wp-json\/wp\/v2\/product\/7233","targetHints":{"allow":["GET"]}}],"collection":[{"href":"https:\/\/www.3p-gmbh.de\/pl\/wp-json\/wp\/v2\/product"}],"about":[{"href":"https:\/\/www.3p-gmbh.de\/pl\/wp-json\/wp\/v2\/types\/product"}],"wp:featuredmedia":[{"embeddable":true,"href":"https:\/\/www.3p-gmbh.de\/pl\/wp-json\/wp\/v2\/media\/2826"}],"wp:attachment":[{"href":"https:\/\/www.3p-gmbh.de\/pl\/wp-json\/wp\/v2\/media?parent=7233"}],"wp:term":[{"taxonomy":"product_brand","embeddable":true,"href":"https:\/\/www.3p-gmbh.de\/pl\/wp-json\/wp\/v2\/product_brand?post=7233"},{"taxonomy":"product_cat","embeddable":true,"href":"https:\/\/www.3p-gmbh.de\/pl\/wp-json\/wp\/v2\/product_cat?post=7233"},{"taxonomy":"product_tag","embeddable":true,"href":"https:\/\/www.3p-gmbh.de\/pl\/wp-json\/wp\/v2\/product_tag?post=7233"}],"curies":[{"name":"wp","href":"https:\/\/api.w.org\/{rel}","templated":true}]}}