{"id":7231,"date":"2019-07-11T13:57:24","date_gmt":"2019-07-11T13:57:24","guid":{"rendered":"http:\/\/www.3p-gmbh.de\/produkt\/heftkoepfe-2\/"},"modified":"2019-11-08T09:53:09","modified_gmt":"2019-11-08T09:53:09","slug":"heftkoepfe-2","status":"publish","type":"product","link":"https:\/\/www.3p-gmbh.de\/pl\/produkt\/heftkoepfe-2\/","title":{"rendered":"M\u00fcller Martini Heftk\u00f6pfe"},"content":{"rendered":"<ul>\n<li>4 M\u00fcller Martini Ring\u00f6senheftkopf (HKOe 0,8mm), Artikelnummer: 249.0050, in M\u00fcller Martini Sammelheftern (z. B. Bravo, Prima, Amrys&#8230;) einsetzbar<\/li>\n<li>2 Heftk\u00f6pfe HK 75 0,6mm, Artikelnummer 881.8070<\/li>\n<li>1 \u00d6senheftkopf HKOe 0,8mm, Artikelnummer 1550.0029<\/li>\n<li>2 Heftk\u00f6pfe HK 75 0,6mm<\/li>\n<li>2 Heftk\u00f6pfe HK 45<\/li>\n<li>2 Heftk\u00f6pfe HK 55 f\u00fcr Sammelhefter Bravo, Presto, Prima&#8230;<\/li>\n<\/ul>\n","protected":false},"excerpt":{"rendered":"<p>4 M\u00fcller Martini Ring\u00f6senheftkopf (HKOe 0,8mm), Artikelnummer: 249.0050, in M\u00fcller Martini Sammelheftern (z. B. Bravo, Prima, Amrys&#8230;) einsetzbar 2 Heftk\u00f6pfe HK 75 0,6mm, Artikelnummer 881.8070 1 \u00d6senheftkopf HKOe 0,8mm, Artikelnummer 1550.0029 2 Heftk\u00f6pfe HK 75 0,6mm 2 Heftk\u00f6pfe HK 45 2 Heftk\u00f6pfe HK 55 f\u00fcr Sammelhefter Bravo, Presto, Prima&#8230;<\/p>\n","protected":false},"featured_media":2812,"template":"","meta":[],"product_brand":[],"product_cat":[86],"product_tag":[],"class_list":{"0":"post-7231","1":"product","2":"type-product","3":"status-publish","4":"has-post-thumbnail","6":"product_cat-sammelhefter","7":"pa_baujahr-127","8":"pa_hersteller-mueller-martini","9":"pa_typ-hk-75-hkoe-hk-45-hk-55","11":"first","12":"instock","13":"sold-individually","14":"taxable","15":"shipping-taxable","16":"purchasable","17":"product-type-simple"},"jetpack_sharing_enabled":true,"_links":{"self":[{"href":"https:\/\/www.3p-gmbh.de\/pl\/wp-json\/wp\/v2\/product\/7231","targetHints":{"allow":["GET"]}}],"collection":[{"href":"https:\/\/www.3p-gmbh.de\/pl\/wp-json\/wp\/v2\/product"}],"about":[{"href":"https:\/\/www.3p-gmbh.de\/pl\/wp-json\/wp\/v2\/types\/product"}],"wp:featuredmedia":[{"embeddable":true,"href":"https:\/\/www.3p-gmbh.de\/pl\/wp-json\/wp\/v2\/media\/2812"}],"wp:attachment":[{"href":"https:\/\/www.3p-gmbh.de\/pl\/wp-json\/wp\/v2\/media?parent=7231"}],"wp:term":[{"taxonomy":"product_brand","embeddable":true,"href":"https:\/\/www.3p-gmbh.de\/pl\/wp-json\/wp\/v2\/product_brand?post=7231"},{"taxonomy":"product_cat","embeddable":true,"href":"https:\/\/www.3p-gmbh.de\/pl\/wp-json\/wp\/v2\/product_cat?post=7231"},{"taxonomy":"product_tag","embeddable":true,"href":"https:\/\/www.3p-gmbh.de\/pl\/wp-json\/wp\/v2\/product_tag?post=7231"}],"curies":[{"name":"wp","href":"https:\/\/api.w.org\/{rel}","templated":true}]}}