{"id":7213,"date":"2019-07-11T13:57:16","date_gmt":"2019-07-11T13:57:16","guid":{"rendered":"http:\/\/www.3p-gmbh.de\/produkt\/vierzangen-heissleim-klebebinder\/"},"modified":"2019-11-08T10:02:02","modified_gmt":"2019-11-08T10:02:02","slug":"vierzangen-heissleim-klebebinder","status":"publish","type":"product","link":"https:\/\/www.3p-gmbh.de\/pl\/produkt\/vierzangen-heissleim-klebebinder\/","title":{"rendered":"Horizon BQ 470 Vierzangen-Heissleim-Klebebinder"},"content":{"rendered":"<ul>\n<li>Leimart EVA (Hotmelt) mit 20 kg Fassschmelze<\/li>\n<li>Touch &amp; Work mit Auftragsspeicher 100 Speicherpl\u00e4tze<\/li>\n<li>Seitenbeleimung<\/li>\n<li>4-Fach Rillung<\/li>\n<li>Dunstabsaugung inkl. Sp\u00e4neabsaugung<\/li>\n<li>Buchblockbreite: min. 105 mm, max. 320 mm<\/li>\n<li>Buchblockh\u00f6he: min. 145 mm, max. 320 mm<\/li>\n<li>R\u00fcckenstaerke: 2-50 mm<\/li>\n<li>Umschlagsformat: min. 225 x 135 mm, max. 660 x 320 mm<\/li>\n<li>Umschlagst\u00e4rke: 80-350 g\/m\u00b2<\/li>\n<li>Leistung: max. 1000 Takte\/ h<\/li>\n<\/ul>\n","protected":false},"excerpt":{"rendered":"<p>Leimart EVA (Hotmelt) mit 20 kg Fassschmelze Touch &amp; Work mit Auftragsspeicher 100 Speicherpl\u00e4tze Seitenbeleimung 4-Fach Rillung Dunstabsaugung inkl. Sp\u00e4neabsaugung Buchblockbreite: min. 105 mm, max. 320 mm Buchblockh\u00f6he: min. 145 mm, max. 320 mm R\u00fcckenstaerke: 2-50 mm Umschlagsformat: min. 225 x 135 mm, max. 660 x 320 mm Umschlagst\u00e4rke: 80-350 g\/m\u00b2 Leistung: max. 1000 Takte\/ [&hellip;]<\/p>\n","protected":false},"featured_media":8777,"template":"","meta":[],"product_brand":[],"product_cat":[1751],"product_tag":[],"class_list":{"0":"post-7213","1":"product","2":"type-product","3":"status-publish","4":"has-post-thumbnail","6":"product_cat-klebebinder","7":"pa_baujahr-143","8":"pa_hersteller-horizon","9":"pa_typ-bq-470-eva","11":"first","12":"instock","13":"sold-individually","14":"taxable","15":"shipping-taxable","16":"purchasable","17":"product-type-simple"},"jetpack_sharing_enabled":true,"_links":{"self":[{"href":"https:\/\/www.3p-gmbh.de\/pl\/wp-json\/wp\/v2\/product\/7213","targetHints":{"allow":["GET"]}}],"collection":[{"href":"https:\/\/www.3p-gmbh.de\/pl\/wp-json\/wp\/v2\/product"}],"about":[{"href":"https:\/\/www.3p-gmbh.de\/pl\/wp-json\/wp\/v2\/types\/product"}],"wp:featuredmedia":[{"embeddable":true,"href":"https:\/\/www.3p-gmbh.de\/pl\/wp-json\/wp\/v2\/media\/8777"}],"wp:attachment":[{"href":"https:\/\/www.3p-gmbh.de\/pl\/wp-json\/wp\/v2\/media?parent=7213"}],"wp:term":[{"taxonomy":"product_brand","embeddable":true,"href":"https:\/\/www.3p-gmbh.de\/pl\/wp-json\/wp\/v2\/product_brand?post=7213"},{"taxonomy":"product_cat","embeddable":true,"href":"https:\/\/www.3p-gmbh.de\/pl\/wp-json\/wp\/v2\/product_cat?post=7213"},{"taxonomy":"product_tag","embeddable":true,"href":"https:\/\/www.3p-gmbh.de\/pl\/wp-json\/wp\/v2\/product_tag?post=7213"}],"curies":[{"name":"wp","href":"https:\/\/api.w.org\/{rel}","templated":true}]}}