{"id":7159,"date":"2019-07-11T13:56:45","date_gmt":"2019-07-11T13:56:45","guid":{"rendered":"http:\/\/www.3p-gmbh.de\/produkt\/vierbruchfalzwerk\/"},"modified":"2023-01-31T23:46:55","modified_gmt":"2023-01-31T23:46:55","slug":"vierbruchfalzwerk","status":"publish","type":"product","link":"https:\/\/www.3p-gmbh.de\/pl\/produkt\/vierbruchfalzwerk\/","title":{"rendered":"Heidelberg Stahl VFZ-52 H Vierbruchfalzwerk"},"content":{"rendered":"<ul>\n<li>Max. Format: 52 x 36 cm<\/li>\n<li>Min. Format: 12 x 10 cm<\/li>\n<li>Geschwindigkeit: 160 m\/min<\/li>\n<li>Mobile, h\u00f6henverstellbare Schwertfalzeinheit zur Erg\u00e4nzung von Taschen- und Kombifalzmaschinen<\/li>\n<li>Geringe Investition f\u00fcr Zuwachs an Vielseitigkeit in den Falzarten<\/li>\n<li>Als dritte Falzstation f\u00fcr bedienerfreundliche U-Form<\/li>\n<li>Durch Schwenken des Schwertfalzwerkes um 180 Grad wird der internationale Vierbruch gefalzt<\/li>\n<li>zum Anschluss an Maschinen mit MCT Steuerung mit rundem Stecker<\/li>\n<li>Anschluss hinter einem Stahl Sammelhefter ist \u00fcber eine optional verfuegbare Koppelbox m\u00f6glich<\/li>\n<\/ul>\n","protected":false},"excerpt":{"rendered":"<p>Max. Format: 52 x 36 cm Min. Format: 12 x 10 cm Geschwindigkeit: 160 m\/min Mobile, h\u00f6henverstellbare Schwertfalzeinheit zur Erg\u00e4nzung von Taschen- und Kombifalzmaschinen Geringe Investition f\u00fcr Zuwachs an Vielseitigkeit in den Falzarten Als dritte Falzstation f\u00fcr bedienerfreundliche U-Form Durch Schwenken des Schwertfalzwerkes um 180 Grad wird der internationale Vierbruch gefalzt zum Anschluss an Maschinen [&hellip;]<\/p>\n","protected":false},"featured_media":47659,"template":"","meta":[],"product_brand":[],"product_cat":[1842],"product_tag":[],"class_list":{"0":"post-7159","1":"product","2":"type-product","3":"status-publish","4":"has-post-thumbnail","6":"product_cat-falzwerke","7":"pa_baujahr-127","8":"pa_hersteller-heidelberg-stahl","9":"pa_typ-stahlfolder-vfz-52-h","11":"first","12":"instock","13":"sold-individually","14":"taxable","15":"shipping-taxable","16":"purchasable","17":"product-type-simple"},"jetpack_sharing_enabled":true,"_links":{"self":[{"href":"https:\/\/www.3p-gmbh.de\/pl\/wp-json\/wp\/v2\/product\/7159","targetHints":{"allow":["GET"]}}],"collection":[{"href":"https:\/\/www.3p-gmbh.de\/pl\/wp-json\/wp\/v2\/product"}],"about":[{"href":"https:\/\/www.3p-gmbh.de\/pl\/wp-json\/wp\/v2\/types\/product"}],"wp:featuredmedia":[{"embeddable":true,"href":"https:\/\/www.3p-gmbh.de\/pl\/wp-json\/wp\/v2\/media\/47659"}],"wp:attachment":[{"href":"https:\/\/www.3p-gmbh.de\/pl\/wp-json\/wp\/v2\/media?parent=7159"}],"wp:term":[{"taxonomy":"product_brand","embeddable":true,"href":"https:\/\/www.3p-gmbh.de\/pl\/wp-json\/wp\/v2\/product_brand?post=7159"},{"taxonomy":"product_cat","embeddable":true,"href":"https:\/\/www.3p-gmbh.de\/pl\/wp-json\/wp\/v2\/product_cat?post=7159"},{"taxonomy":"product_tag","embeddable":true,"href":"https:\/\/www.3p-gmbh.de\/pl\/wp-json\/wp\/v2\/product_tag?post=7159"}],"curies":[{"name":"wp","href":"https:\/\/api.w.org\/{rel}","templated":true}]}}