{"id":7117,"date":"2019-07-11T13:56:09","date_gmt":"2019-07-11T13:56:09","guid":{"rendered":"http:\/\/www.3p-gmbh.de\/produkt\/mobiles-zweites-taschenfalzwerk\/"},"modified":"2019-11-21T12:40:57","modified_gmt":"2019-11-21T12:40:57","slug":"mobiles-zweites-taschenfalzwerk","status":"publish","type":"product","link":"https:\/\/www.3p-gmbh.de\/pl\/produkt\/mobiles-zweites-taschenfalzwerk\/","title":{"rendered":"MBO T 530-4 mobiles zweites Taschenfalzwerk"},"content":{"rendered":"<ul>\n<li>4 Kombifalztaschen mit 53 cm Einlaufbreite<\/li>\n<li>mit L\u00e4rmschutz und nachgelagerter Messerwelle<\/li>\n<li>Linealanschlag als FW 2<\/li>\n<li>k\u00fcrzbare Sondereinlaufh\u00f6he f\u00fcr Abrollungen und Querschneider<\/li>\n<\/ul>\n","protected":false},"excerpt":{"rendered":"<p>4 Kombifalztaschen mit 53 cm Einlaufbreite mit L\u00e4rmschutz und nachgelagerter Messerwelle Linealanschlag als FW 2 k\u00fcrzbare Sondereinlaufh\u00f6he f\u00fcr Abrollungen und Querschneider<\/p>\n","protected":false},"featured_media":2362,"template":"","meta":[],"product_brand":[],"product_cat":[1842],"product_tag":[],"class_list":{"0":"post-7117","1":"product","2":"type-product","3":"status-publish","4":"has-post-thumbnail","6":"product_cat-falzwerke","7":"pa_baujahr-127","8":"pa_hersteller-mbo","9":"pa_typ-t-530-4","11":"first","12":"instock","13":"sold-individually","14":"taxable","15":"shipping-taxable","16":"purchasable","17":"product-type-simple"},"jetpack_sharing_enabled":true,"_links":{"self":[{"href":"https:\/\/www.3p-gmbh.de\/pl\/wp-json\/wp\/v2\/product\/7117","targetHints":{"allow":["GET"]}}],"collection":[{"href":"https:\/\/www.3p-gmbh.de\/pl\/wp-json\/wp\/v2\/product"}],"about":[{"href":"https:\/\/www.3p-gmbh.de\/pl\/wp-json\/wp\/v2\/types\/product"}],"wp:featuredmedia":[{"embeddable":true,"href":"https:\/\/www.3p-gmbh.de\/pl\/wp-json\/wp\/v2\/media\/2362"}],"wp:attachment":[{"href":"https:\/\/www.3p-gmbh.de\/pl\/wp-json\/wp\/v2\/media?parent=7117"}],"wp:term":[{"taxonomy":"product_brand","embeddable":true,"href":"https:\/\/www.3p-gmbh.de\/pl\/wp-json\/wp\/v2\/product_brand?post=7117"},{"taxonomy":"product_cat","embeddable":true,"href":"https:\/\/www.3p-gmbh.de\/pl\/wp-json\/wp\/v2\/product_cat?post=7117"},{"taxonomy":"product_tag","embeddable":true,"href":"https:\/\/www.3p-gmbh.de\/pl\/wp-json\/wp\/v2\/product_tag?post=7117"}],"curies":[{"name":"wp","href":"https:\/\/api.w.org\/{rel}","templated":true}]}}