{"id":7090,"date":"2019-07-11T13:55:58","date_gmt":"2019-07-11T13:55:58","guid":{"rendered":"http:\/\/www.3p-gmbh.de\/produkt\/heisspressvorrichtung\/"},"modified":"2019-11-21T13:51:25","modified_gmt":"2019-11-21T13:51:25","slug":"heisspressvorrichtung","status":"publish","type":"product","link":"https:\/\/www.3p-gmbh.de\/pl\/produkt\/heisspressvorrichtung\/","title":{"rendered":"Habasit P 100 Heisspressvorrichtung"},"content":{"rendered":"<ul>\n<li>Heisspressvorrichtung f\u00fcr die Flexproof-Endverbindung von Habasit-B\u00e4ndern und -riemen bis zu einer Breite von 100 mm und einer Dicke von 2.5 mm<\/li>\n<li>Die untere Pressplatte ist beheizt und verf\u00fcgt \u00fcber eine eingebaute Schmelzsicherung und einen Temperaturregler<\/li>\n<li>Der Kniehebelmechanismus erm\u00f6glicht eine einfache Anpassung an unterschiedliche Banddicken<\/li>\n<li>Geeignet f\u00fcr den Werkstattgebrauch als auch f\u00fcr die Vor-Ort-Reparatur<\/li>\n<li>mit Vorbereitungsvorrichtung zum Aussch\u00e4rfen<\/li>\n<\/ul>\n","protected":false},"excerpt":{"rendered":"<p>Heisspressvorrichtung f\u00fcr die Flexproof-Endverbindung von Habasit-B\u00e4ndern und -riemen bis zu einer Breite von 100 mm und einer Dicke von 2.5 mm Die untere Pressplatte ist beheizt und verf\u00fcgt \u00fcber eine eingebaute Schmelzsicherung und einen Temperaturregler Der Kniehebelmechanismus erm\u00f6glicht eine einfache Anpassung an unterschiedliche Banddicken Geeignet f\u00fcr den Werkstattgebrauch als auch f\u00fcr die Vor-Ort-Reparatur mit Vorbereitungsvorrichtung [&hellip;]<\/p>\n","protected":false},"featured_media":2243,"template":"","meta":[],"product_brand":[],"product_cat":[1845],"product_tag":[],"class_list":{"0":"post-7090","1":"product","2":"type-product","3":"status-publish","4":"has-post-thumbnail","6":"product_cat-falzmaschinenzubehoer","7":"pa_baujahr-158","8":"pa_hersteller-habasit","9":"pa_typ-p-100-und-ausschaerfwerkzeug","11":"first","12":"instock","13":"sold-individually","14":"taxable","15":"shipping-taxable","16":"purchasable","17":"product-type-simple"},"jetpack_sharing_enabled":true,"_links":{"self":[{"href":"https:\/\/www.3p-gmbh.de\/pl\/wp-json\/wp\/v2\/product\/7090","targetHints":{"allow":["GET"]}}],"collection":[{"href":"https:\/\/www.3p-gmbh.de\/pl\/wp-json\/wp\/v2\/product"}],"about":[{"href":"https:\/\/www.3p-gmbh.de\/pl\/wp-json\/wp\/v2\/types\/product"}],"wp:featuredmedia":[{"embeddable":true,"href":"https:\/\/www.3p-gmbh.de\/pl\/wp-json\/wp\/v2\/media\/2243"}],"wp:attachment":[{"href":"https:\/\/www.3p-gmbh.de\/pl\/wp-json\/wp\/v2\/media?parent=7090"}],"wp:term":[{"taxonomy":"product_brand","embeddable":true,"href":"https:\/\/www.3p-gmbh.de\/pl\/wp-json\/wp\/v2\/product_brand?post=7090"},{"taxonomy":"product_cat","embeddable":true,"href":"https:\/\/www.3p-gmbh.de\/pl\/wp-json\/wp\/v2\/product_cat?post=7090"},{"taxonomy":"product_tag","embeddable":true,"href":"https:\/\/www.3p-gmbh.de\/pl\/wp-json\/wp\/v2\/product_tag?post=7090"}],"curies":[{"name":"wp","href":"https:\/\/api.w.org\/{rel}","templated":true}]}}