{"id":7065,"date":"2019-07-11T13:55:48","date_gmt":"2019-07-11T13:55:48","guid":{"rendered":"http:\/\/www.3p-gmbh.de\/produkt\/altarfalz\/"},"modified":"2019-11-21T13:54:58","modified_gmt":"2019-11-21T13:54:58","slug":"altarfalz","status":"publish","type":"product","link":"https:\/\/www.3p-gmbh.de\/pl\/produkt\/altarfalz\/","title":{"rendered":"Heidelberg \/ Stahl FFP 94 Fensterfalztasche"},"content":{"rendered":"<ul>\n<li>Pneumatische Fensterfalztasche 94 cm<\/li>\n<li>mit Acc 2.x Steuerger\u00e4t und Omron Sensor passend zu Stahlfalzmaschinen<\/li>\n<li>Digitale Steuerung mit ACC 2.4 zur exakten Bestimmung der Schaltzeitpunkte<\/li>\n<li>Einfache Bedienung, kurze Einstellzeit<\/li>\n<li>Bis zu 15.000 Takte pro Stunde im Dauerbetrieb m\u00f6glich<\/li>\n<li>Minimale Klappenabst\u00e4nde von 0,5-1 Millimeter je nach Papierst\u00e4rke<\/li>\n<li>Besonders flache Bauart, Einsatz in jeder Taschenposition<\/li>\n<\/ul>\n","protected":false},"excerpt":{"rendered":"<p>Pneumatische Fensterfalztasche 94 cm mit Acc 2.x Steuerger\u00e4t und Omron Sensor passend zu Stahlfalzmaschinen Digitale Steuerung mit ACC 2.4 zur exakten Bestimmung der Schaltzeitpunkte Einfache Bedienung, kurze Einstellzeit Bis zu 15.000 Takte pro Stunde im Dauerbetrieb m\u00f6glich Minimale Klappenabst\u00e4nde von 0,5-1 Millimeter je nach Papierst\u00e4rke Besonders flache Bauart, Einsatz in jeder Taschenposition<\/p>\n","protected":false},"featured_media":2169,"template":"","meta":[],"product_brand":[],"product_cat":[1845],"product_tag":[],"class_list":{"0":"post-7065","1":"product","2":"type-product","3":"status-publish","4":"has-post-thumbnail","6":"product_cat-falzmaschinenzubehoer","7":"pa_baujahr-153","8":"pa_hersteller-heidelberg-stahl","9":"pa_typ-pneumatische-fensterfalztasche-ffp-94","11":"first","12":"instock","13":"sold-individually","14":"taxable","15":"shipping-taxable","16":"purchasable","17":"product-type-simple"},"jetpack_sharing_enabled":true,"_links":{"self":[{"href":"https:\/\/www.3p-gmbh.de\/pl\/wp-json\/wp\/v2\/product\/7065","targetHints":{"allow":["GET"]}}],"collection":[{"href":"https:\/\/www.3p-gmbh.de\/pl\/wp-json\/wp\/v2\/product"}],"about":[{"href":"https:\/\/www.3p-gmbh.de\/pl\/wp-json\/wp\/v2\/types\/product"}],"wp:featuredmedia":[{"embeddable":true,"href":"https:\/\/www.3p-gmbh.de\/pl\/wp-json\/wp\/v2\/media\/2169"}],"wp:attachment":[{"href":"https:\/\/www.3p-gmbh.de\/pl\/wp-json\/wp\/v2\/media?parent=7065"}],"wp:term":[{"taxonomy":"product_brand","embeddable":true,"href":"https:\/\/www.3p-gmbh.de\/pl\/wp-json\/wp\/v2\/product_brand?post=7065"},{"taxonomy":"product_cat","embeddable":true,"href":"https:\/\/www.3p-gmbh.de\/pl\/wp-json\/wp\/v2\/product_cat?post=7065"},{"taxonomy":"product_tag","embeddable":true,"href":"https:\/\/www.3p-gmbh.de\/pl\/wp-json\/wp\/v2\/product_tag?post=7065"}],"curies":[{"name":"wp","href":"https:\/\/api.w.org\/{rel}","templated":true}]}}