{"id":7062,"date":"2019-07-11T13:55:48","date_gmt":"2019-07-11T13:55:48","guid":{"rendered":"http:\/\/www.3p-gmbh.de\/produkt\/taschenfalzmaschine-9\/"},"modified":"2019-08-15T10:30:50","modified_gmt":"2019-08-15T10:30:50","slug":"taschenfalzmaschine-9","status":"publish","type":"product","link":"https:\/\/www.3p-gmbh.de\/pl\/produkt\/taschenfalzmaschine-9\/","title":{"rendered":"MBO T 530-6-R mit AS-540 Taschenfalzmaschine"},"content":{"rendered":"<ul>\n<li>ideal f\u00fcr Doppelnutzenproduktion<\/li>\n<li>Baujahr 2004<\/li>\n<li>Format max. 53 x 84 cm<\/li>\n<li>Format min. 10,5 x 10,5 cm<\/li>\n<li>Leistung: 10 &#8211; 205 m\/min<\/li>\n<li>Rundstapelanleger mit MC-Steuerung und Vorwahlz\u00e4hler<\/li>\n<li>FW 1 mit 6 Niro-Kombifalztaschen Einlaufbreite 53 cm, nachgelagerte Messerwelle \u00fcber Steckachsen, L\u00e4rmd\u00e4mmeinrichtung<\/li>\n<li>Fensterfalztasche WinPlate mit Steuerger\u00e4t<\/li>\n<li>Schuppenauslage MBO AS-540<\/li>\n<\/ul>\n","protected":false},"excerpt":{"rendered":"<p>ideal f\u00fcr Doppelnutzenproduktion Baujahr 2004 Format max. 53 x 84 cm Format min. 10,5 x 10,5 cm Leistung: 10 &#8211; 205 m\/min Rundstapelanleger mit MC-Steuerung und Vorwahlz\u00e4hler FW 1 mit 6 Niro-Kombifalztaschen Einlaufbreite 53 cm, nachgelagerte Messerwelle \u00fcber Steckachsen, L\u00e4rmd\u00e4mmeinrichtung Fensterfalztasche WinPlate mit Steuerger\u00e4t Schuppenauslage MBO AS-540<\/p>\n","protected":false},"featured_media":9121,"template":"","meta":[],"product_brand":[],"product_cat":[83],"product_tag":[],"class_list":{"0":"post-7062","1":"product","2":"type-product","3":"status-publish","4":"has-post-thumbnail","6":"product_cat-falzmaschinen","7":"pa_baujahr-198","8":"pa_hersteller-mbo-oppenweiler","9":"pa_typ-t-530-6-r-mit-as-540-oder-sbap-46me","11":"first","12":"instock","13":"sold-individually","14":"taxable","15":"shipping-taxable","16":"purchasable","17":"product-type-simple"},"jetpack_sharing_enabled":true,"_links":{"self":[{"href":"https:\/\/www.3p-gmbh.de\/pl\/wp-json\/wp\/v2\/product\/7062","targetHints":{"allow":["GET"]}}],"collection":[{"href":"https:\/\/www.3p-gmbh.de\/pl\/wp-json\/wp\/v2\/product"}],"about":[{"href":"https:\/\/www.3p-gmbh.de\/pl\/wp-json\/wp\/v2\/types\/product"}],"wp:featuredmedia":[{"embeddable":true,"href":"https:\/\/www.3p-gmbh.de\/pl\/wp-json\/wp\/v2\/media\/9121"}],"wp:attachment":[{"href":"https:\/\/www.3p-gmbh.de\/pl\/wp-json\/wp\/v2\/media?parent=7062"}],"wp:term":[{"taxonomy":"product_brand","embeddable":true,"href":"https:\/\/www.3p-gmbh.de\/pl\/wp-json\/wp\/v2\/product_brand?post=7062"},{"taxonomy":"product_cat","embeddable":true,"href":"https:\/\/www.3p-gmbh.de\/pl\/wp-json\/wp\/v2\/product_cat?post=7062"},{"taxonomy":"product_tag","embeddable":true,"href":"https:\/\/www.3p-gmbh.de\/pl\/wp-json\/wp\/v2\/product_tag?post=7062"}],"curies":[{"name":"wp","href":"https:\/\/api.w.org\/{rel}","templated":true}]}}