{"id":7035,"date":"2019-07-11T13:55:29","date_gmt":"2019-07-11T13:55:29","guid":{"rendered":"http:\/\/www.3p-gmbh.de\/produkt\/heissleimauftragssystem\/"},"modified":"2019-11-21T14:20:28","modified_gmt":"2019-11-21T14:20:28","slug":"heissleimauftragssystem","status":"publish","type":"product","link":"https:\/\/www.3p-gmbh.de\/pl\/produkt\/heissleimauftragssystem\/","title":{"rendered":"Baumer HHS C-1100-4 Heissleimauftragssystem"},"content":{"rendered":"<ul>\n<li>2 Steuerger\u00e4te f\u00fcr die Beleimung oder Taktperforation Baumer HHS C-1100-4 mit 4 Kan\u00e4len<\/li>\n<li>Heissleimtank Baumer HHS ProMelt HMP-04<\/li>\n<li>8 Kg<\/li>\n<li>4 Schlauchanschl\u00fcsse<\/li>\n<li>Transportwagen<\/li>\n<\/ul>\n","protected":false},"excerpt":{"rendered":"<p>2 Steuerger\u00e4te f\u00fcr die Beleimung oder Taktperforation Baumer HHS C-1100-4 mit 4 Kan\u00e4len Heissleimtank Baumer HHS ProMelt HMP-04 8 Kg 4 Schlauchanschl\u00fcsse Transportwagen<\/p>\n","protected":false},"featured_media":2050,"template":"","meta":[],"product_brand":[],"product_cat":[1845],"product_tag":[],"class_list":{"0":"post-7035","1":"product","2":"type-product","3":"status-publish","4":"has-post-thumbnail","6":"product_cat-falzmaschinenzubehoer","7":"pa_baujahr-168","8":"pa_hersteller-baumer-hhs","9":"pa_typ-hhs-c-1100-4-mit-promelt-hmp-04","11":"first","12":"instock","13":"sold-individually","14":"taxable","15":"shipping-taxable","16":"purchasable","17":"product-type-simple"},"jetpack_sharing_enabled":true,"_links":{"self":[{"href":"https:\/\/www.3p-gmbh.de\/pl\/wp-json\/wp\/v2\/product\/7035","targetHints":{"allow":["GET"]}}],"collection":[{"href":"https:\/\/www.3p-gmbh.de\/pl\/wp-json\/wp\/v2\/product"}],"about":[{"href":"https:\/\/www.3p-gmbh.de\/pl\/wp-json\/wp\/v2\/types\/product"}],"wp:featuredmedia":[{"embeddable":true,"href":"https:\/\/www.3p-gmbh.de\/pl\/wp-json\/wp\/v2\/media\/2050"}],"wp:attachment":[{"href":"https:\/\/www.3p-gmbh.de\/pl\/wp-json\/wp\/v2\/media?parent=7035"}],"wp:term":[{"taxonomy":"product_brand","embeddable":true,"href":"https:\/\/www.3p-gmbh.de\/pl\/wp-json\/wp\/v2\/product_brand?post=7035"},{"taxonomy":"product_cat","embeddable":true,"href":"https:\/\/www.3p-gmbh.de\/pl\/wp-json\/wp\/v2\/product_cat?post=7035"},{"taxonomy":"product_tag","embeddable":true,"href":"https:\/\/www.3p-gmbh.de\/pl\/wp-json\/wp\/v2\/product_tag?post=7035"}],"curies":[{"name":"wp","href":"https:\/\/api.w.org\/{rel}","templated":true}]}}