{"id":7014,"date":"2019-07-11T13:55:23","date_gmt":"2019-07-11T13:55:23","guid":{"rendered":"http:\/\/www.3p-gmbh.de\/produkt\/hochleistungs-paketauslage\/"},"modified":"2019-11-14T09:32:46","modified_gmt":"2019-11-14T09:32:46","slug":"hochleistungs-paketauslage","status":"publish","type":"product","link":"https:\/\/www.3p-gmbh.de\/pl\/produkt\/hochleistungs-paketauslage\/","title":{"rendered":"Heidelberg \/ Stahl Twinstacker TSH 50 Hochleistungs-Paketauslage"},"content":{"rendered":"<ul>\n<li>mit seitlichem P\u00e4ckchenausschub SPA Twin<\/li>\n<li>f\u00fcr markierungsfreies Auslegen<\/li>\n<li>max. Format 500x340mm<\/li>\n<li>min. Format 100x100mm<\/li>\n<li>Produktdicke max. 6mm<\/li>\n<li>Hohe Speicherkapazit\u00e4t<\/li>\n<li>Stapelh\u00f6he je Ebene max. 10cm<\/li>\n<li>optimal f\u00fcr Einmannbedienung an Falzmaschinen bei hoher Maschinengeschwindigkeit bis 18.000 Takte<\/li>\n<li>Bedienerfreundliche, ergonomische Abnahme<\/li>\n<\/ul>\n","protected":false},"excerpt":{"rendered":"<p>mit seitlichem P\u00e4ckchenausschub SPA Twin f\u00fcr markierungsfreies Auslegen max. Format 500x340mm min. Format 100x100mm Produktdicke max. 6mm Hohe Speicherkapazit\u00e4t Stapelh\u00f6he je Ebene max. 10cm optimal f\u00fcr Einmannbedienung an Falzmaschinen bei hoher Maschinengeschwindigkeit bis 18.000 Takte Bedienerfreundliche, ergonomische Abnahme<\/p>\n","protected":false},"featured_media":1975,"template":"","meta":[],"product_brand":[],"product_cat":[1745],"product_tag":[],"class_list":{"0":"post-7014","1":"product","2":"type-product","3":"status-publish","4":"has-post-thumbnail","6":"product_cat-auslagen","7":"pa_baujahr-140","8":"pa_hersteller-heidelberg-stahl","9":"pa_typ-twinstacker-tsh-50-mit-spa","11":"first","12":"instock","13":"sold-individually","14":"taxable","15":"shipping-taxable","16":"purchasable","17":"product-type-simple"},"jetpack_sharing_enabled":true,"_links":{"self":[{"href":"https:\/\/www.3p-gmbh.de\/pl\/wp-json\/wp\/v2\/product\/7014","targetHints":{"allow":["GET"]}}],"collection":[{"href":"https:\/\/www.3p-gmbh.de\/pl\/wp-json\/wp\/v2\/product"}],"about":[{"href":"https:\/\/www.3p-gmbh.de\/pl\/wp-json\/wp\/v2\/types\/product"}],"wp:featuredmedia":[{"embeddable":true,"href":"https:\/\/www.3p-gmbh.de\/pl\/wp-json\/wp\/v2\/media\/1975"}],"wp:attachment":[{"href":"https:\/\/www.3p-gmbh.de\/pl\/wp-json\/wp\/v2\/media?parent=7014"}],"wp:term":[{"taxonomy":"product_brand","embeddable":true,"href":"https:\/\/www.3p-gmbh.de\/pl\/wp-json\/wp\/v2\/product_brand?post=7014"},{"taxonomy":"product_cat","embeddable":true,"href":"https:\/\/www.3p-gmbh.de\/pl\/wp-json\/wp\/v2\/product_cat?post=7014"},{"taxonomy":"product_tag","embeddable":true,"href":"https:\/\/www.3p-gmbh.de\/pl\/wp-json\/wp\/v2\/product_tag?post=7014"}],"curies":[{"name":"wp","href":"https:\/\/api.w.org\/{rel}","templated":true}]}}