{"id":7009,"date":"2019-07-11T13:55:23","date_gmt":"2019-07-11T13:55:23","guid":{"rendered":"http:\/\/www.3p-gmbh.de\/produkt\/kleinformat-taschenfalzmaschine\/"},"modified":"2019-08-16T12:31:44","modified_gmt":"2019-08-16T12:31:44","slug":"kleinformat-taschenfalzmaschine","status":"publish","type":"product","link":"https:\/\/www.3p-gmbh.de\/pl\/produkt\/kleinformat-taschenfalzmaschine\/","title":{"rendered":"Heidelberg \/ Stahl T 36-6-4-KB-F SA Kleinformat-Taschenfalzmaschine"},"content":{"rendered":"<ul>\n<li>Baujahr 1991<\/li>\n<li>Format minimal 10 x 15 cm<\/li>\n<li>Format maximal 4 x 84 cm<\/li>\n<li>Flachstapelanleger mit EVZ Vorwahlz\u00e4hler<\/li>\n<li>FW 1 mit 6 Falztaschen 36cm mit L\u00e4rmschutz und nachgelagerter Messerwelle<\/li>\n<li>FW 1 mit 4 Falztaschen 36cm mit L\u00e4rmschutz und nachgelagerter Messerwelle<\/li>\n<li>einh\u00e4ngbarer Kreuzbruch mit einem Schwert<\/li>\n<li>einh\u00e4ngbare Schuppenauslage<\/li>\n<li>Druck-Vacuum Kompressor<\/li>\n<\/ul>\n","protected":false},"excerpt":{"rendered":"<p>Baujahr 1991 Format minimal 10 x 15 cm Format maximal 4 x 84 cm Flachstapelanleger mit EVZ Vorwahlz\u00e4hler FW 1 mit 6 Falztaschen 36cm mit L\u00e4rmschutz und nachgelagerter Messerwelle FW 1 mit 4 Falztaschen 36cm mit L\u00e4rmschutz und nachgelagerter Messerwelle einh\u00e4ngbarer Kreuzbruch mit einem Schwert einh\u00e4ngbare Schuppenauslage Druck-Vacuum Kompressor<\/p>\n","protected":false},"featured_media":22,"template":"","meta":[],"product_brand":[],"product_cat":[83],"product_tag":[],"class_list":{"0":"post-7009","1":"product","2":"type-product","3":"status-publish","4":"has-post-thumbnail","6":"product_cat-falzmaschinen","7":"pa_baujahr-404","8":"pa_hersteller-stahl-ludwigsburg","9":"pa_typ-stahl-t-36-6-4-kb-f-sa","11":"first","12":"instock","13":"sold-individually","14":"taxable","15":"shipping-taxable","16":"purchasable","17":"product-type-simple"},"jetpack_sharing_enabled":true,"_links":{"self":[{"href":"https:\/\/www.3p-gmbh.de\/pl\/wp-json\/wp\/v2\/product\/7009","targetHints":{"allow":["GET"]}}],"collection":[{"href":"https:\/\/www.3p-gmbh.de\/pl\/wp-json\/wp\/v2\/product"}],"about":[{"href":"https:\/\/www.3p-gmbh.de\/pl\/wp-json\/wp\/v2\/types\/product"}],"wp:featuredmedia":[{"embeddable":true,"href":"https:\/\/www.3p-gmbh.de\/pl\/wp-json\/wp\/v2\/media\/22"}],"wp:attachment":[{"href":"https:\/\/www.3p-gmbh.de\/pl\/wp-json\/wp\/v2\/media?parent=7009"}],"wp:term":[{"taxonomy":"product_brand","embeddable":true,"href":"https:\/\/www.3p-gmbh.de\/pl\/wp-json\/wp\/v2\/product_brand?post=7009"},{"taxonomy":"product_cat","embeddable":true,"href":"https:\/\/www.3p-gmbh.de\/pl\/wp-json\/wp\/v2\/product_cat?post=7009"},{"taxonomy":"product_tag","embeddable":true,"href":"https:\/\/www.3p-gmbh.de\/pl\/wp-json\/wp\/v2\/product_tag?post=7009"}],"curies":[{"name":"wp","href":"https:\/\/api.w.org\/{rel}","templated":true}]}}