{"id":6993,"date":"2019-07-11T13:55:08","date_gmt":"2019-07-11T13:55:08","guid":{"rendered":"http:\/\/www.3p-gmbh.de\/produkt\/daumen-registerstanzmaschine\/"},"modified":"2019-08-16T13:47:17","modified_gmt":"2019-08-16T13:47:17","slug":"daumen-registerstanzmaschine","status":"publish","type":"product","link":"https:\/\/www.3p-gmbh.de\/pl\/produkt\/daumen-registerstanzmaschine\/","title":{"rendered":"Hunkeler RE 320 Daumen-Registerstanzmaschine"},"content":{"rendered":"<ul>\n<li>Registerstanzmaschine mit Zweifarben-Druckwerk<\/li>\n<li>Schnittl\u00e4nge 320 mm<\/li>\n<li>Schnittiefe 80 mm<\/li>\n<li>Schnittdicke max. 10 mm<\/li>\n<li>Einspanndicke max. 50 mm<\/li>\n<li>Buchr\u00fcckenl\u00e4nge max. 400 mm<\/li>\n<li>max. Geschwindigkeit 70 H\u00fcbe \/ min<\/li>\n<li>Werkzeug 90 Grad \/ 1,5mm Radius<\/li>\n<\/ul>\n","protected":false},"excerpt":{"rendered":"<p>Registerstanzmaschine mit Zweifarben-Druckwerk Schnittl\u00e4nge 320 mm Schnittiefe 80 mm Schnittdicke max. 10 mm Einspanndicke max. 50 mm Buchr\u00fcckenl\u00e4nge max. 400 mm max. Geschwindigkeit 70 H\u00fcbe \/ min Werkzeug 90 Grad \/ 1,5mm Radius<\/p>\n","protected":false},"featured_media":1888,"template":"","meta":[],"product_brand":[],"product_cat":[788],"product_tag":[],"class_list":{"0":"post-6993","1":"product","2":"type-product","3":"status-publish","4":"has-post-thumbnail","6":"product_cat-schneidemaschinen","7":"pa_baujahr-829","8":"pa_hersteller-hunkeler","9":"pa_typ-re-320-var","11":"first","12":"instock","13":"sold-individually","14":"taxable","15":"shipping-taxable","16":"purchasable","17":"product-type-simple"},"jetpack_sharing_enabled":true,"_links":{"self":[{"href":"https:\/\/www.3p-gmbh.de\/pl\/wp-json\/wp\/v2\/product\/6993","targetHints":{"allow":["GET"]}}],"collection":[{"href":"https:\/\/www.3p-gmbh.de\/pl\/wp-json\/wp\/v2\/product"}],"about":[{"href":"https:\/\/www.3p-gmbh.de\/pl\/wp-json\/wp\/v2\/types\/product"}],"wp:featuredmedia":[{"embeddable":true,"href":"https:\/\/www.3p-gmbh.de\/pl\/wp-json\/wp\/v2\/media\/1888"}],"wp:attachment":[{"href":"https:\/\/www.3p-gmbh.de\/pl\/wp-json\/wp\/v2\/media?parent=6993"}],"wp:term":[{"taxonomy":"product_brand","embeddable":true,"href":"https:\/\/www.3p-gmbh.de\/pl\/wp-json\/wp\/v2\/product_brand?post=6993"},{"taxonomy":"product_cat","embeddable":true,"href":"https:\/\/www.3p-gmbh.de\/pl\/wp-json\/wp\/v2\/product_cat?post=6993"},{"taxonomy":"product_tag","embeddable":true,"href":"https:\/\/www.3p-gmbh.de\/pl\/wp-json\/wp\/v2\/product_tag?post=6993"}],"curies":[{"name":"wp","href":"https:\/\/api.w.org\/{rel}","templated":true}]}}