{"id":6983,"date":"2019-07-11T13:54:54","date_gmt":"2019-07-11T13:54:54","guid":{"rendered":"http:\/\/www.3p-gmbh.de\/produkt\/schneidemaschine-4\/"},"modified":"2019-08-22T10:25:28","modified_gmt":"2019-08-22T10:25:28","slug":"schneidemaschine-4","status":"publish","type":"product","link":"https:\/\/www.3p-gmbh.de\/pl\/produkt\/schneidemaschine-4\/","title":{"rendered":"Polar Mohr 66 Schneidemaschine"},"content":{"rendered":"<ul>\n<li>Schnittl\u00e4nge 67 cm<\/li>\n<li>Einsatzh\u00f6he 8 cm<\/li>\n<li>Einlegetiefe 67 cm<\/li>\n<li>Programmspeicher 99 Programme<\/li>\n<\/ul>\n<p>Alle Schneidlagen bis zur vollen Einsatzh\u00f6he von acht Zentimeter lassen sich bequem auf dem Vordertisch drehen und auf der geschlossenen, korrosionsbest\u00e4ndigen Tischfl\u00e4che zum jeweiligen Schnitt anlegen. Die Polar 66 l\u00e4sst sich dank ihrer einfachen Handhabung bereits nach k\u00fcrzester Zeit bedienen. Der optische Schnittandeuter zeigt exakt, wo der Schnitt erfolgen wird. Sie k\u00f6nnen nach Druckbild oder nach Schneidmarken anlegen. Die Fertigstellung erfolgt mit einem elektronischem Handrad. Der Schnitt ist nur mit Zweihand-Schnittausl\u00f6sung m\u00f6glich. Infrarot-Lichtgitter und Rundumverkleidung sch\u00fctzen die Bedienperson zus\u00e4tzlich. Schneiden Sie programmgesteuert, so entfallen alle manuellen Masseinstellungen.<\/p>\n","protected":false},"excerpt":{"rendered":"<p>Schnittl\u00e4nge 67 cm Einsatzh\u00f6he 8 cm Einlegetiefe 67 cm Programmspeicher 99 Programme Alle Schneidlagen bis zur vollen Einsatzh\u00f6he von acht Zentimeter lassen sich bequem auf dem Vordertisch drehen und auf der geschlossenen, korrosionsbest\u00e4ndigen Tischfl\u00e4che zum jeweiligen Schnitt anlegen. Die Polar 66 l\u00e4sst sich dank ihrer einfachen Handhabung bereits nach k\u00fcrzester Zeit bedienen. Der optische Schnittandeuter [&hellip;]<\/p>\n","protected":false},"featured_media":1848,"template":"","meta":[],"product_brand":[],"product_cat":[788],"product_tag":[],"class_list":{"0":"post-6983","1":"product","2":"type-product","3":"status-publish","4":"has-post-thumbnail","6":"product_cat-schneidemaschinen","7":"pa_baujahr-145","8":"pa_hersteller-polar-mohr-hofheim","9":"pa_typ-polar-66","11":"first","12":"instock","13":"sold-individually","14":"taxable","15":"shipping-taxable","16":"purchasable","17":"product-type-simple"},"jetpack_sharing_enabled":true,"_links":{"self":[{"href":"https:\/\/www.3p-gmbh.de\/pl\/wp-json\/wp\/v2\/product\/6983","targetHints":{"allow":["GET"]}}],"collection":[{"href":"https:\/\/www.3p-gmbh.de\/pl\/wp-json\/wp\/v2\/product"}],"about":[{"href":"https:\/\/www.3p-gmbh.de\/pl\/wp-json\/wp\/v2\/types\/product"}],"wp:featuredmedia":[{"embeddable":true,"href":"https:\/\/www.3p-gmbh.de\/pl\/wp-json\/wp\/v2\/media\/1848"}],"wp:attachment":[{"href":"https:\/\/www.3p-gmbh.de\/pl\/wp-json\/wp\/v2\/media?parent=6983"}],"wp:term":[{"taxonomy":"product_brand","embeddable":true,"href":"https:\/\/www.3p-gmbh.de\/pl\/wp-json\/wp\/v2\/product_brand?post=6983"},{"taxonomy":"product_cat","embeddable":true,"href":"https:\/\/www.3p-gmbh.de\/pl\/wp-json\/wp\/v2\/product_cat?post=6983"},{"taxonomy":"product_tag","embeddable":true,"href":"https:\/\/www.3p-gmbh.de\/pl\/wp-json\/wp\/v2\/product_tag?post=6983"}],"curies":[{"name":"wp","href":"https:\/\/api.w.org\/{rel}","templated":true}]}}