{"id":6976,"date":"2019-07-11T13:54:54","date_gmt":"2019-07-11T13:54:54","guid":{"rendered":"http:\/\/www.3p-gmbh.de\/produkt\/schnellschneider-6\/"},"modified":"2019-08-22T11:06:45","modified_gmt":"2019-08-22T11:06:45","slug":"schnellschneider-6","status":"publish","type":"product","link":"https:\/\/www.3p-gmbh.de\/pl\/produkt\/schnellschneider-6\/","title":{"rendered":"Polar Mohr 78 ED Schnellschneider"},"content":{"rendered":"<ul>\n<li>Polar ED Steuerung<\/li>\n<li>Schnittbreite 78 cm<\/li>\n<li>Lufttisch mit Seitentischen<\/li>\n<\/ul>\n<p>Option: Polar R\u00fcttelautomat RB 2<\/p>\n<ul>\n<li>Formatbereich (nutzbare Tischfl\u00e4che) 72 x 87 cm<\/li>\n<li>Tischh\u00f6he (stufenlos verstellbar) von 86 bis 95 cm<\/li>\n<\/ul>\n","protected":false},"excerpt":{"rendered":"<p>Polar ED Steuerung Schnittbreite 78 cm Lufttisch mit Seitentischen Option: Polar R\u00fcttelautomat RB 2 Formatbereich (nutzbare Tischfl\u00e4che) 72 x 87 cm Tischh\u00f6he (stufenlos verstellbar) von 86 bis 95 cm<\/p>\n","protected":false},"featured_media":1822,"template":"","meta":[],"product_brand":[],"product_cat":[788],"product_tag":[],"class_list":{"0":"post-6976","1":"product","2":"type-product","3":"status-publish","4":"has-post-thumbnail","6":"product_cat-schneidemaschinen","7":"pa_baujahr-182","8":"pa_hersteller-polar-mohr","9":"pa_typ-polar-78-ed","11":"first","12":"instock","13":"sold-individually","14":"taxable","15":"shipping-taxable","16":"purchasable","17":"product-type-simple"},"jetpack_sharing_enabled":true,"_links":{"self":[{"href":"https:\/\/www.3p-gmbh.de\/pl\/wp-json\/wp\/v2\/product\/6976","targetHints":{"allow":["GET"]}}],"collection":[{"href":"https:\/\/www.3p-gmbh.de\/pl\/wp-json\/wp\/v2\/product"}],"about":[{"href":"https:\/\/www.3p-gmbh.de\/pl\/wp-json\/wp\/v2\/types\/product"}],"wp:featuredmedia":[{"embeddable":true,"href":"https:\/\/www.3p-gmbh.de\/pl\/wp-json\/wp\/v2\/media\/1822"}],"wp:attachment":[{"href":"https:\/\/www.3p-gmbh.de\/pl\/wp-json\/wp\/v2\/media?parent=6976"}],"wp:term":[{"taxonomy":"product_brand","embeddable":true,"href":"https:\/\/www.3p-gmbh.de\/pl\/wp-json\/wp\/v2\/product_brand?post=6976"},{"taxonomy":"product_cat","embeddable":true,"href":"https:\/\/www.3p-gmbh.de\/pl\/wp-json\/wp\/v2\/product_cat?post=6976"},{"taxonomy":"product_tag","embeddable":true,"href":"https:\/\/www.3p-gmbh.de\/pl\/wp-json\/wp\/v2\/product_tag?post=6976"}],"curies":[{"name":"wp","href":"https:\/\/api.w.org\/{rel}","templated":true}]}}