{"id":6974,"date":"2019-07-11T13:54:54","date_gmt":"2019-07-11T13:54:54","guid":{"rendered":"http:\/\/www.3p-gmbh.de\/produkt\/grosse-schneidlinie\/"},"modified":"2019-08-22T10:12:17","modified_gmt":"2019-08-22T10:12:17","slug":"grosse-schneidlinie","status":"publish","type":"product","link":"https:\/\/www.3p-gmbh.de\/pl\/produkt\/grosse-schneidlinie\/","title":{"rendered":"Polar Mohr 137 EM-MON Schneidlinie"},"content":{"rendered":"<ul>\n<li>Gabellift Polar BFA 1000-G-3 mit Bel\u00fcftung der oberen Lagen<\/li>\n<li>R\u00fcttler Polar RAB mit Luftaustreichwalze<\/li>\n<li>Hintertisch-Belader Transomat Polar (das Schneidgut wird mit einem Beladelift auf eine optimale Arbeitsh\u00f6he gebracht, vom Bediener in den R\u00fcttleautomat gelegt, ger\u00fcttelt und anschliessend vom Greifersystem Autotrans auf den Hintertisch des Schnellschneiders transportiert)<\/li>\n<li>Schnellschneider Polar 137 EM-MON, Einlegebreite 137cm<\/li>\n<li>Abstapler Transomat Polar TR 1EL-145<\/li>\n<\/ul>\n","protected":false},"excerpt":{"rendered":"<p>Gabellift Polar BFA 1000-G-3 mit Bel\u00fcftung der oberen Lagen R\u00fcttler Polar RAB mit Luftaustreichwalze Hintertisch-Belader Transomat Polar (das Schneidgut wird mit einem Beladelift auf eine optimale Arbeitsh\u00f6he gebracht, vom Bediener in den R\u00fcttleautomat gelegt, ger\u00fcttelt und anschliessend vom Greifersystem Autotrans auf den Hintertisch des Schnellschneiders transportiert) Schnellschneider Polar 137 EM-MON, Einlegebreite 137cm Abstapler Transomat Polar [&hellip;]<\/p>\n","protected":false},"featured_media":1814,"template":"","meta":[],"product_brand":[],"product_cat":[788],"product_tag":[],"class_list":{"0":"post-6974","1":"product","2":"type-product","3":"status-publish","4":"has-post-thumbnail","6":"product_cat-schneidemaschinen","7":"pa_baujahr-155","8":"pa_hersteller-polar-mohr","9":"pa_typ-polar-137-em-mon","11":"first","12":"instock","13":"sold-individually","14":"taxable","15":"shipping-taxable","16":"purchasable","17":"product-type-simple"},"jetpack_sharing_enabled":true,"_links":{"self":[{"href":"https:\/\/www.3p-gmbh.de\/pl\/wp-json\/wp\/v2\/product\/6974","targetHints":{"allow":["GET"]}}],"collection":[{"href":"https:\/\/www.3p-gmbh.de\/pl\/wp-json\/wp\/v2\/product"}],"about":[{"href":"https:\/\/www.3p-gmbh.de\/pl\/wp-json\/wp\/v2\/types\/product"}],"wp:featuredmedia":[{"embeddable":true,"href":"https:\/\/www.3p-gmbh.de\/pl\/wp-json\/wp\/v2\/media\/1814"}],"wp:attachment":[{"href":"https:\/\/www.3p-gmbh.de\/pl\/wp-json\/wp\/v2\/media?parent=6974"}],"wp:term":[{"taxonomy":"product_brand","embeddable":true,"href":"https:\/\/www.3p-gmbh.de\/pl\/wp-json\/wp\/v2\/product_brand?post=6974"},{"taxonomy":"product_cat","embeddable":true,"href":"https:\/\/www.3p-gmbh.de\/pl\/wp-json\/wp\/v2\/product_cat?post=6974"},{"taxonomy":"product_tag","embeddable":true,"href":"https:\/\/www.3p-gmbh.de\/pl\/wp-json\/wp\/v2\/product_tag?post=6974"}],"curies":[{"name":"wp","href":"https:\/\/api.w.org\/{rel}","templated":true}]}}