{"id":6969,"date":"2019-07-11T13:54:54","date_gmt":"2019-07-11T13:54:54","guid":{"rendered":"http:\/\/www.3p-gmbh.de\/produkt\/hydraulischer-stapelschneider\/"},"modified":"2019-08-22T09:57:50","modified_gmt":"2019-08-22T09:57:50","slug":"hydraulischer-stapelschneider","status":"publish","type":"product","link":"https:\/\/www.3p-gmbh.de\/pl\/produkt\/hydraulischer-stapelschneider\/","title":{"rendered":"Krug &#038; Priester EBA 551 Hydraulischer Stapelschneider"},"content":{"rendered":"<ul>\n<li>mit Seitentischen und Lichtschranken<\/li>\n<li>elektro-mechanischer Messerantrieb<\/li>\n<li>hydraulischer Antrieb f\u00fcr Pressbalken<\/li>\n<li>stufenlos regelbarer Pressdruck (min. 200 daN, max. 1100 daN) mit Anzeige \u00fcber Manometer<\/li>\n<li>Fusspedal zum Vorpressen oder als Schnittandeuter<\/li>\n<li>Pressbalkenabdeckung<\/li>\n<li>elektrisch betriebener R\u00fcckanschlag mit professioneller Programmsteuerung<\/li>\n<li>elektronisches Handrad mit stufenlos regulierbarer Geschwindigkeit f\u00fcr manuelle R\u00fcckanschlag-Feineinstellung<\/li>\n<li>optischer Schnittandeuter mit lichtstarken Leuchtdioden (LEDs)<\/li>\n<li>Pressbalken beidseitig gef\u00fchrt f\u00fcr gleichm\u00e4ssigen Pressdruck<\/li>\n<li>Pr\u00e4zisions-R\u00fcckanschlagspindel<\/li>\n<li>justierbarer R\u00fcckanschlagrechen mit enger Teilung (32 mm) und Kunststoffgleitern<\/li>\n<li>je zwei Seitenanschl\u00e4ge auf dem Vorder- und R\u00fccktisch<\/li>\n<li>Vollstahl-Messertr\u00e4ger und nachjustierbare Messerf\u00fchrungen<\/li>\n<li>Elektronisch kontrollierte, schwenkbare Sicherheitsvorrichtung auf dem Vordertisch<\/li>\n<li>transparente Sicherheitsabdeckung auf dem R\u00fccktisch<\/li>\n<li>Hauptschalter und Sicherheitsschloss mit Schl\u00fcssel<\/li>\n<li>Zweihand-Schnittausl\u00f6sung mit Wiederholsperre und Gleichzeitigkeitssteuerung<\/li>\n<li>Schnittl\u00e4nge: 520 mm<\/li>\n<li>max. Schnitth\u00f6he: 80 mm<\/li>\n<li>Restschnitt: 22 mm<\/li>\n<li>Restschnitt mit Pressbalkenabdeckung: 90 mm<\/li>\n<li>Einlegetiefe: 520 mm<\/li>\n<\/ul>\n","protected":false},"excerpt":{"rendered":"<p>mit Seitentischen und Lichtschranken elektro-mechanischer Messerantrieb hydraulischer Antrieb f\u00fcr Pressbalken stufenlos regelbarer Pressdruck (min. 200 daN, max. 1100 daN) mit Anzeige \u00fcber Manometer Fusspedal zum Vorpressen oder als Schnittandeuter Pressbalkenabdeckung elektrisch betriebener R\u00fcckanschlag mit professioneller Programmsteuerung elektronisches Handrad mit stufenlos regulierbarer Geschwindigkeit f\u00fcr manuelle R\u00fcckanschlag-Feineinstellung optischer Schnittandeuter mit lichtstarken Leuchtdioden (LEDs) Pressbalken beidseitig gef\u00fchrt f\u00fcr [&hellip;]<\/p>\n","protected":false},"featured_media":1806,"template":"","meta":[],"product_brand":[],"product_cat":[788],"product_tag":[],"class_list":{"0":"post-6969","1":"product","2":"type-product","3":"status-publish","4":"has-post-thumbnail","6":"product_cat-schneidemaschinen","7":"pa_baujahr-182","8":"pa_hersteller-krug-priester","9":"pa_typ-eba-551","11":"first","12":"instock","13":"sold-individually","14":"taxable","15":"shipping-taxable","16":"purchasable","17":"product-type-simple"},"jetpack_sharing_enabled":true,"_links":{"self":[{"href":"https:\/\/www.3p-gmbh.de\/pl\/wp-json\/wp\/v2\/product\/6969","targetHints":{"allow":["GET"]}}],"collection":[{"href":"https:\/\/www.3p-gmbh.de\/pl\/wp-json\/wp\/v2\/product"}],"about":[{"href":"https:\/\/www.3p-gmbh.de\/pl\/wp-json\/wp\/v2\/types\/product"}],"wp:featuredmedia":[{"embeddable":true,"href":"https:\/\/www.3p-gmbh.de\/pl\/wp-json\/wp\/v2\/media\/1806"}],"wp:attachment":[{"href":"https:\/\/www.3p-gmbh.de\/pl\/wp-json\/wp\/v2\/media?parent=6969"}],"wp:term":[{"taxonomy":"product_brand","embeddable":true,"href":"https:\/\/www.3p-gmbh.de\/pl\/wp-json\/wp\/v2\/product_brand?post=6969"},{"taxonomy":"product_cat","embeddable":true,"href":"https:\/\/www.3p-gmbh.de\/pl\/wp-json\/wp\/v2\/product_cat?post=6969"},{"taxonomy":"product_tag","embeddable":true,"href":"https:\/\/www.3p-gmbh.de\/pl\/wp-json\/wp\/v2\/product_tag?post=6969"}],"curies":[{"name":"wp","href":"https:\/\/api.w.org\/{rel}","templated":true}]}}