{"id":6903,"date":"2019-07-11T13:54:26","date_gmt":"2019-07-11T13:54:26","guid":{"rendered":"http:\/\/www.3p-gmbh.de\/produkt\/spectralfotometer\/"},"modified":"2019-11-08T12:27:43","modified_gmt":"2019-11-08T12:27:43","slug":"spectralfotometer","status":"publish","type":"product","link":"https:\/\/www.3p-gmbh.de\/pl\/produkt\/spectralfotometer\/","title":{"rendered":"Gretag Macbeth Spectrolino\/Spectroscan Spectralfotometer"},"content":{"rendered":"<p>Das Spektralfotometer Spectrolino ist das pr\u00e4zise Messger\u00e4t f\u00fcr alle Bereiche der Druckindustrie: Remission, Transmission und Emission! So lassen sich Farb- und Papiermuster, Dias, Colorcharts und Monitore immer schnell, sicher und absolut genau ausmessen. Mit dem handlichen Messger\u00e4t erzielen Sie bei kleinstem Aufwand grosse Leistung: durchgehende Qualit\u00e4t, vom Bestelleingang bis zur Auslieferung des gedruckten Endproduktes.<\/p>\n<p>Das Spectrolino wird \u00fcber die eingebaute RS 232C-Schnittstelle an einen PC oder Apple Macintosh angeschlossen, sodass die gemessenen Daten direkt auf dem Computer angezeigt und verarbeitet werden k\u00f6nnen. Durch das Ringoptik-System wird selbst unter verschiedenen Winkeln gleich zuverl\u00e4ssig gemessen. F\u00fcr die Emissionsmessung wird das Spectrolino mit der mitgelieferten Halterung sicher und schonend am Bildschirm angebracht.<\/p>\n<p>Der SpectroScan x\/y-Messtisch macht aus dem Spectrolino eine vollautomatische Arbeitsstation zur Vermessung von Color-Charts. \u00dcber Messblenden von 1-3mm werden Aufsichtsvorlagen fehlerfrei und punktgenau vermessen. Dar\u00fcber hinaus k\u00f6nnen auch Durchsichtsvorlagen vermessen werden. Das Papier wird durch elektrostatische Aufladung festgehalten, nach der Definition von drei Eckpunkten vermisst das Ger\u00e4t selbstt\u00e4tig den ganzen Chart. Vor allem bei der Erstellung von CRT\u00b4s (Color Rendering Tables) und ICC-Profilen (International Color Consortium) leistet das Team aus Fotometer und Messtisch imposante Arbeit.<\/p>\n<ul>\n<li>Schnittstelle: RS 232 seriell, 110 bis 57 600 Baud<\/li>\n<li>Datenbuchse: Mini-DIN-Buchse<\/li>\n<li>Stromversorgung: 90 bis 270 V AC, 47 bis 63 Hz<\/li>\n<li>Verbrauch: 100 V AC 2A, 220 V AC 1A<\/li>\n<li>Abmessungen: Breite 430 mm, Tiefe 530 mm<\/li>\n<li>H\u00f6he: 150 mm<\/li>\n<li>Gewicht: 7,5 kg<\/li>\n<li>Materialst\u00e4rke der Vorlagen: Remission max. 1,5mm, Transmission max. 0,25 mm<\/li>\n<li>Positioniergenauigkeit: +\/- 0,25mm<\/li>\n<li>Fahrbereich: max. 240 x 310 mm<\/li>\n<li>Spektralmessung \u00fcber holografisches Beugungsgitter<\/li>\n<li>Spektraler Messbereich: 380 bis 730 nm<\/li>\n<li>Physikalische Aufl\u00f6sung: 10 nm<\/li>\n<li>Messmodi: Remission, Emission, Transmission<\/li>\n<li>Schnittstelle: RS 232 seriell, 110 bis 57 600 Baud<\/li>\n<li>Datenbuchse: Mini-DIN-Buchse<\/li>\n<li>Stromversorgung: \u00fcber Datenkabel und Netzger\u00e4t<\/li>\n<\/ul>\n","protected":false},"excerpt":{"rendered":"<p>Das Spektralfotometer Spectrolino ist das pr\u00e4zise Messger\u00e4t f\u00fcr alle Bereiche der Druckindustrie: Remission, Transmission und Emission! So lassen sich Farb- und Papiermuster, Dias, Colorcharts und Monitore immer schnell, sicher und absolut genau ausmessen. Mit dem handlichen Messger\u00e4t erzielen Sie bei kleinstem Aufwand grosse Leistung: durchgehende Qualit\u00e4t, vom Bestelleingang bis zur Auslieferung des gedruckten Endproduktes. Das [&hellip;]<\/p>\n","protected":false},"featured_media":1575,"template":"","meta":[],"product_brand":[],"product_cat":[1780],"product_tag":[],"class_list":{"0":"post-6903","1":"product","2":"type-product","3":"status-publish","4":"has-post-thumbnail","6":"product_cat-messgeraete-und-qualitaetssicherung","7":"pa_baujahr-140","8":"pa_hersteller-gretag-macbeth","9":"pa_typ-spectroscan-mit-spectrolino","11":"first","12":"instock","13":"sold-individually","14":"taxable","15":"shipping-taxable","16":"purchasable","17":"product-type-simple"},"jetpack_sharing_enabled":true,"_links":{"self":[{"href":"https:\/\/www.3p-gmbh.de\/pl\/wp-json\/wp\/v2\/product\/6903","targetHints":{"allow":["GET"]}}],"collection":[{"href":"https:\/\/www.3p-gmbh.de\/pl\/wp-json\/wp\/v2\/product"}],"about":[{"href":"https:\/\/www.3p-gmbh.de\/pl\/wp-json\/wp\/v2\/types\/product"}],"wp:featuredmedia":[{"embeddable":true,"href":"https:\/\/www.3p-gmbh.de\/pl\/wp-json\/wp\/v2\/media\/1575"}],"wp:attachment":[{"href":"https:\/\/www.3p-gmbh.de\/pl\/wp-json\/wp\/v2\/media?parent=6903"}],"wp:term":[{"taxonomy":"product_brand","embeddable":true,"href":"https:\/\/www.3p-gmbh.de\/pl\/wp-json\/wp\/v2\/product_brand?post=6903"},{"taxonomy":"product_cat","embeddable":true,"href":"https:\/\/www.3p-gmbh.de\/pl\/wp-json\/wp\/v2\/product_cat?post=6903"},{"taxonomy":"product_tag","embeddable":true,"href":"https:\/\/www.3p-gmbh.de\/pl\/wp-json\/wp\/v2\/product_tag?post=6903"}],"curies":[{"name":"wp","href":"https:\/\/api.w.org\/{rel}","templated":true}]}}