{"id":6885,"date":"2019-07-11T13:54:22","date_gmt":"2019-07-11T13:54:22","guid":{"rendered":"http:\/\/www.3p-gmbh.de\/produkt\/highend-flachbettscanner\/"},"modified":"2019-11-14T09:38:09","modified_gmt":"2019-11-14T09:38:09","slug":"highend-flachbettscanner","status":"publish","type":"product","link":"https:\/\/www.3p-gmbh.de\/pl\/produkt\/highend-flachbettscanner\/","title":{"rendered":"Fuji Lanovia C-550 Highend-Flachbettscanner"},"content":{"rendered":"<p>Das Ger\u00e4t hat folgende Eigenschaften:<\/p>\n<ul>\n<li>Redigitalisierunstool Copy-Dot zur Verarbeitung vorliegender Farbauszugsfilme<\/li>\n<li>Flachbettscanner mit \u00fcber den gesamten Scanbereich beweglichem Abtastkopf (festes Scanglas)<\/li>\n<li>Trilineare Color-CCD 3 x 8000 Pixel<\/li>\n<li>16 Bit \/ Farbe<\/li>\n<li>max. Dichte 3.9 max<\/li>\n<li>optische Aufl\u00f6sung 5000 dpi<\/li>\n<li>Scanbereich 350 x 470 mm<\/li>\n<li>Vorlagen Durchsicht (pos., neg.), Aufsicht, Dias, 3D-Gegenst\u00e4nde<\/li>\n<li>Vergr\u00f6sserungsbereich 20-3000 %<\/li>\n<li>unterst\u00fctzte Dateiformate: EPS, Tiff, RGB, BitmapPict usw.<\/li>\n<\/ul>\n","protected":false},"excerpt":{"rendered":"<p>Das Ger\u00e4t hat folgende Eigenschaften: Redigitalisierunstool Copy-Dot zur Verarbeitung vorliegender Farbauszugsfilme Flachbettscanner mit \u00fcber den gesamten Scanbereich beweglichem Abtastkopf (festes Scanglas) Trilineare Color-CCD 3 x 8000 Pixel 16 Bit \/ Farbe max. Dichte 3.9 max optische Aufl\u00f6sung 5000 dpi Scanbereich 350 x 470 mm Vorlagen Durchsicht (pos., neg.), Aufsicht, Dias, 3D-Gegenst\u00e4nde Vergr\u00f6sserungsbereich 20-3000 % unterst\u00fctzte [&hellip;]<\/p>\n","protected":false},"featured_media":18,"template":"","meta":[],"product_brand":[],"product_cat":[1643],"product_tag":[],"class_list":{"0":"post-6885","1":"product","2":"type-product","3":"status-publish","4":"has-post-thumbnail","6":"product_cat-flachbettscanner","7":"pa_baujahr-188","8":"pa_hersteller-fuji-lanovia","9":"pa_typ-c-550","11":"first","12":"instock","13":"sold-individually","14":"taxable","15":"shipping-taxable","16":"purchasable","17":"product-type-simple"},"jetpack_sharing_enabled":true,"_links":{"self":[{"href":"https:\/\/www.3p-gmbh.de\/pl\/wp-json\/wp\/v2\/product\/6885","targetHints":{"allow":["GET"]}}],"collection":[{"href":"https:\/\/www.3p-gmbh.de\/pl\/wp-json\/wp\/v2\/product"}],"about":[{"href":"https:\/\/www.3p-gmbh.de\/pl\/wp-json\/wp\/v2\/types\/product"}],"wp:featuredmedia":[{"embeddable":true,"href":"https:\/\/www.3p-gmbh.de\/pl\/wp-json\/wp\/v2\/media\/18"}],"wp:attachment":[{"href":"https:\/\/www.3p-gmbh.de\/pl\/wp-json\/wp\/v2\/media?parent=6885"}],"wp:term":[{"taxonomy":"product_brand","embeddable":true,"href":"https:\/\/www.3p-gmbh.de\/pl\/wp-json\/wp\/v2\/product_brand?post=6885"},{"taxonomy":"product_cat","embeddable":true,"href":"https:\/\/www.3p-gmbh.de\/pl\/wp-json\/wp\/v2\/product_cat?post=6885"},{"taxonomy":"product_tag","embeddable":true,"href":"https:\/\/www.3p-gmbh.de\/pl\/wp-json\/wp\/v2\/product_tag?post=6885"}],"curies":[{"name":"wp","href":"https:\/\/api.w.org\/{rel}","templated":true}]}}