{"id":6870,"date":"2019-07-11T13:54:09","date_gmt":"2019-07-11T13:54:09","guid":{"rendered":"http:\/\/www.3p-gmbh.de\/produkt\/ctp-thermal-belichter\/"},"modified":"2019-11-08T13:45:26","modified_gmt":"2019-11-08T13:45:26","slug":"ctp-thermal-belichter","status":"publish","type":"product","link":"https:\/\/www.3p-gmbh.de\/pl\/produkt\/ctp-thermal-belichter\/","title":{"rendered":"Heidelberg Suprasetter A 75 CTP-System"},"content":{"rendered":"<ul>\n<li>mit Prinect Meta Dimension Rip<\/li>\n<li>CTP-Vollautomat mit ATL-Plattenvorratskassette<\/li>\n<li>thermal Laser 830nm<\/li>\n<li>Absaugvorrichtung f\u00fcr prozesslose Platten<\/li>\n<li>Aufl\u00f6sung 2540 dpi<\/li>\n<li>min. Format 370 x 324mm<\/li>\n<li>max. Format 680 x 760mm<\/li>\n<li>Plattenst\u00e4rke 0,15-0,30mm<\/li>\n<li>inline Stanze 425 mm<\/li>\n<li>mit Glunz &amp; Jensen WashGum 85<\/li>\n<li>mit kurzem Plattenstacker Advant PST-26<\/li>\n<\/ul>\n","protected":false},"excerpt":{"rendered":"<p>mit Prinect Meta Dimension Rip CTP-Vollautomat mit ATL-Plattenvorratskassette thermal Laser 830nm Absaugvorrichtung f\u00fcr prozesslose Platten Aufl\u00f6sung 2540 dpi min. Format 370 x 324mm max. Format 680 x 760mm Plattenst\u00e4rke 0,15-0,30mm inline Stanze 425 mm mit Glunz &amp; Jensen WashGum 85 mit kurzem Plattenstacker Advant PST-26<\/p>\n","protected":false},"featured_media":1479,"template":"","meta":[],"product_brand":[],"product_cat":[82],"product_tag":[],"class_list":{"0":"post-6870","1":"product","2":"type-product","3":"status-publish","4":"has-post-thumbnail","6":"product_cat-computer-to-plate-systeme","7":"pa_baujahr-326","8":"pa_hersteller-heidelberg","9":"pa_typ-suprasetter-a-75-automation","11":"first","12":"instock","13":"sold-individually","14":"taxable","15":"shipping-taxable","16":"purchasable","17":"product-type-simple"},"jetpack_sharing_enabled":true,"_links":{"self":[{"href":"https:\/\/www.3p-gmbh.de\/pl\/wp-json\/wp\/v2\/product\/6870","targetHints":{"allow":["GET"]}}],"collection":[{"href":"https:\/\/www.3p-gmbh.de\/pl\/wp-json\/wp\/v2\/product"}],"about":[{"href":"https:\/\/www.3p-gmbh.de\/pl\/wp-json\/wp\/v2\/types\/product"}],"wp:featuredmedia":[{"embeddable":true,"href":"https:\/\/www.3p-gmbh.de\/pl\/wp-json\/wp\/v2\/media\/1479"}],"wp:attachment":[{"href":"https:\/\/www.3p-gmbh.de\/pl\/wp-json\/wp\/v2\/media?parent=6870"}],"wp:term":[{"taxonomy":"product_brand","embeddable":true,"href":"https:\/\/www.3p-gmbh.de\/pl\/wp-json\/wp\/v2\/product_brand?post=6870"},{"taxonomy":"product_cat","embeddable":true,"href":"https:\/\/www.3p-gmbh.de\/pl\/wp-json\/wp\/v2\/product_cat?post=6870"},{"taxonomy":"product_tag","embeddable":true,"href":"https:\/\/www.3p-gmbh.de\/pl\/wp-json\/wp\/v2\/product_tag?post=6870"}],"curies":[{"name":"wp","href":"https:\/\/api.w.org\/{rel}","templated":true}]}}