{"id":6862,"date":"2019-07-11T13:54:09","date_gmt":"2019-07-11T13:54:09","guid":{"rendered":"http:\/\/www.3p-gmbh.de\/produkt\/thermal-plattenbelichter-2\/"},"modified":"2019-11-08T13:49:41","modified_gmt":"2019-11-08T13:49:41","slug":"thermal-plattenbelichter-2","status":"publish","type":"product","link":"https:\/\/www.3p-gmbh.de\/pl\/produkt\/thermal-plattenbelichter-2\/","title":{"rendered":"Heidelberg Suprasetter 105 S Thermal-CtP-System"},"content":{"rendered":"<ul>\n<li>Baujahr 3- 2007<\/li>\n<li>Laserleistung nur ca. 3400 Stunden<\/li>\n<li>3 Thermal-Laser 830 nm, f\u00fcr Durchsatz von max. 21 Platten\/h<\/li>\n<li>Min. Plattenformat (H\u00f6he \u00d7 Breite) 370 \u00d7 323 mm<\/li>\n<li>Max. Plattenformat (H\u00f6he \u00d7 Breite) 930 \u00d7 1.140 mm<\/li>\n<li>Plattenst\u00e4rke 0,15-0,35 mm<\/li>\n<li>Aufl\u00f6sung 2.400 oder 2.540 dpi<\/li>\n<li>Internes Stanzenpaar 780 mm \/ 425 mm<\/li>\n<li>SCL Single Cassette Loader<\/li>\n<li>vollautomatische Plattenlade- und Entladeeinheit mit automatischer Zwischenpapierentfernung und integrierter 90-Grad Br\u00fccke zum Online-Prozessor<\/li>\n<li>Kassette mit bis zu 100 Platten (0,3 mm) oder 150 Platten (0,15 mm)<\/li>\n<li>Prinect MetaShooter<\/li>\n<li>Dimension Workflow 11.0<\/li>\n<li>vorbereitet f\u00fcr Heidelberg Lenticular-Belichtung<\/li>\n<li>Kodak Mercury 850 Plattenentwicklungsmaschine<\/li>\n<li>Stacker mit Trolley<\/li>\n<\/ul>\n","protected":false},"excerpt":{"rendered":"<p>Baujahr 3- 2007 Laserleistung nur ca. 3400 Stunden 3 Thermal-Laser 830 nm, f\u00fcr Durchsatz von max. 21 Platten\/h Min. Plattenformat (H\u00f6he \u00d7 Breite) 370 \u00d7 323 mm Max. Plattenformat (H\u00f6he \u00d7 Breite) 930 \u00d7 1.140 mm Plattenst\u00e4rke 0,15-0,35 mm Aufl\u00f6sung 2.400 oder 2.540 dpi Internes Stanzenpaar 780 mm \/ 425 mm SCL Single Cassette Loader [&hellip;]<\/p>\n","protected":false},"featured_media":1456,"template":"","meta":[],"product_brand":[],"product_cat":[82],"product_tag":[],"class_list":{"0":"post-6862","1":"product","2":"type-product","3":"status-publish","4":"has-post-thumbnail","6":"product_cat-computer-to-plate-systeme","7":"pa_baujahr-140","8":"pa_hersteller-heidelberg","9":"pa_typ-suprasetter-105-s","11":"first","12":"instock","13":"sold-individually","14":"taxable","15":"shipping-taxable","16":"purchasable","17":"product-type-simple"},"jetpack_sharing_enabled":true,"_links":{"self":[{"href":"https:\/\/www.3p-gmbh.de\/pl\/wp-json\/wp\/v2\/product\/6862","targetHints":{"allow":["GET"]}}],"collection":[{"href":"https:\/\/www.3p-gmbh.de\/pl\/wp-json\/wp\/v2\/product"}],"about":[{"href":"https:\/\/www.3p-gmbh.de\/pl\/wp-json\/wp\/v2\/types\/product"}],"wp:featuredmedia":[{"embeddable":true,"href":"https:\/\/www.3p-gmbh.de\/pl\/wp-json\/wp\/v2\/media\/1456"}],"wp:attachment":[{"href":"https:\/\/www.3p-gmbh.de\/pl\/wp-json\/wp\/v2\/media?parent=6862"}],"wp:term":[{"taxonomy":"product_brand","embeddable":true,"href":"https:\/\/www.3p-gmbh.de\/pl\/wp-json\/wp\/v2\/product_brand?post=6862"},{"taxonomy":"product_cat","embeddable":true,"href":"https:\/\/www.3p-gmbh.de\/pl\/wp-json\/wp\/v2\/product_cat?post=6862"},{"taxonomy":"product_tag","embeddable":true,"href":"https:\/\/www.3p-gmbh.de\/pl\/wp-json\/wp\/v2\/product_tag?post=6862"}],"curies":[{"name":"wp","href":"https:\/\/api.w.org\/{rel}","templated":true}]}}