{"id":6792,"date":"2019-07-11T13:53:31","date_gmt":"2019-07-11T13:53:31","guid":{"rendered":"http:\/\/www.3p-gmbh.de\/produkt\/streifeneinschussgeraet-3\/"},"modified":"2019-11-08T10:39:08","modified_gmt":"2019-11-08T10:39:08","slug":"streifeneinschussgeraet-3","status":"publish","type":"product","link":"https:\/\/www.3p-gmbh.de\/pl\/produkt\/streifeneinschussgeraet-3\/","title":{"rendered":"Foellmer Duplikator Streifeneinschussger\u00e4t"},"content":{"rendered":"<p>Das Streifeneinschussger\u00e4t Foellmer Duplikator DigiTab 2010 Plus (drucken -z\u00e4hlen &#8211; markieren = 1 Arbeitsgang) verf\u00fcgt \u00fcber eine men\u00fcgef\u00fchrte Bedienung \u00fcber Touchscreendisplay hinten am Geh\u00e4use. Der fahrbare und h\u00f6henverstellbare St\u00e4nder wird bei den meisten Maschinen seitlich an der Auslage angestellt. Jede Zahl von 5 &#8211; 99999 ist f\u00fcr den Z\u00e4hlstreifeneinschuss einstellbar. Stufenlose Regulierung der Streifenl\u00e4nge 20-200 mm und Festhaltezeit ca.0 -10 Sek. des Z\u00e4hlstreifens ist m\u00f6glich. Der Suptramat erm\u00f6glicht, dass die vom Drucker aus der laufenden Produktion entnommenen Kontroll- und Makulaturbogen von der Gesamtzahl abgezogen werden und gleichzeitig die durch Streifen markierte Paketgr\u00f6sse entsprechend korrigiert wird. Mit dem Totalz\u00e4hler erfasst man die mit dem Suptramat bereinigte Gesamtauflage der guten Bogen.<br \/>\nF\u00fcr den Anschluss des DigiTab ben\u00f6tigt man eine universelle Anschlussdose f\u00fcr eine Schnittstelle mit potentialfreiem oder 24 V Impuls (Takt) direkt von der Maschine oder von einem Sensor.<\/p>\n","protected":false},"excerpt":{"rendered":"<p>Das Streifeneinschussger\u00e4t Foellmer Duplikator DigiTab 2010 Plus (drucken -z\u00e4hlen &#8211; markieren = 1 Arbeitsgang) verf\u00fcgt \u00fcber eine men\u00fcgef\u00fchrte Bedienung \u00fcber Touchscreendisplay hinten am Geh\u00e4use. Der fahrbare und h\u00f6henverstellbare St\u00e4nder wird bei den meisten Maschinen seitlich an der Auslage angestellt. Jede Zahl von 5 &#8211; 99999 ist f\u00fcr den Z\u00e4hlstreifeneinschuss einstellbar. Stufenlose Regulierung der Streifenl\u00e4nge 20-200 [&hellip;]<\/p>\n","protected":false},"featured_media":1244,"template":"","meta":[],"product_brand":[],"product_cat":[1758],"product_tag":[],"class_list":{"0":"post-6792","1":"product","2":"type-product","3":"status-publish","4":"has-post-thumbnail","6":"product_cat-papierzaehlmaschinen","7":"pa_baujahr-205","8":"pa_hersteller-josef-foellmer","9":"pa_typ-duplikator-digitab-2010-plus","11":"first","12":"instock","13":"sold-individually","14":"taxable","15":"shipping-taxable","16":"purchasable","17":"product-type-simple"},"jetpack_sharing_enabled":true,"_links":{"self":[{"href":"https:\/\/www.3p-gmbh.de\/pl\/wp-json\/wp\/v2\/product\/6792","targetHints":{"allow":["GET"]}}],"collection":[{"href":"https:\/\/www.3p-gmbh.de\/pl\/wp-json\/wp\/v2\/product"}],"about":[{"href":"https:\/\/www.3p-gmbh.de\/pl\/wp-json\/wp\/v2\/types\/product"}],"wp:featuredmedia":[{"embeddable":true,"href":"https:\/\/www.3p-gmbh.de\/pl\/wp-json\/wp\/v2\/media\/1244"}],"wp:attachment":[{"href":"https:\/\/www.3p-gmbh.de\/pl\/wp-json\/wp\/v2\/media?parent=6792"}],"wp:term":[{"taxonomy":"product_brand","embeddable":true,"href":"https:\/\/www.3p-gmbh.de\/pl\/wp-json\/wp\/v2\/product_brand?post=6792"},{"taxonomy":"product_cat","embeddable":true,"href":"https:\/\/www.3p-gmbh.de\/pl\/wp-json\/wp\/v2\/product_cat?post=6792"},{"taxonomy":"product_tag","embeddable":true,"href":"https:\/\/www.3p-gmbh.de\/pl\/wp-json\/wp\/v2\/product_tag?post=6792"}],"curies":[{"name":"wp","href":"https:\/\/api.w.org\/{rel}","templated":true}]}}