{"id":6683,"date":"2019-07-11T13:52:47","date_gmt":"2019-07-11T13:52:47","guid":{"rendered":"http:\/\/www.3p-gmbh.de\/produkt\/vertikale-stapelauslage\/"},"modified":"2019-11-12T15:24:31","modified_gmt":"2019-11-12T15:24:31","slug":"vertikale-stapelauslage","status":"publish","type":"product","link":"https:\/\/www.3p-gmbh.de\/pl\/produkt\/vertikale-stapelauslage\/","title":{"rendered":"Heidelberg TSH 70 Twinstacker vertikale Stapelauslage"},"content":{"rendered":"<p>Die vertikale Stapelauslage Twinstacker TSH ist die wirtschaftliche L\u00f6sung, um den mittleren bis hohen Leistungsbereich breit abzudecken. Die Auslage transportiert die einzeln abgepressten Bogen markierungsfrei durch die B\u00e4nderstrecke. Anschliessend werden in Fangk\u00f6rben die Stapel jeweils von oben gebildet und wechselseitig ausgelegt &#8211; in zwei \u00fcbereinander angeordneten Stapelebenen. Das erm\u00f6glicht einen effektiven Nonstop-Betrieb. Das einfache Handling mit guter Zug\u00e4nglichkeit erleichtert auch das Verarbeiten von Mehrfachnutzen. Der h\u00f6henverstellbare Zuf\u00fchrtisch sorgt daf\u00fcr, dass der Twinstacker TSH einfach und flexibel bei den verschiedenen Vorstationen positioniert werden kann. Ob Auslegen von vereinzelten Bogen oder auch im Schuppenstrom &#8211; der Twinstacker TSH \u00fcberzeugt in jeder Hinsicht durch seine Leistung.<\/p>\n<ul>\n<li>Bedienerfreundliche Stapelauslage<\/li>\n<li>Markierungsfreies Auslegen bis zu zwei Nutzen, mit bedienerfreundlicher ergonomische Abnahme<\/li>\n<li>max. Format 700x340mm<\/li>\n<li>min. Format 100x100mm<\/li>\n<li>Produktdicke max. 6mm<\/li>\n<li>Stapelh\u00f6he je Ebene max. 10cm<\/li>\n<li>Optimal f\u00fcr Einmannbedienung an Falzmaschinen mit hoher Maschinengeschwindigkeit bis 18.000 Takte<\/li>\n<li>MCT Steuerung<\/li>\n<\/ul>\n","protected":false},"excerpt":{"rendered":"<p>Die vertikale Stapelauslage Twinstacker TSH ist die wirtschaftliche L\u00f6sung, um den mittleren bis hohen Leistungsbereich breit abzudecken. Die Auslage transportiert die einzeln abgepressten Bogen markierungsfrei durch die B\u00e4nderstrecke. Anschliessend werden in Fangk\u00f6rben die Stapel jeweils von oben gebildet und wechselseitig ausgelegt &#8211; in zwei \u00fcbereinander angeordneten Stapelebenen. Das erm\u00f6glicht einen effektiven Nonstop-Betrieb. Das einfache Handling [&hellip;]<\/p>\n","protected":false},"featured_media":11208,"template":"","meta":[],"product_brand":[],"product_cat":[1745],"product_tag":[],"class_list":{"0":"post-6683","1":"product","2":"type-product","3":"status-publish","4":"has-post-thumbnail","6":"product_cat-auslagen","7":"pa_baujahr-168","8":"pa_hersteller-heidelberg-stahl","9":"pa_typ-stahlfolder-twinstacker-tsh-70","11":"first","12":"instock","13":"sold-individually","14":"taxable","15":"shipping-taxable","16":"purchasable","17":"product-type-simple"},"jetpack_sharing_enabled":true,"_links":{"self":[{"href":"https:\/\/www.3p-gmbh.de\/pl\/wp-json\/wp\/v2\/product\/6683","targetHints":{"allow":["GET"]}}],"collection":[{"href":"https:\/\/www.3p-gmbh.de\/pl\/wp-json\/wp\/v2\/product"}],"about":[{"href":"https:\/\/www.3p-gmbh.de\/pl\/wp-json\/wp\/v2\/types\/product"}],"wp:featuredmedia":[{"embeddable":true,"href":"https:\/\/www.3p-gmbh.de\/pl\/wp-json\/wp\/v2\/media\/11208"}],"wp:attachment":[{"href":"https:\/\/www.3p-gmbh.de\/pl\/wp-json\/wp\/v2\/media?parent=6683"}],"wp:term":[{"taxonomy":"product_brand","embeddable":true,"href":"https:\/\/www.3p-gmbh.de\/pl\/wp-json\/wp\/v2\/product_brand?post=6683"},{"taxonomy":"product_cat","embeddable":true,"href":"https:\/\/www.3p-gmbh.de\/pl\/wp-json\/wp\/v2\/product_cat?post=6683"},{"taxonomy":"product_tag","embeddable":true,"href":"https:\/\/www.3p-gmbh.de\/pl\/wp-json\/wp\/v2\/product_tag?post=6683"}],"curies":[{"name":"wp","href":"https:\/\/api.w.org\/{rel}","templated":true}]}}