{"id":6660,"date":"2019-07-11T13:52:33","date_gmt":"2019-07-11T13:52:33","guid":{"rendered":"http:\/\/www.3p-gmbh.de\/produkt\/schubladenschraenke\/"},"modified":"2019-09-19T14:38:55","modified_gmt":"2019-09-19T14:38:55","slug":"schubladenschraenke","status":"publish","type":"product","link":"https:\/\/www.3p-gmbh.de\/pl\/produkt\/schubladenschraenke\/","title":{"rendered":"Megastahl Schubladenschr\u00e4nke"},"content":{"rendered":"<ul>\n<li>ideal zur Aufbewahrung von Lackplatten an 6er Druckmaschinen<\/li>\n<li>bew\u00e4hrt stabile Stahlbauweise mit formatgerechten Schubladen in pr\u00e4zisen, hoch belastbaren Kugellagerf\u00fchrungen<\/li>\n<li>je 10 Schubladen ca. 8cm H\u00f6he mit Nutzmass ca. 1250 x 1590 mm<\/li>\n<\/ul>\n","protected":false},"excerpt":{"rendered":"<p>ideal zur Aufbewahrung von Lackplatten an 6er Druckmaschinen bew\u00e4hrt stabile Stahlbauweise mit formatgerechten Schubladen in pr\u00e4zisen, hoch belastbaren Kugellagerf\u00fchrungen je 10 Schubladen ca. 8cm H\u00f6he mit Nutzmass ca. 1250 x 1590 mm<\/p>\n","protected":false},"featured_media":781,"template":"","meta":[],"product_brand":[],"product_cat":[331],"product_tag":[],"class_list":{"0":"post-6660","1":"product","2":"type-product","3":"status-publish","4":"has-post-thumbnail","6":"product_cat-siebdruck-flexo-und-tiefdruck","7":"pa_baujahr-165","8":"pa_hersteller-megastahl-vi","10":"first","11":"instock","12":"sold-individually","13":"taxable","14":"shipping-taxable","15":"purchasable","16":"product-type-simple"},"jetpack_sharing_enabled":true,"_links":{"self":[{"href":"https:\/\/www.3p-gmbh.de\/pl\/wp-json\/wp\/v2\/product\/6660","targetHints":{"allow":["GET"]}}],"collection":[{"href":"https:\/\/www.3p-gmbh.de\/pl\/wp-json\/wp\/v2\/product"}],"about":[{"href":"https:\/\/www.3p-gmbh.de\/pl\/wp-json\/wp\/v2\/types\/product"}],"wp:featuredmedia":[{"embeddable":true,"href":"https:\/\/www.3p-gmbh.de\/pl\/wp-json\/wp\/v2\/media\/781"}],"wp:attachment":[{"href":"https:\/\/www.3p-gmbh.de\/pl\/wp-json\/wp\/v2\/media?parent=6660"}],"wp:term":[{"taxonomy":"product_brand","embeddable":true,"href":"https:\/\/www.3p-gmbh.de\/pl\/wp-json\/wp\/v2\/product_brand?post=6660"},{"taxonomy":"product_cat","embeddable":true,"href":"https:\/\/www.3p-gmbh.de\/pl\/wp-json\/wp\/v2\/product_cat?post=6660"},{"taxonomy":"product_tag","embeddable":true,"href":"https:\/\/www.3p-gmbh.de\/pl\/wp-json\/wp\/v2\/product_tag?post=6660"}],"curies":[{"name":"wp","href":"https:\/\/api.w.org\/{rel}","templated":true}]}}