{"id":6605,"date":"2019-07-11T13:52:01","date_gmt":"2019-07-11T13:52:01","guid":{"rendered":"http:\/\/www.3p-gmbh.de\/produkt\/luftbeutel-verpackungssystem\/"},"modified":"2019-09-24T14:21:39","modified_gmt":"2019-09-24T14:21:39","slug":"luftbeutel-verpackungssystem","status":"publish","type":"product","link":"https:\/\/www.3p-gmbh.de\/pl\/produkt\/luftbeutel-verpackungssystem\/","title":{"rendered":"Fill-Air 150 Luftbeutel-Verpackungssystem"},"content":{"rendered":"<p>Luftpolsterkissen oder Luftpolsterbeutel zeichnen sich als ein besonders platzsparendes und sauberes Verpackungsmittel aus. Das Verpackungssystem liefert luftgef\u00fcllte Polster nach Bedarf, diese bieten exzellenten Schutz und leistungsf\u00e4hige Hohlraumf\u00fcllung bei gleichzeitiger Material- und Versandkostenreduzierung.<\/p>\n","protected":false},"excerpt":{"rendered":"<p>Luftpolsterkissen oder Luftpolsterbeutel zeichnen sich als ein besonders platzsparendes und sauberes Verpackungsmittel aus. Das Verpackungssystem liefert luftgef\u00fcllte Polster nach Bedarf, diese bieten exzellenten Schutz und leistungsf\u00e4hige Hohlraumf\u00fcllung bei gleichzeitiger Material- und Versandkostenreduzierung.<\/p>\n","protected":false},"featured_media":536,"template":"","meta":[],"product_brand":[],"product_cat":[76],"product_tag":[],"class_list":{"0":"post-6605","1":"product","2":"type-product","3":"status-publish","4":"has-post-thumbnail","6":"product_cat-folienverpackung-und-straffpacker","7":"pa_baujahr-188","8":"pa_hersteller-sealed-air-corporation","9":"pa_typ-fill-air-150","11":"first","12":"instock","13":"sold-individually","14":"taxable","15":"shipping-taxable","16":"purchasable","17":"product-type-simple"},"jetpack_sharing_enabled":true,"_links":{"self":[{"href":"https:\/\/www.3p-gmbh.de\/pl\/wp-json\/wp\/v2\/product\/6605","targetHints":{"allow":["GET"]}}],"collection":[{"href":"https:\/\/www.3p-gmbh.de\/pl\/wp-json\/wp\/v2\/product"}],"about":[{"href":"https:\/\/www.3p-gmbh.de\/pl\/wp-json\/wp\/v2\/types\/product"}],"wp:featuredmedia":[{"embeddable":true,"href":"https:\/\/www.3p-gmbh.de\/pl\/wp-json\/wp\/v2\/media\/536"}],"wp:attachment":[{"href":"https:\/\/www.3p-gmbh.de\/pl\/wp-json\/wp\/v2\/media?parent=6605"}],"wp:term":[{"taxonomy":"product_brand","embeddable":true,"href":"https:\/\/www.3p-gmbh.de\/pl\/wp-json\/wp\/v2\/product_brand?post=6605"},{"taxonomy":"product_cat","embeddable":true,"href":"https:\/\/www.3p-gmbh.de\/pl\/wp-json\/wp\/v2\/product_cat?post=6605"},{"taxonomy":"product_tag","embeddable":true,"href":"https:\/\/www.3p-gmbh.de\/pl\/wp-json\/wp\/v2\/product_tag?post=6605"}],"curies":[{"name":"wp","href":"https:\/\/api.w.org\/{rel}","templated":true}]}}