{"id":6588,"date":"2019-07-11T13:51:48","date_gmt":"2019-07-11T13:51:48","guid":{"rendered":"http:\/\/www.3p-gmbh.de\/produkt\/automatische-transit-umreifungsmaschine\/"},"modified":"2019-09-25T10:59:31","modified_gmt":"2019-09-25T10:59:31","slug":"automatische-transit-umreifungsmaschine","status":"publish","type":"product","link":"https:\/\/www.3p-gmbh.de\/pl\/produkt\/automatische-transit-umreifungsmaschine\/","title":{"rendered":"Mosca RO-TRS-4\/1 automatische Transit-Umreifungsmaschine"},"content":{"rendered":"<ul>\n<li>Intergration in jede Verarbeitungslinie m\u00f6glich<\/li>\n<li>Direktantriebe mit verschleissfreier Gleichstromtechnik<\/li>\n<li>Aufklappbare, direkt angetriebene Transportsysteme mit Frequenzregelung<\/li>\n<li>SPS Steuerung Siemens mit Touch Panel f\u00fcr optische Bedienf\u00fchrung und Anzeige der Maschinenfunktionen, Z\u00e4hlerst\u00e4nde, St\u00f6rmeldungen usw.<\/li>\n<li>Umreifungsabst\u00e4nde \u00fcber Touch Panel einstellbar<\/li>\n<li>Heizkeil- Schweisssystem mit elektronischer Heizungsregulierung in 24 V Technik<\/li>\n<li>Vollautomatische Bandeinf\u00e4delung<\/li>\n<li>Bandende-Abfrage mit Bandrestauswurf<\/li>\n<li>automatischer Bandringauswurf bei Fehlausl\u00f6sung<\/li>\n<li>Verschleissfreie, zwangsgesteuerte Bandf\u00fchrung<\/li>\n<li>Potentialfreie Kontakte zu vor- und nachgeschalteten Anlagen<\/li>\n<li>f\u00fcr PP-Band 12mm<\/li>\n<li>Einstellm\u00f6glichkeiten der Arbeitsh\u00f6he des Rollentisches von 680mm &#8211; 800mm<\/li>\n<li>incl. motorisch angetriebenen Rollenein- und Auslauftischen<\/li>\n<\/ul>\n","protected":false},"excerpt":{"rendered":"<p>Intergration in jede Verarbeitungslinie m\u00f6glich Direktantriebe mit verschleissfreier Gleichstromtechnik Aufklappbare, direkt angetriebene Transportsysteme mit Frequenzregelung SPS Steuerung Siemens mit Touch Panel f\u00fcr optische Bedienf\u00fchrung und Anzeige der Maschinenfunktionen, Z\u00e4hlerst\u00e4nde, St\u00f6rmeldungen usw. Umreifungsabst\u00e4nde \u00fcber Touch Panel einstellbar Heizkeil- Schweisssystem mit elektronischer Heizungsregulierung in 24 V Technik Vollautomatische Bandeinf\u00e4delung Bandende-Abfrage mit Bandrestauswurf automatischer Bandringauswurf bei Fehlausl\u00f6sung Verschleissfreie, [&hellip;]<\/p>\n","protected":false},"featured_media":467,"template":"","meta":[],"product_brand":[],"product_cat":[166],"product_tag":[],"class_list":{"0":"post-6588","1":"product","2":"type-product","3":"status-publish","4":"has-post-thumbnail","6":"product_cat-umreifungsmaschinen","7":"pa_baujahr-198","8":"pa_hersteller-gerd-mosca","9":"pa_typ-ro-trs-4-1","11":"first","12":"instock","13":"sold-individually","14":"taxable","15":"shipping-taxable","16":"purchasable","17":"product-type-simple"},"jetpack_sharing_enabled":true,"_links":{"self":[{"href":"https:\/\/www.3p-gmbh.de\/pl\/wp-json\/wp\/v2\/product\/6588","targetHints":{"allow":["GET"]}}],"collection":[{"href":"https:\/\/www.3p-gmbh.de\/pl\/wp-json\/wp\/v2\/product"}],"about":[{"href":"https:\/\/www.3p-gmbh.de\/pl\/wp-json\/wp\/v2\/types\/product"}],"wp:featuredmedia":[{"embeddable":true,"href":"https:\/\/www.3p-gmbh.de\/pl\/wp-json\/wp\/v2\/media\/467"}],"wp:attachment":[{"href":"https:\/\/www.3p-gmbh.de\/pl\/wp-json\/wp\/v2\/media?parent=6588"}],"wp:term":[{"taxonomy":"product_brand","embeddable":true,"href":"https:\/\/www.3p-gmbh.de\/pl\/wp-json\/wp\/v2\/product_brand?post=6588"},{"taxonomy":"product_cat","embeddable":true,"href":"https:\/\/www.3p-gmbh.de\/pl\/wp-json\/wp\/v2\/product_cat?post=6588"},{"taxonomy":"product_tag","embeddable":true,"href":"https:\/\/www.3p-gmbh.de\/pl\/wp-json\/wp\/v2\/product_tag?post=6588"}],"curies":[{"name":"wp","href":"https:\/\/api.w.org\/{rel}","templated":true}]}}