{"id":6566,"date":"2019-07-11T13:51:44","date_gmt":"2019-07-11T13:51:44","guid":{"rendered":"http:\/\/www.3p-gmbh.de\/produkt\/winkelschweissmaschine\/"},"modified":"2019-11-13T12:59:45","modified_gmt":"2019-11-13T12:59:45","slug":"winkelschweissmaschine","status":"publish","type":"product","link":"https:\/\/www.3p-gmbh.de\/pl\/produkt\/winkelschweissmaschine\/","title":{"rendered":"Kallfass KC 5040-450 Universal Winkelschweissmaschine"},"content":{"rendered":"<p>Diese kompakte Winkelschweissmaschine mit Schrumpftunnel ist geschaffen f\u00fcr den anspruchsvollen industriellen Einsatz mit kombiniertem leistungsstarkem Schrumpftunnel. Gerade im harten Dauereinsatz zeigen sich die Qualit\u00e4ten dieser Baureihe: das Packgut l\u00e4sst sich schnell, wirtschaftlich und mit hoher Qualit\u00e4t verpacken. Die bew\u00e4hrte Impulsschweisstechnik mit teflonisiertem Trennschweissdraht sorgt f\u00fcr eine effektive und absolut geruchsfreie Arbeitsweise.<\/p>\n<ul>\n<li>Verpackungsart: manueller Folien-Volleinschlag<\/li>\n<li>Verpackungsleistung: bis zu 20 Takte\/Min.<\/li>\n<li>Formatbereich: Schweissrahmenabmessungen 500 x 400 mm<\/li>\n<li>Arbeitsbereich Breite 450mm<\/li>\n<li>Arbeitsbereich H\u00f6he 100-400mm<\/li>\n<li>Arbeitsh\u00f6he 870-970mm<\/li>\n<li>Transport mit Silikonstabkette Abstand 25mm<\/li>\n<li>Maschine auf Laufrollen<\/li>\n<li>motorischer Folienantrieb mit Nadelwalze<\/li>\n<\/ul>\n","protected":false},"excerpt":{"rendered":"<p>Diese kompakte Winkelschweissmaschine mit Schrumpftunnel ist geschaffen f\u00fcr den anspruchsvollen industriellen Einsatz mit kombiniertem leistungsstarkem Schrumpftunnel. Gerade im harten Dauereinsatz zeigen sich die Qualit\u00e4ten dieser Baureihe: das Packgut l\u00e4sst sich schnell, wirtschaftlich und mit hoher Qualit\u00e4t verpacken. Die bew\u00e4hrte Impulsschweisstechnik mit teflonisiertem Trennschweissdraht sorgt f\u00fcr eine effektive und absolut geruchsfreie Arbeitsweise. Verpackungsart: manueller Folien-Volleinschlag Verpackungsleistung: [&hellip;]<\/p>\n","protected":false},"featured_media":28,"template":"","meta":[],"product_brand":[],"product_cat":[76],"product_tag":[],"class_list":{"0":"post-6566","1":"product","2":"type-product","3":"status-publish","4":"has-post-thumbnail","6":"product_cat-folienverpackung-und-straffpacker","7":"pa_baujahr-127","8":"pa_hersteller-kallfass","9":"pa_typ-kc-5040-450-universal","11":"first","12":"instock","13":"sold-individually","14":"taxable","15":"shipping-taxable","16":"purchasable","17":"product-type-simple"},"jetpack_sharing_enabled":true,"_links":{"self":[{"href":"https:\/\/www.3p-gmbh.de\/pl\/wp-json\/wp\/v2\/product\/6566","targetHints":{"allow":["GET"]}}],"collection":[{"href":"https:\/\/www.3p-gmbh.de\/pl\/wp-json\/wp\/v2\/product"}],"about":[{"href":"https:\/\/www.3p-gmbh.de\/pl\/wp-json\/wp\/v2\/types\/product"}],"wp:featuredmedia":[{"embeddable":true,"href":"https:\/\/www.3p-gmbh.de\/pl\/wp-json\/wp\/v2\/media\/28"}],"wp:attachment":[{"href":"https:\/\/www.3p-gmbh.de\/pl\/wp-json\/wp\/v2\/media?parent=6566"}],"wp:term":[{"taxonomy":"product_brand","embeddable":true,"href":"https:\/\/www.3p-gmbh.de\/pl\/wp-json\/wp\/v2\/product_brand?post=6566"},{"taxonomy":"product_cat","embeddable":true,"href":"https:\/\/www.3p-gmbh.de\/pl\/wp-json\/wp\/v2\/product_cat?post=6566"},{"taxonomy":"product_tag","embeddable":true,"href":"https:\/\/www.3p-gmbh.de\/pl\/wp-json\/wp\/v2\/product_tag?post=6566"}],"curies":[{"name":"wp","href":"https:\/\/api.w.org\/{rel}","templated":true}]}}