{"id":43100,"date":"2022-02-10T14:59:04","date_gmt":"2022-02-10T14:59:04","guid":{"rendered":"https:\/\/www.3p-gmbh.de\/?post_type=product&#038;p=43100"},"modified":"2022-02-10T15:43:37","modified_gmt":"2022-02-10T15:43:37","slug":"gefahrstofflagerung-denios-ibc-station-1000-liter","status":"publish","type":"product","link":"https:\/\/www.3p-gmbh.de\/pl\/produkt\/gefahrstofflagerung-denios-ibc-station-1000-liter\/","title":{"rendered":"Gefahrstofflagerung Denios IBC Station 1000 Liter"},"content":{"rendered":"<p><strong>Denios IBC Station f\u00fcr 1000 Lite<\/strong><\/p>\n<p>Denios IBC-Station S aus PE &#8211; f\u00fcr die optimale Lagerung gef\u00e4hrlicher Fl\u00fcssigkeiten<br \/>\nideal zum Abstellen von 1.000-Liter-Beh\u00e4ltern oder kleineren Gebinden,<br \/>\nf\u00fcr die optimale Lagerung von diversen S\u00e4uren und Laugen sowie f\u00fcr \u00d6le<br \/>\nund nicht brennbare Reinigungschemikalien<\/p>\n<p>Abstellfl\u00e4che integriert<br \/>\nAuffangvolumen 1000 l<br \/>\nLagerort unter Dach<br \/>\nH\u00f6he 860 mm<br \/>\nBreite 1280 mm<br \/>\nL\u00e4nge 1660 mm<br \/>\nMaterial Polyethylen (PE)<br \/>\nKapazit\u00e4t KTC\/IBC1<br \/>\nAbstellfl\u00e4che Material Polyethylen (PE)<br \/>\nUnterbau mit St\u00fctzf\u00fc\u00dfen Staplerverfahrbar<br \/>\nTragkraft 2000 kg<\/p>\n<p>Zulassungenbauaufsichtliche Zulassung (DIBt)<br \/>\nEinstufung gew\u00e4ssergef\u00e4hrdende Fl\u00fcssigkeiten akut, chronisch GHS 1, chronisch GHS 2, chronisch GHS 3, chronisch GHS 4<br \/>\nEinstufung nach GefStoffV\/BetrSichVAuf Metalle korrosiv wirkend, haut\u00e4tzend, schwere Augensch\u00e4digung verursachend<br \/>\nFarbe blau<\/p>\n","protected":false},"excerpt":{"rendered":"<p>Denios IBC Station f\u00fcr 1000 Lite Denios IBC-Station S aus PE &#8211; f\u00fcr die optimale Lagerung gef\u00e4hrlicher Fl\u00fcssigkeiten ideal zum Abstellen von 1.000-Liter-Beh\u00e4ltern oder kleineren Gebinden, f\u00fcr die optimale Lagerung von diversen S\u00e4uren und Laugen sowie f\u00fcr \u00d6le und nicht brennbare Reinigungschemikalien Abstellfl\u00e4che integriert Auffangvolumen 1000 l Lagerort unter Dach H\u00f6he 860 mm Breite 1280 [&hellip;]<\/p>\n","protected":false},"featured_media":43105,"template":"","meta":[],"product_brand":[],"product_cat":[1458],"product_tag":[],"class_list":{"0":"post-43100","1":"product","2":"type-product","3":"status-publish","4":"has-post-thumbnail","6":"product_cat-sonstige-maschinen-und-anlagen","7":"pa_hersteller-denios","9":"first","10":"instock","11":"taxable","12":"shipping-taxable","13":"product-type-simple"},"jetpack_sharing_enabled":true,"_links":{"self":[{"href":"https:\/\/www.3p-gmbh.de\/pl\/wp-json\/wp\/v2\/product\/43100","targetHints":{"allow":["GET"]}}],"collection":[{"href":"https:\/\/www.3p-gmbh.de\/pl\/wp-json\/wp\/v2\/product"}],"about":[{"href":"https:\/\/www.3p-gmbh.de\/pl\/wp-json\/wp\/v2\/types\/product"}],"wp:featuredmedia":[{"embeddable":true,"href":"https:\/\/www.3p-gmbh.de\/pl\/wp-json\/wp\/v2\/media\/43105"}],"wp:attachment":[{"href":"https:\/\/www.3p-gmbh.de\/pl\/wp-json\/wp\/v2\/media?parent=43100"}],"wp:term":[{"taxonomy":"product_brand","embeddable":true,"href":"https:\/\/www.3p-gmbh.de\/pl\/wp-json\/wp\/v2\/product_brand?post=43100"},{"taxonomy":"product_cat","embeddable":true,"href":"https:\/\/www.3p-gmbh.de\/pl\/wp-json\/wp\/v2\/product_cat?post=43100"},{"taxonomy":"product_tag","embeddable":true,"href":"https:\/\/www.3p-gmbh.de\/pl\/wp-json\/wp\/v2\/product_tag?post=43100"}],"curies":[{"name":"wp","href":"https:\/\/api.w.org\/{rel}","templated":true}]}}