{"id":42709,"date":"2022-01-28T15:14:14","date_gmt":"2022-01-28T15:14:14","guid":{"rendered":"https:\/\/www.3p-gmbh.de\/?post_type=product&#038;p=42709"},"modified":"2022-01-28T15:14:14","modified_gmt":"2022-01-28T15:14:14","slug":"3-kopf-tisch-mehrkopf-block-und-broschueren-drahtheftmaschine-fuer-normalheftung-hohner-exact","status":"publish","type":"product","link":"https:\/\/www.3p-gmbh.de\/pl\/produkt\/3-kopf-tisch-mehrkopf-block-und-broschueren-drahtheftmaschine-fuer-normalheftung-hohner-exact\/","title":{"rendered":"3-Kopf Tisch Mehrkopf- Block- und Brosch\u00fcren- Drahtheftmaschine f\u00fcr Normalheftung HOHNER EXACT"},"content":{"rendered":"<p><strong>Tisch Mehrkopf-\u00a0Block-\u00a0und\u00a0Brosch\u00fcren-\u00a0Drahtheftmaschine\u00a0HOHNER\u00a0EXACT\u00a0f\u00fcr\u00a0Normalheftung<br \/>\n<\/strong><strong>Baujahr\u00a01991 &#8211;\u00a0komplett Werkstatt revidiert<\/strong><\/p>\n<p>Installation\u00a0von\u00a0bis\u00a0zu\u00a0vier\u00a0HOHNER-Schmalheftk\u00f6pfen\u00a0UNIVERSAL\u00a052\/8\u00a0f\u00fcr<br \/>\nNormalheftung,\u00a0Ring\u00f6senheftung\u00a0oder\u00a0gemischte\u00a0Anwendung.<br \/>\nGleicherma\u00dfen\u00a0hervorragend\u00a0geeignet\u00a0als\u00a0Solomaschine\u00a0oder\u00a0Einbauaggregat.<\/p>\n<p>-Maximale\u00a0Heftst\u00e4rke\u00a0von\u00a08\u00a0mm\u00a0bei\u00a0Normalheftung<br \/>\n-Leicht\u00a0umstellbarer\u00a0Hefttisch:\u00a0gerade\u00a0f\u00fcr\u00a0Bl\u00f6cke,\u00a0schr\u00e4g\u00a0f\u00fcr\u00a0Brosch\u00fcren.<br \/>\n-Heftst\u00e4rke\u00a0und\u00a0Drahtl\u00e4nge\u00a0werden\u00a0gleichzeitig\u00a0und\u00a0zentral\u00a0f\u00fcr\u00a0alle\u00a0K\u00f6pfe<br \/>\n\u00fcber\u00a0nur\u00a0einen\u00a0Hebel\u00a0eingestellt.<br \/>\n-Ein\u00a0r\u00fcckw\u00e4rtiger\u00a0und\u00a0zwei\u00a0seitliche\u00a0Anschl\u00e4ge,\u00a0alle\u00a0verstellbar,\u00a0sorgen<br \/>\ndaf\u00fcr,\u00a0da\u00df\u00a0die\u00a0Klammern\u00a0stets\u00a0an\u00a0der\u00a0gew\u00fcnschten\u00a0Stelle\u00a0positioniert\u00a0sind.<br \/>\n-Heftk\u00f6pfe\u00a0k\u00f6nnen\u00a0in\u00a0aller\u00a0Schnelle\u00a0entnommen\u00a0oder\u00a0angebracht,\u00a0seitlich<br \/>\nverschoben\u00a0oder\u00a0auch\u00a0einfach\u00a0nur\u00a0vor\u00fcbergehend\u00a0ab-\u00a0geschaltet\u00a0werden.<\/p>\n<p>-Maximale\u00a0Heftleistung:\u00a0je\u00a0Kopf\u00a0206\u00a0Klammern\u00a0\/\u00a0Minute.<\/p>\n<p>-Fu\u00dfausl\u00f6sung<br \/>\n-Tischgr\u00f6\u00dfe:\u00a0550\u00a0x\u00a0280\u00a0mm<br \/>\n-Einlegetiefe\u00a0ab\u00a0Klinscherkasten\u00a0165\u00a0mm<br \/>\n-Klammerabstand\u00a0max.\u00a0\u00a0330mm<br \/>\n-Klammerabstand\u00a0min.\u00a052-62\u00a0mm<\/p>\n","protected":false},"excerpt":{"rendered":"<p>Tisch Mehrkopf-\u00a0Block-\u00a0und\u00a0Brosch\u00fcren-\u00a0Drahtheftmaschine\u00a0HOHNER\u00a0EXACT\u00a0f\u00fcr\u00a0Normalheftung Baujahr\u00a01991 &#8211;\u00a0komplett Werkstatt revidiert Installation\u00a0von\u00a0bis\u00a0zu\u00a0vier\u00a0HOHNER-Schmalheftk\u00f6pfen\u00a0UNIVERSAL\u00a052\/8\u00a0f\u00fcr Normalheftung,\u00a0Ring\u00f6senheftung\u00a0oder\u00a0gemischte\u00a0Anwendung. Gleicherma\u00dfen\u00a0hervorragend\u00a0geeignet\u00a0als\u00a0Solomaschine\u00a0oder\u00a0Einbauaggregat. -Maximale\u00a0Heftst\u00e4rke\u00a0von\u00a08\u00a0mm\u00a0bei\u00a0Normalheftung -Leicht\u00a0umstellbarer\u00a0Hefttisch:\u00a0gerade\u00a0f\u00fcr\u00a0Bl\u00f6cke,\u00a0schr\u00e4g\u00a0f\u00fcr\u00a0Brosch\u00fcren. -Heftst\u00e4rke\u00a0und\u00a0Drahtl\u00e4nge\u00a0werden\u00a0gleichzeitig\u00a0und\u00a0zentral\u00a0f\u00fcr\u00a0alle\u00a0K\u00f6pfe \u00fcber\u00a0nur\u00a0einen\u00a0Hebel\u00a0eingestellt. -Ein\u00a0r\u00fcckw\u00e4rtiger\u00a0und\u00a0zwei\u00a0seitliche\u00a0Anschl\u00e4ge,\u00a0alle\u00a0verstellbar,\u00a0sorgen daf\u00fcr,\u00a0da\u00df\u00a0die\u00a0Klammern\u00a0stets\u00a0an\u00a0der\u00a0gew\u00fcnschten\u00a0Stelle\u00a0positioniert\u00a0sind. -Heftk\u00f6pfe\u00a0k\u00f6nnen\u00a0in\u00a0aller\u00a0Schnelle\u00a0entnommen\u00a0oder\u00a0angebracht,\u00a0seitlich verschoben\u00a0oder\u00a0auch\u00a0einfach\u00a0nur\u00a0vor\u00fcbergehend\u00a0ab-\u00a0geschaltet\u00a0werden. -Maximale\u00a0Heftleistung:\u00a0je\u00a0Kopf\u00a0206\u00a0Klammern\u00a0\/\u00a0Minute. -Fu\u00dfausl\u00f6sung -Tischgr\u00f6\u00dfe:\u00a0550\u00a0x\u00a0280\u00a0mm -Einlegetiefe\u00a0ab\u00a0Klinscherkasten\u00a0165\u00a0mm -Klammerabstand\u00a0max.\u00a0\u00a0330mm -Klammerabstand\u00a0min.\u00a052-62\u00a0mm<\/p>\n","protected":false},"featured_media":42710,"template":"","meta":[],"product_brand":[],"product_cat":[1750],"product_tag":[],"class_list":{"0":"post-42709","1":"product","2":"type-product","3":"status-publish","4":"has-post-thumbnail","6":"product_cat-heftmaschinen","7":"pa_hersteller-hohner","8":"pa_typ-exact","10":"first","11":"instock","12":"taxable","13":"shipping-taxable","14":"product-type-simple"},"jetpack_sharing_enabled":true,"_links":{"self":[{"href":"https:\/\/www.3p-gmbh.de\/pl\/wp-json\/wp\/v2\/product\/42709","targetHints":{"allow":["GET"]}}],"collection":[{"href":"https:\/\/www.3p-gmbh.de\/pl\/wp-json\/wp\/v2\/product"}],"about":[{"href":"https:\/\/www.3p-gmbh.de\/pl\/wp-json\/wp\/v2\/types\/product"}],"wp:featuredmedia":[{"embeddable":true,"href":"https:\/\/www.3p-gmbh.de\/pl\/wp-json\/wp\/v2\/media\/42710"}],"wp:attachment":[{"href":"https:\/\/www.3p-gmbh.de\/pl\/wp-json\/wp\/v2\/media?parent=42709"}],"wp:term":[{"taxonomy":"product_brand","embeddable":true,"href":"https:\/\/www.3p-gmbh.de\/pl\/wp-json\/wp\/v2\/product_brand?post=42709"},{"taxonomy":"product_cat","embeddable":true,"href":"https:\/\/www.3p-gmbh.de\/pl\/wp-json\/wp\/v2\/product_cat?post=42709"},{"taxonomy":"product_tag","embeddable":true,"href":"https:\/\/www.3p-gmbh.de\/pl\/wp-json\/wp\/v2\/product_tag?post=42709"}],"curies":[{"name":"wp","href":"https:\/\/api.w.org\/{rel}","templated":true}]}}