{"id":42645,"date":"2022-01-28T15:01:24","date_gmt":"2022-01-28T15:01:24","guid":{"rendered":"https:\/\/www.3p-gmbh.de\/?post_type=product&#038;p=42645"},"modified":"2022-01-28T15:01:24","modified_gmt":"2022-01-28T15:01:24","slug":"pernuma-perfoset-e-xl-loch-u-entwertungsgeraet","status":"publish","type":"product","link":"https:\/\/www.3p-gmbh.de\/pl\/produkt\/pernuma-perfoset-e-xl-loch-u-entwertungsgeraet\/","title":{"rendered":"Pernuma PERFOSET E\/XL  Loch- u. Entwertungsger\u00e4t"},"content":{"rendered":"<p><strong>Pernuma PERFOSET E\/XL\u00a0 Loch- u. Entwertungsger\u00e4t<\/strong><br \/>\n<strong>inkl. 1 fest eingbautes Werkzeug Stern\u00a0in \u00d8 8<\/strong><\/p>\n<p>Die PERFOSET E\/XL ist eine sehr robuste elektrische Loch-Entwertungsmaschine f\u00fcr den B\u00fcrobetrieb.<br \/>\nBis zu 100 Blatt (70 g) k\u00f6nnen in einem Arbeitsgang mit einem Lochzeichen gekennzeichnet werden.<br \/>\nDie Einfuhrtiefe betr\u00e4gt 85 mm.<\/p>\n<p>So lassen sich beispielsweise Ausweise, Scheckkarten oder Ausschreibungsunterlagen sicher markieren oder entwerten.<\/p>\n<p>Das gew\u00fcnschte Zeichen ist fest eingebaut.<\/p>\n<p>-robuste elektrische Tischmaschine mit einem festen Lochwerkzeug in \u00d8 8 mm (Standard)<br \/>\n-optional sind 13 verschiedene Stanztypen, andere Durchmesser (auch Eurolochung f\u00fcr Blister) gegen Aufpreis erh\u00e4ltlich<br \/>\n-Ausl\u00f6sung erfolgt durch seitlich angebrachten Druckknopf oder den el.Fu\u00dftaster<br \/>\n-Stanzleistung bis 100 Blatt (70 g\/m\u00b2-Papier)<br \/>\n-Einfuhrtiefe: ca. 85 mm (unterer bzw. oberer Rand des Papierbogens)<br \/>\n-verstellbarer Tiefen- u. Seitenanschlag<br \/>\n-Anschluss: 230 V \/ 50 Hz<br \/>\n-Ma\u00dfe: B390 x T590 x H270 mm (+Verpackung)<br \/>\n-Gewicht: 26<\/p>\n","protected":false},"excerpt":{"rendered":"<p>Pernuma PERFOSET E\/XL\u00a0 Loch- u. Entwertungsger\u00e4t inkl. 1 fest eingbautes Werkzeug Stern\u00a0in \u00d8 8 Die PERFOSET E\/XL ist eine sehr robuste elektrische Loch-Entwertungsmaschine f\u00fcr den B\u00fcrobetrieb. Bis zu 100 Blatt (70 g) k\u00f6nnen in einem Arbeitsgang mit einem Lochzeichen gekennzeichnet werden. Die Einfuhrtiefe betr\u00e4gt 85 mm. So lassen sich beispielsweise Ausweise, Scheckkarten oder Ausschreibungsunterlagen sicher [&hellip;]<\/p>\n","protected":false},"featured_media":42654,"template":"","meta":[],"product_brand":[],"product_cat":[1764,1760],"product_tag":[],"class_list":{"0":"post-42645","1":"product","2":"type-product","3":"status-publish","4":"has-post-thumbnail","6":"product_cat-sortimentsbuchbinderei","7":"product_cat-stanzen","8":"pa_hersteller-pernuma","9":"pa_typ-perfoset-e-xl","11":"first","12":"instock","13":"taxable","14":"shipping-taxable","15":"product-type-simple"},"jetpack_sharing_enabled":true,"_links":{"self":[{"href":"https:\/\/www.3p-gmbh.de\/pl\/wp-json\/wp\/v2\/product\/42645","targetHints":{"allow":["GET"]}}],"collection":[{"href":"https:\/\/www.3p-gmbh.de\/pl\/wp-json\/wp\/v2\/product"}],"about":[{"href":"https:\/\/www.3p-gmbh.de\/pl\/wp-json\/wp\/v2\/types\/product"}],"wp:featuredmedia":[{"embeddable":true,"href":"https:\/\/www.3p-gmbh.de\/pl\/wp-json\/wp\/v2\/media\/42654"}],"wp:attachment":[{"href":"https:\/\/www.3p-gmbh.de\/pl\/wp-json\/wp\/v2\/media?parent=42645"}],"wp:term":[{"taxonomy":"product_brand","embeddable":true,"href":"https:\/\/www.3p-gmbh.de\/pl\/wp-json\/wp\/v2\/product_brand?post=42645"},{"taxonomy":"product_cat","embeddable":true,"href":"https:\/\/www.3p-gmbh.de\/pl\/wp-json\/wp\/v2\/product_cat?post=42645"},{"taxonomy":"product_tag","embeddable":true,"href":"https:\/\/www.3p-gmbh.de\/pl\/wp-json\/wp\/v2\/product_tag?post=42645"}],"curies":[{"name":"wp","href":"https:\/\/api.w.org\/{rel}","templated":true}]}}