{"id":42484,"date":"2022-01-04T22:59:06","date_gmt":"2022-01-04T22:59:06","guid":{"rendered":"https:\/\/www.3p-gmbh.de\/?post_type=product&#038;p=42484"},"modified":"2022-01-04T22:59:06","modified_gmt":"2022-01-04T22:59:06","slug":"whitescreen-normlicht-abstimmpult-mit-asymmetrischer-ausleuchtung-von-pult-und-rueckwand","status":"publish","type":"product","link":"https:\/\/www.3p-gmbh.de\/pl\/produkt\/whitescreen-normlicht-abstimmpult-mit-asymmetrischer-ausleuchtung-von-pult-und-rueckwand\/","title":{"rendered":"WhiteScreen Normlicht Abstimmpult mit asymmetrischer Ausleuchtung von Pult und R\u00fcckwand"},"content":{"rendered":"<p><strong>WhiteScreen Normlicht Abstimmpult\u00a0mit asymmetrischer Ausleuchtung von Pult und R\u00fcckwand<\/strong><br \/>\nTischauflage ca. 60x90cm<\/p>\n<p>mit Schubladenschrank<br \/>\n&#8211; eine Werkzeugschublade ca. 15cm H\u00f6he<br \/>\n&#8211; sieben Ablagef\u00e4cher ca. 6cm H\u00f6he<\/p>\n","protected":false},"excerpt":{"rendered":"<p>WhiteScreen Normlicht Abstimmpult\u00a0mit asymmetrischer Ausleuchtung von Pult und R\u00fcckwand Tischauflage ca. 60x90cm mit Schubladenschrank &#8211; eine Werkzeugschublade ca. 15cm H\u00f6he &#8211; sieben Ablagef\u00e4cher ca. 6cm H\u00f6he<\/p>\n","protected":false},"featured_media":42485,"template":"","meta":[],"product_brand":[],"product_cat":[1780],"product_tag":[],"class_list":{"0":"post-42484","1":"product","2":"type-product","3":"status-publish","4":"has-post-thumbnail","6":"product_cat-messgeraete-und-qualitaetssicherung","8":"first","9":"instock","10":"taxable","11":"shipping-taxable","12":"product-type-simple"},"jetpack_sharing_enabled":true,"_links":{"self":[{"href":"https:\/\/www.3p-gmbh.de\/pl\/wp-json\/wp\/v2\/product\/42484","targetHints":{"allow":["GET"]}}],"collection":[{"href":"https:\/\/www.3p-gmbh.de\/pl\/wp-json\/wp\/v2\/product"}],"about":[{"href":"https:\/\/www.3p-gmbh.de\/pl\/wp-json\/wp\/v2\/types\/product"}],"wp:featuredmedia":[{"embeddable":true,"href":"https:\/\/www.3p-gmbh.de\/pl\/wp-json\/wp\/v2\/media\/42485"}],"wp:attachment":[{"href":"https:\/\/www.3p-gmbh.de\/pl\/wp-json\/wp\/v2\/media?parent=42484"}],"wp:term":[{"taxonomy":"product_brand","embeddable":true,"href":"https:\/\/www.3p-gmbh.de\/pl\/wp-json\/wp\/v2\/product_brand?post=42484"},{"taxonomy":"product_cat","embeddable":true,"href":"https:\/\/www.3p-gmbh.de\/pl\/wp-json\/wp\/v2\/product_cat?post=42484"},{"taxonomy":"product_tag","embeddable":true,"href":"https:\/\/www.3p-gmbh.de\/pl\/wp-json\/wp\/v2\/product_tag?post=42484"}],"curies":[{"name":"wp","href":"https:\/\/api.w.org\/{rel}","templated":true}]}}