{"id":42148,"date":"2021-12-05T20:55:29","date_gmt":"2021-12-05T20:55:29","guid":{"rendered":"https:\/\/www.3p-gmbh.de\/?post_type=product&#038;p=42148"},"modified":"2021-12-05T20:55:29","modified_gmt":"2021-12-05T20:55:29","slug":"schaltkurven-fuer-nummerierwerk-heidelberg-speedmaster-sm-52","status":"publish","type":"product","link":"https:\/\/www.3p-gmbh.de\/pl\/produkt\/schaltkurven-fuer-nummerierwerk-heidelberg-speedmaster-sm-52\/","title":{"rendered":"Schaltkurven f\u00fcr Nummerierwerk Heidelberg Speedmaster SM 52"},"content":{"rendered":"<p><strong>Schaltkurven f\u00fcr Nummerierwerk Heidelberg Speedmaster SM 52<\/strong><\/p>\n<p>diverse Schaltkurven, Wellen\u00a0und auch Sitzringe f\u00fcr SM 52<\/p>\n<p>Schaltkurven SM 52 LH-Ausf\u00fchrung<br \/>\nSchaltkurven SM 52 LR-Ausf\u00fchrung<br \/>\nSchaltkurven SM 52\u00a0 Doppel-Ausf\u00fchrung\u00a0\u00a0also LH und LR zusammen wenn der Platz zwischen den Werken sehr gering ist<br \/>\nSitzring<\/p>\n","protected":false},"excerpt":{"rendered":"<p>Schaltkurven f\u00fcr Nummerierwerk Heidelberg Speedmaster SM 52 diverse Schaltkurven, Wellen\u00a0und auch Sitzringe f\u00fcr SM 52 Schaltkurven SM 52 LH-Ausf\u00fchrung Schaltkurven SM 52 LR-Ausf\u00fchrung Schaltkurven SM 52\u00a0 Doppel-Ausf\u00fchrung\u00a0\u00a0also LH und LR zusammen wenn der Platz zwischen den Werken sehr gering ist Sitzring<\/p>\n","protected":false},"featured_media":42149,"template":"","meta":[],"product_brand":[],"product_cat":[418],"product_tag":[],"class_list":{"0":"post-42148","1":"product","2":"type-product","3":"status-publish","4":"has-post-thumbnail","6":"product_cat-druckmaschinenzubehoer-und-ersatzteile","8":"first","9":"instock","10":"taxable","11":"shipping-taxable","12":"product-type-simple"},"jetpack_sharing_enabled":true,"_links":{"self":[{"href":"https:\/\/www.3p-gmbh.de\/pl\/wp-json\/wp\/v2\/product\/42148","targetHints":{"allow":["GET"]}}],"collection":[{"href":"https:\/\/www.3p-gmbh.de\/pl\/wp-json\/wp\/v2\/product"}],"about":[{"href":"https:\/\/www.3p-gmbh.de\/pl\/wp-json\/wp\/v2\/types\/product"}],"wp:featuredmedia":[{"embeddable":true,"href":"https:\/\/www.3p-gmbh.de\/pl\/wp-json\/wp\/v2\/media\/42149"}],"wp:attachment":[{"href":"https:\/\/www.3p-gmbh.de\/pl\/wp-json\/wp\/v2\/media?parent=42148"}],"wp:term":[{"taxonomy":"product_brand","embeddable":true,"href":"https:\/\/www.3p-gmbh.de\/pl\/wp-json\/wp\/v2\/product_brand?post=42148"},{"taxonomy":"product_cat","embeddable":true,"href":"https:\/\/www.3p-gmbh.de\/pl\/wp-json\/wp\/v2\/product_cat?post=42148"},{"taxonomy":"product_tag","embeddable":true,"href":"https:\/\/www.3p-gmbh.de\/pl\/wp-json\/wp\/v2\/product_tag?post=42148"}],"curies":[{"name":"wp","href":"https:\/\/api.w.org\/{rel}","templated":true}]}}