{"id":41998,"date":"2021-11-18T10:52:31","date_gmt":"2021-11-18T10:52:31","guid":{"rendered":"https:\/\/www.3p-gmbh.de\/?post_type=product&#038;p=41998"},"modified":"2021-11-18T10:52:31","modified_gmt":"2021-11-18T10:52:31","slug":"hima-ba-350-30-bandiergeraet-tischbuendler-banderolierautomat","status":"publish","type":"product","link":"https:\/\/www.3p-gmbh.de\/pl\/produkt\/hima-ba-350-30-bandiergeraet-tischbuendler-banderolierautomat\/","title":{"rendered":"Hima BA 350-30 Bandierger\u00e4t Tischb\u00fcndler Banderolierautomat"},"content":{"rendered":"<p><strong>Hima BA 350-30 Bandierger\u00e4t Tischb\u00fcndler Banderolierautomat\u00a0<\/strong><\/p>\n<ul>\n<li>Automatische Erstellung von Banderolen unter Verwendung von Kraftpapier oder PE-Folie<\/li>\n<li>Leistung bis 23 Banderolen pro Minute je nach Packgutgr\u00f6\u00dfe<\/li>\n<li>Leise und schnell<\/li>\n<li>Produktbreite 30-350 mm<\/li>\n<li>Produkth\u00f6he 5-200 mm<\/li>\n<li>Bandbreite 30 mm<\/li>\n<li>Stufenlose Einstellung der Bandspannung verhindert Besch\u00e4digung des Packgutes<\/li>\n<li>Einfache Bedienung<\/li>\n<li>Taktausl\u00f6sung \u00fcber Drucktaster oder Fu\u00dfschalter<\/li>\n<li>Automatische Taktausl\u00f6sung<\/li>\n<li>Papierschlaufe stufenlos verstellbar<\/li>\n<\/ul>\n<p><strong><em>Technische Daten<\/em><\/strong><br \/>\nAbmessungen: L 540 x B 350 x H 420 mm<br \/>\nel. Anschlu\u00dfwert: 220 V \/ 50 Hz \/ 140 W<br \/>\nGewicht: ca. 32 kg<\/p>\n","protected":false},"excerpt":{"rendered":"<p>Hima BA 350-30 Bandierger\u00e4t Tischb\u00fcndler Banderolierautomat\u00a0 Automatische Erstellung von Banderolen unter Verwendung von Kraftpapier oder PE-Folie Leistung bis 23 Banderolen pro Minute je nach Packgutgr\u00f6\u00dfe Leise und schnell Produktbreite 30-350 mm Produkth\u00f6he 5-200 mm Bandbreite 30 mm Stufenlose Einstellung der Bandspannung verhindert Besch\u00e4digung des Packgutes Einfache Bedienung Taktausl\u00f6sung \u00fcber Drucktaster oder Fu\u00dfschalter Automatische Taktausl\u00f6sung Papierschlaufe [&hellip;]<\/p>\n","protected":false},"featured_media":42003,"template":"","meta":[],"product_brand":[],"product_cat":[1746],"product_tag":[],"class_list":{"0":"post-41998","1":"product","2":"type-product","3":"status-publish","4":"has-post-thumbnail","6":"product_cat-banderoliermaschinen","7":"pa_hersteller-hima","8":"pa_typ-ba-350-30","10":"first","11":"instock","12":"taxable","13":"shipping-taxable","14":"product-type-simple"},"jetpack_sharing_enabled":true,"_links":{"self":[{"href":"https:\/\/www.3p-gmbh.de\/pl\/wp-json\/wp\/v2\/product\/41998","targetHints":{"allow":["GET"]}}],"collection":[{"href":"https:\/\/www.3p-gmbh.de\/pl\/wp-json\/wp\/v2\/product"}],"about":[{"href":"https:\/\/www.3p-gmbh.de\/pl\/wp-json\/wp\/v2\/types\/product"}],"wp:featuredmedia":[{"embeddable":true,"href":"https:\/\/www.3p-gmbh.de\/pl\/wp-json\/wp\/v2\/media\/42003"}],"wp:attachment":[{"href":"https:\/\/www.3p-gmbh.de\/pl\/wp-json\/wp\/v2\/media?parent=41998"}],"wp:term":[{"taxonomy":"product_brand","embeddable":true,"href":"https:\/\/www.3p-gmbh.de\/pl\/wp-json\/wp\/v2\/product_brand?post=41998"},{"taxonomy":"product_cat","embeddable":true,"href":"https:\/\/www.3p-gmbh.de\/pl\/wp-json\/wp\/v2\/product_cat?post=41998"},{"taxonomy":"product_tag","embeddable":true,"href":"https:\/\/www.3p-gmbh.de\/pl\/wp-json\/wp\/v2\/product_tag?post=41998"}],"curies":[{"name":"wp","href":"https:\/\/api.w.org\/{rel}","templated":true}]}}