{"id":41857,"date":"2021-11-18T10:35:19","date_gmt":"2021-11-18T10:35:19","guid":{"rendered":"https:\/\/www.3p-gmbh.de\/?post_type=product&#038;p=41857"},"modified":"2021-11-18T10:35:20","modified_gmt":"2021-11-18T10:35:20","slug":"halbautomatisch-einstellbare-taschenfalzmaschine-mathias-baeuerle-multimaster-cas-38-4-fl38-sa","status":"publish","type":"product","link":"https:\/\/www.3p-gmbh.de\/pl\/produkt\/halbautomatisch-einstellbare-taschenfalzmaschine-mathias-baeuerle-multimaster-cas-38-4-fl38-sa\/","title":{"rendered":"halbautomatisch einstellbare Taschenfalzmaschine Mathias B\u00e4uerle Multimaster CAS 38-4-FL38-SA"},"content":{"rendered":"<p><strong>Mathias B\u00e4uerle Falzmaschine CAS 38-4-FL38-SA<\/strong><br \/>\n<strong>Baujahr 2008<\/strong><br \/>\n<strong>wird komplett \u00fcberholt ausgeliefert<\/strong><\/p>\n<p>Besteht\u00a0aus:<\/p>\n<ul>\n<li>FSA 38 Flachstapelanleger mit Hinterkantentrenner, Doppelblattkontrolle und Ausrichttisch, Gesamtz\u00e4hler, Vorwahlz\u00e4hler, Bogenlauf\u00fcberwachung, Leistungsanzeige<\/li>\n<li>Kompressor\u00a0PICO<\/li>\n<li>Falzwerk Multimaster CAS 38-4<br \/>\n&#8211; 4 automatische einstellbare Falztaschen<br \/>\n&#8211; manuell einstellbare Falzwalzen<\/li>\n<li>Schuppenauslage SA<\/li>\n<\/ul>\n","protected":false},"excerpt":{"rendered":"<p>Mathias B\u00e4uerle Falzmaschine CAS 38-4-FL38-SA Baujahr 2008 wird komplett \u00fcberholt ausgeliefert Besteht\u00a0aus: FSA 38 Flachstapelanleger mit Hinterkantentrenner, Doppelblattkontrolle und Ausrichttisch, Gesamtz\u00e4hler, Vorwahlz\u00e4hler, Bogenlauf\u00fcberwachung, Leistungsanzeige Kompressor\u00a0PICO Falzwerk Multimaster CAS 38-4 &#8211; 4 automatische einstellbare Falztaschen &#8211; manuell einstellbare Falzwalzen Schuppenauslage SA<\/p>\n","protected":false},"featured_media":41866,"template":"","meta":[],"product_brand":[],"product_cat":[83],"product_tag":[],"class_list":{"0":"post-41857","1":"product","2":"type-product","3":"status-publish","4":"has-post-thumbnail","6":"product_cat-falzmaschinen","7":"pa_hersteller-mathias-baeuerle","8":"pa_typ-cas-38-4-fl38-sa","10":"first","11":"instock","12":"taxable","13":"shipping-taxable","14":"product-type-simple"},"jetpack_sharing_enabled":true,"_links":{"self":[{"href":"https:\/\/www.3p-gmbh.de\/pl\/wp-json\/wp\/v2\/product\/41857","targetHints":{"allow":["GET"]}}],"collection":[{"href":"https:\/\/www.3p-gmbh.de\/pl\/wp-json\/wp\/v2\/product"}],"about":[{"href":"https:\/\/www.3p-gmbh.de\/pl\/wp-json\/wp\/v2\/types\/product"}],"wp:featuredmedia":[{"embeddable":true,"href":"https:\/\/www.3p-gmbh.de\/pl\/wp-json\/wp\/v2\/media\/41866"}],"wp:attachment":[{"href":"https:\/\/www.3p-gmbh.de\/pl\/wp-json\/wp\/v2\/media?parent=41857"}],"wp:term":[{"taxonomy":"product_brand","embeddable":true,"href":"https:\/\/www.3p-gmbh.de\/pl\/wp-json\/wp\/v2\/product_brand?post=41857"},{"taxonomy":"product_cat","embeddable":true,"href":"https:\/\/www.3p-gmbh.de\/pl\/wp-json\/wp\/v2\/product_cat?post=41857"},{"taxonomy":"product_tag","embeddable":true,"href":"https:\/\/www.3p-gmbh.de\/pl\/wp-json\/wp\/v2\/product_tag?post=41857"}],"curies":[{"name":"wp","href":"https:\/\/api.w.org\/{rel}","templated":true}]}}