{"id":41721,"date":"2021-11-18T10:00:20","date_gmt":"2021-11-18T10:00:20","guid":{"rendered":"https:\/\/www.3p-gmbh.de\/?post_type=product&#038;p=41721"},"modified":"2021-11-18T10:00:20","modified_gmt":"2021-11-18T10:00:20","slug":"constantin-hang-oesmaschine-hang-101-11-piccolo-iii-mit-auflagentisch-und-anschlag","status":"publish","type":"product","link":"https:\/\/www.3p-gmbh.de\/pl\/produkt\/constantin-hang-oesmaschine-hang-101-11-piccolo-iii-mit-auflagentisch-und-anschlag\/","title":{"rendered":"Constantin Hang \u00d6smaschine  Hang 101-11 Piccolo III  mit Auflagentisch und Anschlag"},"content":{"rendered":"<p><strong>Constantin Hang \u00d6smaschine Hang 101-11 Piccolo III mit Auflagentisch und Anschlag<\/strong><\/p>\n<ul>\n<li>F\u00fcr Papier, Karton o. \u00e4. Materialien bis zu 2 mm St\u00e4rke.<\/li>\n<li>Un\u00fcbertroffen, konkurrenzlos leichtg\u00e4ngig<\/li>\n<li>Mit automatischer \u00d6szuf\u00fchrung \u00fcber Magazin<\/li>\n<li>Locht und \u00f6st in einem Arbeitsgang, wobei die \u00d6se selbst das Loch stanzt<\/li>\n<li>f\u00fcr \u00d6sen 5,5 mm Innendurchmesser (Abheftlochung)<\/li>\n<li>Einsetzbar mit \u00d6senmodell 24 f\u00fcr 2-15 Blatt<\/li>\n<\/ul>\n","protected":false},"excerpt":{"rendered":"<p>Constantin Hang \u00d6smaschine Hang 101-11 Piccolo III mit Auflagentisch und Anschlag F\u00fcr Papier, Karton o. \u00e4. Materialien bis zu 2 mm St\u00e4rke. Un\u00fcbertroffen, konkurrenzlos leichtg\u00e4ngig Mit automatischer \u00d6szuf\u00fchrung \u00fcber Magazin Locht und \u00f6st in einem Arbeitsgang, wobei die \u00d6se selbst das Loch stanzt f\u00fcr \u00d6sen 5,5 mm Innendurchmesser (Abheftlochung) Einsetzbar mit \u00d6senmodell 24 f\u00fcr 2-15 [&hellip;]<\/p>\n","protected":false},"featured_media":41722,"template":"","meta":[],"product_brand":[],"product_cat":[1756],"product_tag":[],"class_list":{"0":"post-41721","1":"product","2":"type-product","3":"status-publish","4":"has-post-thumbnail","6":"product_cat-oesmaschinen","7":"pa_hersteller-constantin-hang","8":"pa_typ-101-11-piccolo-iii","10":"first","11":"instock","12":"taxable","13":"shipping-taxable","14":"product-type-simple"},"jetpack_sharing_enabled":true,"_links":{"self":[{"href":"https:\/\/www.3p-gmbh.de\/pl\/wp-json\/wp\/v2\/product\/41721","targetHints":{"allow":["GET"]}}],"collection":[{"href":"https:\/\/www.3p-gmbh.de\/pl\/wp-json\/wp\/v2\/product"}],"about":[{"href":"https:\/\/www.3p-gmbh.de\/pl\/wp-json\/wp\/v2\/types\/product"}],"wp:featuredmedia":[{"embeddable":true,"href":"https:\/\/www.3p-gmbh.de\/pl\/wp-json\/wp\/v2\/media\/41722"}],"wp:attachment":[{"href":"https:\/\/www.3p-gmbh.de\/pl\/wp-json\/wp\/v2\/media?parent=41721"}],"wp:term":[{"taxonomy":"product_brand","embeddable":true,"href":"https:\/\/www.3p-gmbh.de\/pl\/wp-json\/wp\/v2\/product_brand?post=41721"},{"taxonomy":"product_cat","embeddable":true,"href":"https:\/\/www.3p-gmbh.de\/pl\/wp-json\/wp\/v2\/product_cat?post=41721"},{"taxonomy":"product_tag","embeddable":true,"href":"https:\/\/www.3p-gmbh.de\/pl\/wp-json\/wp\/v2\/product_tag?post=41721"}],"curies":[{"name":"wp","href":"https:\/\/api.w.org\/{rel}","templated":true}]}}