{"id":41683,"date":"2021-11-18T09:53:09","date_gmt":"2021-11-18T09:53:09","guid":{"rendered":"https:\/\/www.3p-gmbh.de\/?post_type=product&#038;p=41683"},"modified":"2021-11-18T09:53:09","modified_gmt":"2021-11-18T09:53:09","slug":"blockleimmaschine-automation-blox-50-u","status":"publish","type":"product","link":"https:\/\/www.3p-gmbh.de\/pl\/produkt\/blockleimmaschine-automation-blox-50-u\/","title":{"rendered":"Blockleimmaschine Automation Blox 50 U"},"content":{"rendered":"<p><strong>Blockleimmaschine Automation Blox 50 U<\/strong><br \/>\n<strong>aus Bj. 1994<\/strong><\/p>\n<p>zur rationellen Fertigung von Blocks aller Art in einem Formatbereich von DIN A6 bis DIN A3<br \/>\nund sowohl f\u00fcr kleine als auch f\u00fcr gr\u00f6\u00dfere Auflagen entwickelt.<\/p>\n<p>Die Blocks werden von Hand angelegt.<br \/>\nAbh\u00e4ngig von der Art des Blocks, deren Dicke und Gr\u00f6sse sowie der Vorbereitung,<br \/>\nkann durch einen Anleger bis 1800 Blocks aufgelegt werden.<\/p>\n<p>Der senkrechte Heissleimkopf ist Teil des gesamten, luftdicht geschlossenen,<br \/>\nwartungsfreien und geruchlosen Leimsystems.<\/p>\n<p>Der Umschlaganleger mit Rilleinrichtung f\u00fchrt die Deckbl\u00e4tter zu,<br \/>\ndie an der geleimten Seite umgelegt und von dem reaktivierten Heissleim an der Unterpappe befestigt werden.<\/p>\n<p>Auf dem Auslagetisch werden die Bl\u00f6cke gez\u00e4hlt und exakt gestapelt<br \/>\nund fertig f\u00fcr die Verpackung herausbef\u00f6rdert.<\/p>\n<p>Die komplette Maschinenbeschreibung entnehmen Sie bitte dem Dokument im Anhang<\/p>\n<p><a href=\"https:\/\/www.3p-gmbh.de\/wp-content\/uploads\/2021\/11\/BLOX-50-U_Deutsch.doc\">BLOX 50 U_Deutsch<\/a><\/p>\n","protected":false},"excerpt":{"rendered":"<p>Blockleimmaschine Automation Blox 50 U aus Bj. 1994 zur rationellen Fertigung von Blocks aller Art in einem Formatbereich von DIN A6 bis DIN A3 und sowohl f\u00fcr kleine als auch f\u00fcr gr\u00f6\u00dfere Auflagen entwickelt. Die Blocks werden von Hand angelegt. Abh\u00e4ngig von der Art des Blocks, deren Dicke und Gr\u00f6sse sowie der Vorbereitung, kann durch [&hellip;]<\/p>\n","protected":false},"featured_media":41688,"template":"","meta":[],"product_brand":[],"product_cat":[1764],"product_tag":[],"class_list":{"0":"post-41683","1":"product","2":"type-product","3":"status-publish","4":"has-post-thumbnail","6":"product_cat-sortimentsbuchbinderei","7":"pa_hersteller-automation","8":"pa_typ-blox-50-u","10":"first","11":"instock","12":"taxable","13":"shipping-taxable","14":"product-type-simple"},"jetpack_sharing_enabled":true,"_links":{"self":[{"href":"https:\/\/www.3p-gmbh.de\/pl\/wp-json\/wp\/v2\/product\/41683","targetHints":{"allow":["GET"]}}],"collection":[{"href":"https:\/\/www.3p-gmbh.de\/pl\/wp-json\/wp\/v2\/product"}],"about":[{"href":"https:\/\/www.3p-gmbh.de\/pl\/wp-json\/wp\/v2\/types\/product"}],"wp:featuredmedia":[{"embeddable":true,"href":"https:\/\/www.3p-gmbh.de\/pl\/wp-json\/wp\/v2\/media\/41688"}],"wp:attachment":[{"href":"https:\/\/www.3p-gmbh.de\/pl\/wp-json\/wp\/v2\/media?parent=41683"}],"wp:term":[{"taxonomy":"product_brand","embeddable":true,"href":"https:\/\/www.3p-gmbh.de\/pl\/wp-json\/wp\/v2\/product_brand?post=41683"},{"taxonomy":"product_cat","embeddable":true,"href":"https:\/\/www.3p-gmbh.de\/pl\/wp-json\/wp\/v2\/product_cat?post=41683"},{"taxonomy":"product_tag","embeddable":true,"href":"https:\/\/www.3p-gmbh.de\/pl\/wp-json\/wp\/v2\/product_tag?post=41683"}],"curies":[{"name":"wp","href":"https:\/\/api.w.org\/{rel}","templated":true}]}}