{"id":41661,"date":"2021-11-18T09:46:22","date_gmt":"2021-11-18T09:46:22","guid":{"rendered":"https:\/\/www.3p-gmbh.de\/?post_type=product&#038;p=41661"},"modified":"2021-11-18T09:46:22","modified_gmt":"2021-11-18T09:46:22","slug":"kleinkompressor-elektra-beckum-basic-euro","status":"publish","type":"product","link":"https:\/\/www.3p-gmbh.de\/pl\/produkt\/kleinkompressor-elektra-beckum-basic-euro\/","title":{"rendered":"Kleinkompressor Elektra Beckum Basic Euro"},"content":{"rendered":"<p><strong>Kleinkompressor Elektra Beckum Basic Euro<\/strong><br \/>\naus 2003<\/p>\n<p>sehr robuster, fahrbarer Kolbenkompressor &#8211; geeignet f\u00fcr kleine und vielf\u00e4ltige gewerbliche Anwendungen<br \/>\nf\u00fcr Einphasen-Wechselstrom mit Druckminderer f\u00fcr geregelten Arbeitsdruck<\/p>\n<p>Technische Daten<br \/>\nAnsaugleistung: 220 l\/min<br \/>\nF\u00fcllleistung: 110 l\/min<br \/>\nMax. Druck: 8 bar<br \/>\nNennaufnahmeleistung: 1,1 kW<br \/>\nDrehzahl: 2.850 \/min<br \/>\nSpannung: 230 V<br \/>\nKesselgr\u00f6\u00dfe: 24 l<br \/>\nGewicht: 21,5 kg<br \/>\nAbmessungen: 600 x 260 x 660 mm<\/p>\n","protected":false},"excerpt":{"rendered":"<p>Kleinkompressor Elektra Beckum Basic Euro aus 2003 sehr robuster, fahrbarer Kolbenkompressor &#8211; geeignet f\u00fcr kleine und vielf\u00e4ltige gewerbliche Anwendungen f\u00fcr Einphasen-Wechselstrom mit Druckminderer f\u00fcr geregelten Arbeitsdruck Technische Daten Ansaugleistung: 220 l\/min F\u00fcllleistung: 110 l\/min Max. Druck: 8 bar Nennaufnahmeleistung: 1,1 kW Drehzahl: 2.850 \/min Spannung: 230 V Kesselgr\u00f6\u00dfe: 24 l Gewicht: 21,5 kg Abmessungen: 600 [&hellip;]<\/p>\n","protected":false},"featured_media":41662,"template":"","meta":[],"product_brand":[],"product_cat":[1492],"product_tag":[],"class_list":{"0":"post-41661","1":"product","2":"type-product","3":"status-publish","4":"has-post-thumbnail","6":"product_cat-kompressoren-und-vakuumpumpen","7":"pa_hersteller-elektra-beckum","8":"pa_typ-basic-euro","10":"first","11":"instock","12":"taxable","13":"shipping-taxable","14":"product-type-simple"},"jetpack_sharing_enabled":true,"_links":{"self":[{"href":"https:\/\/www.3p-gmbh.de\/pl\/wp-json\/wp\/v2\/product\/41661","targetHints":{"allow":["GET"]}}],"collection":[{"href":"https:\/\/www.3p-gmbh.de\/pl\/wp-json\/wp\/v2\/product"}],"about":[{"href":"https:\/\/www.3p-gmbh.de\/pl\/wp-json\/wp\/v2\/types\/product"}],"wp:featuredmedia":[{"embeddable":true,"href":"https:\/\/www.3p-gmbh.de\/pl\/wp-json\/wp\/v2\/media\/41662"}],"wp:attachment":[{"href":"https:\/\/www.3p-gmbh.de\/pl\/wp-json\/wp\/v2\/media?parent=41661"}],"wp:term":[{"taxonomy":"product_brand","embeddable":true,"href":"https:\/\/www.3p-gmbh.de\/pl\/wp-json\/wp\/v2\/product_brand?post=41661"},{"taxonomy":"product_cat","embeddable":true,"href":"https:\/\/www.3p-gmbh.de\/pl\/wp-json\/wp\/v2\/product_cat?post=41661"},{"taxonomy":"product_tag","embeddable":true,"href":"https:\/\/www.3p-gmbh.de\/pl\/wp-json\/wp\/v2\/product_tag?post=41661"}],"curies":[{"name":"wp","href":"https:\/\/api.w.org\/{rel}","templated":true}]}}