{"id":41517,"date":"2021-10-26T12:55:52","date_gmt":"2021-10-26T12:55:52","guid":{"rendered":"https:\/\/www.3p-gmbh.de\/?post_type=product&#038;p=41517"},"modified":"2021-10-26T12:55:53","modified_gmt":"2021-10-26T12:55:53","slug":"oberpluesch-cw-22x30-fuer-adt-nyloprintgeraet-auswascher-basf-flint-group","status":"publish","type":"product","link":"https:\/\/www.3p-gmbh.de\/pl\/produkt\/oberpluesch-cw-22x30-fuer-adt-nyloprintgeraet-auswascher-basf-flint-group\/","title":{"rendered":"Oberpl\u00fcsch CW 22&#215;30 f\u00fcr ADT Nyloprintger\u00e4t Auswascher  BASF Flint Group"},"content":{"rendered":"<p><strong>Oberpl\u00fcsch CW 22&#215;30 f\u00fcr ADT Nyloprintger\u00e4t Auswascher\u00a0 BASF Flint Group<\/strong><\/p>\n","protected":false},"excerpt":{"rendered":"<p>Oberpl\u00fcsch CW 22&#215;30 f\u00fcr ADT Nyloprintger\u00e4t Auswascher\u00a0 BASF Flint Group<\/p>\n","protected":false},"featured_media":41522,"template":"","meta":[],"product_brand":[],"product_cat":[331],"product_tag":[],"class_list":{"0":"post-41517","1":"product","2":"type-product","3":"status-publish","4":"has-post-thumbnail","6":"product_cat-siebdruck-flexo-und-tiefdruck","8":"first","9":"instock","10":"taxable","11":"shipping-taxable","12":"product-type-simple"},"jetpack_sharing_enabled":true,"_links":{"self":[{"href":"https:\/\/www.3p-gmbh.de\/pl\/wp-json\/wp\/v2\/product\/41517","targetHints":{"allow":["GET"]}}],"collection":[{"href":"https:\/\/www.3p-gmbh.de\/pl\/wp-json\/wp\/v2\/product"}],"about":[{"href":"https:\/\/www.3p-gmbh.de\/pl\/wp-json\/wp\/v2\/types\/product"}],"wp:featuredmedia":[{"embeddable":true,"href":"https:\/\/www.3p-gmbh.de\/pl\/wp-json\/wp\/v2\/media\/41522"}],"wp:attachment":[{"href":"https:\/\/www.3p-gmbh.de\/pl\/wp-json\/wp\/v2\/media?parent=41517"}],"wp:term":[{"taxonomy":"product_brand","embeddable":true,"href":"https:\/\/www.3p-gmbh.de\/pl\/wp-json\/wp\/v2\/product_brand?post=41517"},{"taxonomy":"product_cat","embeddable":true,"href":"https:\/\/www.3p-gmbh.de\/pl\/wp-json\/wp\/v2\/product_cat?post=41517"},{"taxonomy":"product_tag","embeddable":true,"href":"https:\/\/www.3p-gmbh.de\/pl\/wp-json\/wp\/v2\/product_tag?post=41517"}],"curies":[{"name":"wp","href":"https:\/\/api.w.org\/{rel}","templated":true}]}}