{"id":41447,"date":"2021-10-26T12:47:47","date_gmt":"2021-10-26T12:47:47","guid":{"rendered":"https:\/\/www.3p-gmbh.de\/?post_type=product&#038;p=41447"},"modified":"2021-10-26T12:47:47","modified_gmt":"2021-10-26T12:47:47","slug":"ag2s-pneumatisch-arbeitende-schweissmaschine-fuer-ordnerdecken-spm-09","status":"publish","type":"product","link":"https:\/\/www.3p-gmbh.de\/pl\/produkt\/ag2s-pneumatisch-arbeitende-schweissmaschine-fuer-ordnerdecken-spm-09\/","title":{"rendered":"Ag2s pneumatisch arbeitende Schwei\u00dfmaschine f\u00fcr Ordnerdecken SPM 09"},"content":{"rendered":"<p><strong>Ag2s\u00a0pneumatisch arbeitende Schwei\u00dfmaschine f\u00fcr Ordnerdecken SPM 09<\/strong><\/p>\n<p>Stempelfl\u00e4che 33x35cm<\/p>\n<p><a href=\"https:\/\/www.3p-gmbh.de\/wp-content\/uploads\/2021\/10\/Ag2S-spm09.pdf\">Ag2S spm09<\/a><\/p>\n","protected":false},"excerpt":{"rendered":"<p>Ag2s\u00a0pneumatisch arbeitende Schwei\u00dfmaschine f\u00fcr Ordnerdecken SPM 09 Stempelfl\u00e4che 33x35cm Ag2S spm09<\/p>\n","protected":false},"featured_media":41456,"template":"","meta":[],"product_brand":[],"product_cat":[1764],"product_tag":[],"class_list":{"0":"post-41447","1":"product","2":"type-product","3":"status-publish","4":"has-post-thumbnail","6":"product_cat-sortimentsbuchbinderei","7":"pa_hersteller-ag2s","8":"pa_typ-spm-09","10":"first","11":"instock","12":"taxable","13":"shipping-taxable","14":"product-type-simple"},"jetpack_sharing_enabled":true,"_links":{"self":[{"href":"https:\/\/www.3p-gmbh.de\/pl\/wp-json\/wp\/v2\/product\/41447","targetHints":{"allow":["GET"]}}],"collection":[{"href":"https:\/\/www.3p-gmbh.de\/pl\/wp-json\/wp\/v2\/product"}],"about":[{"href":"https:\/\/www.3p-gmbh.de\/pl\/wp-json\/wp\/v2\/types\/product"}],"wp:featuredmedia":[{"embeddable":true,"href":"https:\/\/www.3p-gmbh.de\/pl\/wp-json\/wp\/v2\/media\/41456"}],"wp:attachment":[{"href":"https:\/\/www.3p-gmbh.de\/pl\/wp-json\/wp\/v2\/media?parent=41447"}],"wp:term":[{"taxonomy":"product_brand","embeddable":true,"href":"https:\/\/www.3p-gmbh.de\/pl\/wp-json\/wp\/v2\/product_brand?post=41447"},{"taxonomy":"product_cat","embeddable":true,"href":"https:\/\/www.3p-gmbh.de\/pl\/wp-json\/wp\/v2\/product_cat?post=41447"},{"taxonomy":"product_tag","embeddable":true,"href":"https:\/\/www.3p-gmbh.de\/pl\/wp-json\/wp\/v2\/product_tag?post=41447"}],"curies":[{"name":"wp","href":"https:\/\/api.w.org\/{rel}","templated":true}]}}