{"id":41279,"date":"2021-10-15T21:25:06","date_gmt":"2021-10-15T21:25:06","guid":{"rendered":"https:\/\/www.3p-gmbh.de\/?post_type=product&#038;p=41279"},"modified":"2021-10-15T21:25:06","modified_gmt":"2021-10-15T21:25:06","slug":"einschiessstreifen-fuer-josef-foellmer-oder-vacuumatic-vicount-zaehlmaschine","status":"publish","type":"product","link":"https:\/\/www.3p-gmbh.de\/pl\/produkt\/einschiessstreifen-fuer-josef-foellmer-oder-vacuumatic-vicount-zaehlmaschine\/","title":{"rendered":"Einschie\u00dfstreifen f\u00fcr Josef Foellmer oder Vacuumatic Vicount Z\u00e4hlmaschine"},"content":{"rendered":"<p><strong>Einschie\u00dfstreifen f\u00fcr Josef Foellmer oder Vacuumatic Vicount Z\u00e4hlmaschine<\/strong><\/p>\n<p>Papier ZM GR\u00dcN 230g\/m\u00b2<br \/>\nB: 6,3mm L: 65m Au\u00dfendurchmesser: 150mm<br \/>\nH\u00fclse: \u00d8 ca. 25mm<\/p>\n","protected":false},"excerpt":{"rendered":"<p>Einschie\u00dfstreifen f\u00fcr Josef Foellmer oder Vacuumatic Vicount Z\u00e4hlmaschine Papier ZM GR\u00dcN 230g\/m\u00b2 B: 6,3mm L: 65m Au\u00dfendurchmesser: 150mm H\u00fclse: \u00d8 ca. 25mm<\/p>\n","protected":false},"featured_media":41275,"template":"","meta":[],"product_brand":[],"product_cat":[1758],"product_tag":[],"class_list":{"0":"post-41279","1":"product","2":"type-product","3":"status-publish","4":"has-post-thumbnail","6":"product_cat-papierzaehlmaschinen","8":"first","9":"instock","10":"taxable","11":"shipping-taxable","12":"product-type-simple"},"jetpack_sharing_enabled":true,"_links":{"self":[{"href":"https:\/\/www.3p-gmbh.de\/pl\/wp-json\/wp\/v2\/product\/41279","targetHints":{"allow":["GET"]}}],"collection":[{"href":"https:\/\/www.3p-gmbh.de\/pl\/wp-json\/wp\/v2\/product"}],"about":[{"href":"https:\/\/www.3p-gmbh.de\/pl\/wp-json\/wp\/v2\/types\/product"}],"wp:featuredmedia":[{"embeddable":true,"href":"https:\/\/www.3p-gmbh.de\/pl\/wp-json\/wp\/v2\/media\/41275"}],"wp:attachment":[{"href":"https:\/\/www.3p-gmbh.de\/pl\/wp-json\/wp\/v2\/media?parent=41279"}],"wp:term":[{"taxonomy":"product_brand","embeddable":true,"href":"https:\/\/www.3p-gmbh.de\/pl\/wp-json\/wp\/v2\/product_brand?post=41279"},{"taxonomy":"product_cat","embeddable":true,"href":"https:\/\/www.3p-gmbh.de\/pl\/wp-json\/wp\/v2\/product_cat?post=41279"},{"taxonomy":"product_tag","embeddable":true,"href":"https:\/\/www.3p-gmbh.de\/pl\/wp-json\/wp\/v2\/product_tag?post=41279"}],"curies":[{"name":"wp","href":"https:\/\/api.w.org\/{rel}","templated":true}]}}