{"id":40888,"date":"2021-10-06T09:05:05","date_gmt":"2021-10-06T09:05:05","guid":{"rendered":"https:\/\/www.3p-gmbh.de\/?post_type=product&#038;p=40888"},"modified":"2021-10-06T09:05:05","modified_gmt":"2021-10-06T09:05:05","slug":"raritaet-motorbetriebene-lithografiepresse-peter-van-ginkel-modell-l-90-motor","status":"publish","type":"product","link":"https:\/\/www.3p-gmbh.de\/pl\/produkt\/raritaet-motorbetriebene-lithografiepresse-peter-van-ginkel-modell-l-90-motor\/","title":{"rendered":"Rarit\u00e4t Motorbetriebene Lithografiepresse Peter van Ginkel Modell L-90 Motor"},"content":{"rendered":"<p><strong>Motorbetriebene Lithografiepresse Peter van Ginkel L-90\u00a0 Motor<\/strong><br \/>\n<strong>Baujahr 1991<\/strong><\/p>\n<p>Vorbesitzer war die Hochschule f\u00fcr Grafik und Buchkunst Leipzig<br \/>\nPapierformat 900 x 1.500 mm,<br \/>\nMaschinenabmessung L\u00a0 2670 x B 1.400 mm breit,<br \/>\nArbeitsh\u00f6he 830 mm,<br \/>\n900 mm<br \/>\nGummimatte\/ Gummituch erneuerungsbed\u00fcrftig<\/p>\n<p>Das Ger\u00e4t ist aktuell f\u00fcr den Transpor zerlegt eingelagert<\/p>\n<p>&nbsp;<\/p>\n","protected":false},"excerpt":{"rendered":"<p>Motorbetriebene Lithografiepresse Peter van Ginkel L-90\u00a0 Motor Baujahr 1991 Vorbesitzer war die Hochschule f\u00fcr Grafik und Buchkunst Leipzig Papierformat 900 x 1.500 mm, Maschinenabmessung L\u00a0 2670 x B 1.400 mm breit, Arbeitsh\u00f6he 830 mm, 900 mm Gummimatte\/ Gummituch erneuerungsbed\u00fcrftig Das Ger\u00e4t ist aktuell f\u00fcr den Transpor zerlegt eingelagert &nbsp;<\/p>\n","protected":false},"featured_media":40897,"template":"","meta":[],"product_brand":[],"product_cat":[242],"product_tag":[],"class_list":{"0":"post-40888","1":"product","2":"type-product","3":"status-publish","4":"has-post-thumbnail","6":"product_cat-pressen","7":"pa_hersteller-peter-van-ginkel","8":"pa_typ-l-90-motor","10":"first","11":"instock","12":"taxable","13":"shipping-taxable","14":"product-type-simple"},"jetpack_sharing_enabled":true,"_links":{"self":[{"href":"https:\/\/www.3p-gmbh.de\/pl\/wp-json\/wp\/v2\/product\/40888","targetHints":{"allow":["GET"]}}],"collection":[{"href":"https:\/\/www.3p-gmbh.de\/pl\/wp-json\/wp\/v2\/product"}],"about":[{"href":"https:\/\/www.3p-gmbh.de\/pl\/wp-json\/wp\/v2\/types\/product"}],"wp:featuredmedia":[{"embeddable":true,"href":"https:\/\/www.3p-gmbh.de\/pl\/wp-json\/wp\/v2\/media\/40897"}],"wp:attachment":[{"href":"https:\/\/www.3p-gmbh.de\/pl\/wp-json\/wp\/v2\/media?parent=40888"}],"wp:term":[{"taxonomy":"product_brand","embeddable":true,"href":"https:\/\/www.3p-gmbh.de\/pl\/wp-json\/wp\/v2\/product_brand?post=40888"},{"taxonomy":"product_cat","embeddable":true,"href":"https:\/\/www.3p-gmbh.de\/pl\/wp-json\/wp\/v2\/product_cat?post=40888"},{"taxonomy":"product_tag","embeddable":true,"href":"https:\/\/www.3p-gmbh.de\/pl\/wp-json\/wp\/v2\/product_tag?post=40888"}],"curies":[{"name":"wp","href":"https:\/\/api.w.org\/{rel}","templated":true}]}}