{"id":40691,"date":"2021-09-23T08:45:24","date_gmt":"2021-09-23T08:45:24","guid":{"rendered":"https:\/\/www.3p-gmbh.de\/?post_type=product&#038;p=40691"},"modified":"2021-09-23T08:45:24","modified_gmt":"2021-09-23T08:45:24","slug":"zwei-elektrische-palettenheber-butler-1200","status":"publish","type":"product","link":"https:\/\/www.3p-gmbh.de\/pl\/produkt\/zwei-elektrische-palettenheber-butler-1200\/","title":{"rendered":"zwei elektrische Palettenheber Butler 1200"},"content":{"rendered":"<p><strong>Palettenheber Butler 1200<\/strong><\/p>\n<p>2x aus Bj. 2000<\/p>\n<p>h\u00e4lt Paletten in der optimalen Arbeitsh\u00f6he, heben und senken erfolgt \u00fcber Tipptaster,<br \/>\nFahrrollen erm\u00f6glichen einen einfachen Transport zum Arbeitsplatz<br \/>\nGabell\u00e4nge 1100mm geeignet f\u00fcr Standard-Europaletten<br \/>\nEigengewicht: 330 kg<br \/>\nTragf\u00e4higkeit: 1200 kg<br \/>\nHubh\u00f6he: 1000 mm<br \/>\nStromversorgung: 380 V<br \/>\nverf\u00fcgbar\u00a02 St\u00fcck<\/p>\n","protected":false},"excerpt":{"rendered":"<p>Palettenheber Butler 1200 2x aus Bj. 2000 h\u00e4lt Paletten in der optimalen Arbeitsh\u00f6he, heben und senken erfolgt \u00fcber Tipptaster, Fahrrollen erm\u00f6glichen einen einfachen Transport zum Arbeitsplatz Gabell\u00e4nge 1100mm geeignet f\u00fcr Standard-Europaletten Eigengewicht: 330 kg Tragf\u00e4higkeit: 1200 kg Hubh\u00f6he: 1000 mm Stromversorgung: 380 V verf\u00fcgbar\u00a02 St\u00fcck<\/p>\n","protected":false},"featured_media":40700,"template":"","meta":[],"product_brand":[],"product_cat":[1761],"product_tag":[],"class_list":{"0":"post-40691","1":"product","2":"type-product","3":"status-publish","4":"has-post-thumbnail","6":"product_cat-stapelheber-stapellifte","7":"pa_hersteller-butler","8":"pa_typ-1898","10":"first","11":"instock","12":"taxable","13":"shipping-taxable","14":"product-type-simple"},"jetpack_sharing_enabled":true,"_links":{"self":[{"href":"https:\/\/www.3p-gmbh.de\/pl\/wp-json\/wp\/v2\/product\/40691","targetHints":{"allow":["GET"]}}],"collection":[{"href":"https:\/\/www.3p-gmbh.de\/pl\/wp-json\/wp\/v2\/product"}],"about":[{"href":"https:\/\/www.3p-gmbh.de\/pl\/wp-json\/wp\/v2\/types\/product"}],"wp:featuredmedia":[{"embeddable":true,"href":"https:\/\/www.3p-gmbh.de\/pl\/wp-json\/wp\/v2\/media\/40700"}],"wp:attachment":[{"href":"https:\/\/www.3p-gmbh.de\/pl\/wp-json\/wp\/v2\/media?parent=40691"}],"wp:term":[{"taxonomy":"product_brand","embeddable":true,"href":"https:\/\/www.3p-gmbh.de\/pl\/wp-json\/wp\/v2\/product_brand?post=40691"},{"taxonomy":"product_cat","embeddable":true,"href":"https:\/\/www.3p-gmbh.de\/pl\/wp-json\/wp\/v2\/product_cat?post=40691"},{"taxonomy":"product_tag","embeddable":true,"href":"https:\/\/www.3p-gmbh.de\/pl\/wp-json\/wp\/v2\/product_tag?post=40691"}],"curies":[{"name":"wp","href":"https:\/\/api.w.org\/{rel}","templated":true}]}}