{"id":40530,"date":"2021-09-23T07:46:22","date_gmt":"2021-09-23T07:46:22","guid":{"rendered":"https:\/\/www.3p-gmbh.de\/?post_type=product&#038;p=40530"},"modified":"2021-09-23T07:46:23","modified_gmt":"2021-09-23T07:46:23","slug":"habasit-heisspressvorrichtung-pt-103s","status":"publish","type":"product","link":"https:\/\/www.3p-gmbh.de\/pl\/produkt\/habasit-heisspressvorrichtung-pt-103s\/","title":{"rendered":"Habasit Heisspressvorrichtung PT-103S"},"content":{"rendered":"<p><strong>Habasit Heisspressvorrichtung PT-103S<\/strong><\/p>\n<p>Schweissger\u00e4t f\u00fcr Transportb\u00e4nder<\/p>\n<p>f\u00fcr das Thermofix-Endverbinden von Transportb\u00e4ndern<br \/>\nbis Breite 100 mm und Dicke 2,5 mm<\/p>\n<p><a href=\"https:\/\/www.3p-gmbh.de\/wp-content\/uploads\/2021\/09\/PT-103S_de.pdf\">PT-103S_de<\/a><\/p>\n<p><a href=\"https:\/\/www.3p-gmbh.de\/wp-content\/uploads\/2021\/09\/PT-103S-en-us.pdf\">PT-103S-en-us<\/a><\/p>\n","protected":false},"excerpt":{"rendered":"<p>Habasit Heisspressvorrichtung PT-103S Schweissger\u00e4t f\u00fcr Transportb\u00e4nder f\u00fcr das Thermofix-Endverbinden von Transportb\u00e4ndern bis Breite 100 mm und Dicke 2,5 mm PT-103S_de PT-103S-en-us<\/p>\n","protected":false},"featured_media":40535,"template":"","meta":[],"product_brand":[],"product_cat":[1845],"product_tag":[],"class_list":{"0":"post-40530","1":"product","2":"type-product","3":"status-publish","4":"has-post-thumbnail","6":"product_cat-falzmaschinenzubehoer","7":"pa_hersteller-habasit","8":"pa_typ-pt-103s","10":"first","11":"instock","12":"taxable","13":"shipping-taxable","14":"product-type-simple"},"jetpack_sharing_enabled":true,"_links":{"self":[{"href":"https:\/\/www.3p-gmbh.de\/pl\/wp-json\/wp\/v2\/product\/40530","targetHints":{"allow":["GET"]}}],"collection":[{"href":"https:\/\/www.3p-gmbh.de\/pl\/wp-json\/wp\/v2\/product"}],"about":[{"href":"https:\/\/www.3p-gmbh.de\/pl\/wp-json\/wp\/v2\/types\/product"}],"wp:featuredmedia":[{"embeddable":true,"href":"https:\/\/www.3p-gmbh.de\/pl\/wp-json\/wp\/v2\/media\/40535"}],"wp:attachment":[{"href":"https:\/\/www.3p-gmbh.de\/pl\/wp-json\/wp\/v2\/media?parent=40530"}],"wp:term":[{"taxonomy":"product_brand","embeddable":true,"href":"https:\/\/www.3p-gmbh.de\/pl\/wp-json\/wp\/v2\/product_brand?post=40530"},{"taxonomy":"product_cat","embeddable":true,"href":"https:\/\/www.3p-gmbh.de\/pl\/wp-json\/wp\/v2\/product_cat?post=40530"},{"taxonomy":"product_tag","embeddable":true,"href":"https:\/\/www.3p-gmbh.de\/pl\/wp-json\/wp\/v2\/product_tag?post=40530"}],"curies":[{"name":"wp","href":"https:\/\/api.w.org\/{rel}","templated":true}]}}