{"id":39964,"date":"2021-08-14T08:16:08","date_gmt":"2021-08-14T08:16:08","guid":{"rendered":"https:\/\/www.3p-gmbh.de\/?post_type=product&#038;p=39964"},"modified":"2021-08-14T08:16:08","modified_gmt":"2021-08-14T08:16:08","slug":"polar-mohr-halbformat-ruettelautomat-polar-r-2","status":"publish","type":"product","link":"https:\/\/www.3p-gmbh.de\/pl\/produkt\/polar-mohr-halbformat-ruettelautomat-polar-r-2\/","title":{"rendered":"Polar Mohr Halbformat R\u00fcttelautomat Polar R-2"},"content":{"rendered":"<p><strong>Halbformat R\u00fcttelautomat Polar\u00a0 R 2<\/strong><br \/>\n<strong>Bj. 2001<\/strong> &#8211; bei Auslieferung Werkstatt gepr\u00fcft revidiert und \u00a0alle Luftschl\u00e4uche ersetzt<\/p>\n<p>Formatbereich (nutzbare Tischfl\u00e4che) 72 x 87 cm<br \/>\nTischh\u00f6he (stufenlos verstellbar) von&#8230;bis 86 bis 95\u00a0 cm<\/p>\n","protected":false},"excerpt":{"rendered":"<p>Halbformat R\u00fcttelautomat Polar\u00a0 R 2 Bj. 2001 &#8211; bei Auslieferung Werkstatt gepr\u00fcft revidiert und \u00a0alle Luftschl\u00e4uche ersetzt Formatbereich (nutzbare Tischfl\u00e4che) 72 x 87 cm Tischh\u00f6he (stufenlos verstellbar) von&#8230;bis 86 bis 95\u00a0 cm<\/p>\n","protected":false},"featured_media":39965,"template":"","meta":[],"product_brand":[],"product_cat":[1759],"product_tag":[],"class_list":{"0":"post-39964","1":"product","2":"type-product","3":"status-publish","4":"has-post-thumbnail","6":"product_cat-ruetteltische","7":"pa_hersteller-polar-mohr","8":"pa_typ-r-2","10":"first","11":"instock","12":"taxable","13":"shipping-taxable","14":"product-type-simple"},"jetpack_sharing_enabled":true,"_links":{"self":[{"href":"https:\/\/www.3p-gmbh.de\/pl\/wp-json\/wp\/v2\/product\/39964","targetHints":{"allow":["GET"]}}],"collection":[{"href":"https:\/\/www.3p-gmbh.de\/pl\/wp-json\/wp\/v2\/product"}],"about":[{"href":"https:\/\/www.3p-gmbh.de\/pl\/wp-json\/wp\/v2\/types\/product"}],"wp:featuredmedia":[{"embeddable":true,"href":"https:\/\/www.3p-gmbh.de\/pl\/wp-json\/wp\/v2\/media\/39965"}],"wp:attachment":[{"href":"https:\/\/www.3p-gmbh.de\/pl\/wp-json\/wp\/v2\/media?parent=39964"}],"wp:term":[{"taxonomy":"product_brand","embeddable":true,"href":"https:\/\/www.3p-gmbh.de\/pl\/wp-json\/wp\/v2\/product_brand?post=39964"},{"taxonomy":"product_cat","embeddable":true,"href":"https:\/\/www.3p-gmbh.de\/pl\/wp-json\/wp\/v2\/product_cat?post=39964"},{"taxonomy":"product_tag","embeddable":true,"href":"https:\/\/www.3p-gmbh.de\/pl\/wp-json\/wp\/v2\/product_tag?post=39964"}],"curies":[{"name":"wp","href":"https:\/\/api.w.org\/{rel}","templated":true}]}}