{"id":39933,"date":"2021-08-14T08:03:22","date_gmt":"2021-08-14T08:03:22","guid":{"rendered":"https:\/\/www.3p-gmbh.de\/?post_type=product&#038;p=39933"},"modified":"2021-08-14T08:03:22","modified_gmt":"2021-08-14T08:03:22","slug":"beck-sammelpacker-kv-600-pneumatik-mit-200cm-einlaufband","status":"publish","type":"product","link":"https:\/\/www.3p-gmbh.de\/pl\/produkt\/beck-sammelpacker-kv-600-pneumatik-mit-200cm-einlaufband\/","title":{"rendered":"beck Sammelpacker KV 600 Pneumatik mit 200cm Einlaufband"},"content":{"rendered":"<p><strong>vollautomatische B\u00fcndelpackmaschine von beck Packautomaten &#8211; beck Sammelpacker KV 600 Pneumatik mit 200cm Einlaufband<\/strong><br \/>\n<strong>aus Bj. 2009<\/strong><\/p>\n<p>Schrumpfbanderoliermaschine mit Bandzuf\u00fchrung und\u00a0Schwei\u00dfsysteme f\u00fcr Trenn- und Breitnahtanwendungen<br \/>\nbeck-Banderoliermaschinen &#8211; echte Allesk\u00f6nner f\u00fcr Einzel- und Mehrst\u00fcckeinheiten..<br \/>\nSie bieten zuverl\u00e4ssige Verpackungen f\u00fcr Einzel- und Mehrst\u00fcckeinheiten in allen Formen.<br \/>\nMit 2 Rollen Flachfolie und 2 Querschwei\u00dfbewegungen wird eine an den Au\u00dfenseiten offene Banderolenverpackung hergestellt.<br \/>\nbeck-Banderoliermaschinen sind sowohl stand-alone als auch integriert in einer Produktionslinie, on-line oder mit Sammel- und Gruppierstation einsetzbar.<br \/>\nOb f\u00fcr manuelle oder automatische Zuf\u00fchrung, beck-Banderoliermaschinen sind in unterschiedlichen Arbeitsbreiten und f\u00fcr unterschiedliche Leistungsanforderungen erh\u00e4ltlich.<br \/>\nMit\u00a0vielseitigen Einsatzm\u00f6glichkeiten f\u00fcr Gl\u00e4ser, Dosen, Boxen, Konserven, Produktstapel und Produktgebinde mit und ohne Tray<\/p>\n<p><strong>Technische Daten:<\/strong><br \/>\nVerpackungsart: Folien-Banderole<br \/>\nVerpackungsleistung: bis zu\u00a015 Takte\/\/Min.<br \/>\nFormatbereich: Durchlassbreite: 600 mm<br \/>\nDurchlassh\u00f6he, einstellbar: 100 &#8211; 400 mm<\/p>\n","protected":false},"excerpt":{"rendered":"<p>vollautomatische B\u00fcndelpackmaschine von beck Packautomaten &#8211; beck Sammelpacker KV 600 Pneumatik mit 200cm Einlaufband aus Bj. 2009 Schrumpfbanderoliermaschine mit Bandzuf\u00fchrung und\u00a0Schwei\u00dfsysteme f\u00fcr Trenn- und Breitnahtanwendungen beck-Banderoliermaschinen &#8211; echte Allesk\u00f6nner f\u00fcr Einzel- und Mehrst\u00fcckeinheiten.. Sie bieten zuverl\u00e4ssige Verpackungen f\u00fcr Einzel- und Mehrst\u00fcckeinheiten in allen Formen. Mit 2 Rollen Flachfolie und 2 Querschwei\u00dfbewegungen wird eine an den [&hellip;]<\/p>\n","protected":false},"featured_media":39934,"template":"","meta":[],"product_brand":[],"product_cat":[76],"product_tag":[],"class_list":{"0":"post-39933","1":"product","2":"type-product","3":"status-publish","4":"has-post-thumbnail","6":"product_cat-folienverpackung-und-straffpacker","7":"pa_hersteller-beck","8":"pa_typ-kv-600","10":"first","11":"instock","12":"taxable","13":"shipping-taxable","14":"product-type-simple"},"jetpack_sharing_enabled":true,"_links":{"self":[{"href":"https:\/\/www.3p-gmbh.de\/pl\/wp-json\/wp\/v2\/product\/39933","targetHints":{"allow":["GET"]}}],"collection":[{"href":"https:\/\/www.3p-gmbh.de\/pl\/wp-json\/wp\/v2\/product"}],"about":[{"href":"https:\/\/www.3p-gmbh.de\/pl\/wp-json\/wp\/v2\/types\/product"}],"wp:featuredmedia":[{"embeddable":true,"href":"https:\/\/www.3p-gmbh.de\/pl\/wp-json\/wp\/v2\/media\/39934"}],"wp:attachment":[{"href":"https:\/\/www.3p-gmbh.de\/pl\/wp-json\/wp\/v2\/media?parent=39933"}],"wp:term":[{"taxonomy":"product_brand","embeddable":true,"href":"https:\/\/www.3p-gmbh.de\/pl\/wp-json\/wp\/v2\/product_brand?post=39933"},{"taxonomy":"product_cat","embeddable":true,"href":"https:\/\/www.3p-gmbh.de\/pl\/wp-json\/wp\/v2\/product_cat?post=39933"},{"taxonomy":"product_tag","embeddable":true,"href":"https:\/\/www.3p-gmbh.de\/pl\/wp-json\/wp\/v2\/product_tag?post=39933"}],"curies":[{"name":"wp","href":"https:\/\/api.w.org\/{rel}","templated":true}]}}