{"id":39714,"date":"2021-07-09T21:13:59","date_gmt":"2021-07-09T21:13:59","guid":{"rendered":"https:\/\/www.3p-gmbh.de\/?post_type=product&#038;p=39714"},"modified":"2021-07-09T21:13:59","modified_gmt":"2021-07-09T21:13:59","slug":"mr-3214-automatischer-etikettierer-fuer-praezise-etikettierung-von-produktoberseiten","status":"publish","type":"product","link":"https:\/\/www.3p-gmbh.de\/pl\/produkt\/mr-3214-automatischer-etikettierer-fuer-praezise-etikettierung-von-produktoberseiten\/","title":{"rendered":"MR 3214 automatischer Etikettierer f\u00fcr pr\u00e4zise Etikettierung von Produktoberseiten"},"content":{"rendered":"<p><strong>MR 3214 automatischer Etikettierer f\u00fcr pr\u00e4zise Etikettierung von Produktoberseiten<\/strong><\/p>\n<p>mit selbstlernendem Scanner und Laufband<br \/>\nf\u00fcr eine effiziente, genaue und pr\u00e4zise Etikettierung f\u00fcr die beste Produkterscheinung<\/p>\n","protected":false},"excerpt":{"rendered":"<p>MR 3214 automatischer Etikettierer f\u00fcr pr\u00e4zise Etikettierung von Produktoberseiten mit selbstlernendem Scanner und Laufband f\u00fcr eine effiziente, genaue und pr\u00e4zise Etikettierung f\u00fcr die beste Produkterscheinung<\/p>\n","protected":false},"featured_media":39715,"template":"","meta":[],"product_brand":[],"product_cat":[119],"product_tag":[],"class_list":{"0":"post-39714","1":"product","2":"type-product","3":"status-publish","4":"has-post-thumbnail","6":"product_cat-etikettierer","7":"pa_typ-mr-3214","9":"first","10":"instock","11":"taxable","12":"shipping-taxable","13":"product-type-simple"},"jetpack_sharing_enabled":true,"_links":{"self":[{"href":"https:\/\/www.3p-gmbh.de\/pl\/wp-json\/wp\/v2\/product\/39714","targetHints":{"allow":["GET"]}}],"collection":[{"href":"https:\/\/www.3p-gmbh.de\/pl\/wp-json\/wp\/v2\/product"}],"about":[{"href":"https:\/\/www.3p-gmbh.de\/pl\/wp-json\/wp\/v2\/types\/product"}],"wp:featuredmedia":[{"embeddable":true,"href":"https:\/\/www.3p-gmbh.de\/pl\/wp-json\/wp\/v2\/media\/39715"}],"wp:attachment":[{"href":"https:\/\/www.3p-gmbh.de\/pl\/wp-json\/wp\/v2\/media?parent=39714"}],"wp:term":[{"taxonomy":"product_brand","embeddable":true,"href":"https:\/\/www.3p-gmbh.de\/pl\/wp-json\/wp\/v2\/product_brand?post=39714"},{"taxonomy":"product_cat","embeddable":true,"href":"https:\/\/www.3p-gmbh.de\/pl\/wp-json\/wp\/v2\/product_cat?post=39714"},{"taxonomy":"product_tag","embeddable":true,"href":"https:\/\/www.3p-gmbh.de\/pl\/wp-json\/wp\/v2\/product_tag?post=39714"}],"curies":[{"name":"wp","href":"https:\/\/api.w.org\/{rel}","templated":true}]}}