{"id":39367,"date":"2021-06-16T09:11:50","date_gmt":"2021-06-16T09:11:50","guid":{"rendered":"https:\/\/www.3p-gmbh.de\/?post_type=product&#038;p=39367"},"modified":"2021-06-16T09:11:50","modified_gmt":"2021-06-16T09:11:50","slug":"nutzenwinkel-fuer-papier-schnellschneider-aus-stabilem-hochmolekularem-technischem-kunststoff","status":"publish","type":"product","link":"https:\/\/www.3p-gmbh.de\/pl\/produkt\/nutzenwinkel-fuer-papier-schnellschneider-aus-stabilem-hochmolekularem-technischem-kunststoff\/","title":{"rendered":"Nutzenwinkel f\u00fcr Papier &#8211; Schnellschneider aus stabilem hochmolekularem technischem Kunststoff"},"content":{"rendered":"<p><strong>Nutzenwinkel f\u00fcr Papier &#8211; Schnellschneider aus stabilem hochmolekularem technischem Kunststoff<\/strong><\/p>\n<p>aus stabilem hochmolekularem technischem Kunststoff<br \/>\nf\u00fcr Anspr\u00fcche an Stabilit\u00e4t und Rechtwinkligkeit<br \/>\nmit wechselbarem Kantenstreifen<\/p>\n","protected":false},"excerpt":{"rendered":"<p>Nutzenwinkel f\u00fcr Papier &#8211; Schnellschneider aus stabilem hochmolekularem technischem Kunststoff aus stabilem hochmolekularem technischem Kunststoff f\u00fcr Anspr\u00fcche an Stabilit\u00e4t und Rechtwinkligkeit mit wechselbarem Kantenstreifen<\/p>\n","protected":false},"featured_media":39368,"template":"","meta":[],"product_brand":[],"product_cat":[788],"product_tag":[],"class_list":{"0":"post-39367","1":"product","2":"type-product","3":"status-publish","4":"has-post-thumbnail","6":"product_cat-schneidemaschinen","8":"first","9":"instock","10":"taxable","11":"shipping-taxable","12":"product-type-simple"},"jetpack_sharing_enabled":true,"_links":{"self":[{"href":"https:\/\/www.3p-gmbh.de\/pl\/wp-json\/wp\/v2\/product\/39367","targetHints":{"allow":["GET"]}}],"collection":[{"href":"https:\/\/www.3p-gmbh.de\/pl\/wp-json\/wp\/v2\/product"}],"about":[{"href":"https:\/\/www.3p-gmbh.de\/pl\/wp-json\/wp\/v2\/types\/product"}],"wp:featuredmedia":[{"embeddable":true,"href":"https:\/\/www.3p-gmbh.de\/pl\/wp-json\/wp\/v2\/media\/39368"}],"wp:attachment":[{"href":"https:\/\/www.3p-gmbh.de\/pl\/wp-json\/wp\/v2\/media?parent=39367"}],"wp:term":[{"taxonomy":"product_brand","embeddable":true,"href":"https:\/\/www.3p-gmbh.de\/pl\/wp-json\/wp\/v2\/product_brand?post=39367"},{"taxonomy":"product_cat","embeddable":true,"href":"https:\/\/www.3p-gmbh.de\/pl\/wp-json\/wp\/v2\/product_cat?post=39367"},{"taxonomy":"product_tag","embeddable":true,"href":"https:\/\/www.3p-gmbh.de\/pl\/wp-json\/wp\/v2\/product_tag?post=39367"}],"curies":[{"name":"wp","href":"https:\/\/api.w.org\/{rel}","templated":true}]}}