{"id":39295,"date":"2021-06-14T21:44:55","date_gmt":"2021-06-14T21:44:55","guid":{"rendered":"https:\/\/www.3p-gmbh.de\/?post_type=product&#038;p=39295"},"modified":"2022-11-14T23:14:37","modified_gmt":"2022-11-14T23:14:37","slug":"karl-krause-fnp-500-kniehebelpresse-buchpresse-lederpresse-falzniederdruckpresse","status":"publish","type":"product","link":"https:\/\/www.3p-gmbh.de\/pl\/produkt\/karl-krause-fnp-500-kniehebelpresse-buchpresse-lederpresse-falzniederdruckpresse\/","title":{"rendered":"Karl Krause FNP 500 &#8211; Kniehebelpresse &#8211; Buchpresse &#8211; Lederpresse &#8211; Falzniederdruckpresse"},"content":{"rendered":"<p><strong>Karl Krause FNP 500 \/\u00a0 Kniehebelpresse \/ Buchpresse \/ Lederpresse \/ Falzniederdruckpresse<\/strong><\/p>\n<p>Sehr massiv gebaut !<br \/>\nVoll funktionsf\u00e4hig.<br \/>\nSchnelles und wirtschaftliches Einpressen \/ Pressen von B\u00fcchern<br \/>\nSuper zum Verpressen von Lederschichten<br \/>\nIdeal f\u00fcr Kleinauflagen.<\/p>\n<p>Pressfl\u00e4che 50 x 25 cm<br \/>\nPressh\u00f6he geschlossen ca. 9,5 cm<\/p>\n","protected":false},"excerpt":{"rendered":"<p>Karl Krause FNP 500 \/\u00a0 Kniehebelpresse \/ Buchpresse \/ Lederpresse \/ Falzniederdruckpresse Sehr massiv gebaut ! Voll funktionsf\u00e4hig. Schnelles und wirtschaftliches Einpressen \/ Pressen von B\u00fcchern Super zum Verpressen von Lederschichten Ideal f\u00fcr Kleinauflagen. Pressfl\u00e4che 50 x 25 cm Pressh\u00f6he geschlossen ca. 9,5 cm<\/p>\n","protected":false},"featured_media":39300,"template":"","meta":[],"product_brand":[],"product_cat":[242,1764],"product_tag":[],"class_list":{"0":"post-39295","1":"product","2":"type-product","3":"status-publish","4":"has-post-thumbnail","6":"product_cat-pressen","7":"product_cat-sortimentsbuchbinderei","8":"pa_hersteller-karl-krause","9":"pa_typ-fnp-500","11":"first","12":"instock","13":"taxable","14":"shipping-taxable","15":"product-type-simple"},"jetpack_sharing_enabled":true,"_links":{"self":[{"href":"https:\/\/www.3p-gmbh.de\/pl\/wp-json\/wp\/v2\/product\/39295","targetHints":{"allow":["GET"]}}],"collection":[{"href":"https:\/\/www.3p-gmbh.de\/pl\/wp-json\/wp\/v2\/product"}],"about":[{"href":"https:\/\/www.3p-gmbh.de\/pl\/wp-json\/wp\/v2\/types\/product"}],"wp:featuredmedia":[{"embeddable":true,"href":"https:\/\/www.3p-gmbh.de\/pl\/wp-json\/wp\/v2\/media\/39300"}],"wp:attachment":[{"href":"https:\/\/www.3p-gmbh.de\/pl\/wp-json\/wp\/v2\/media?parent=39295"}],"wp:term":[{"taxonomy":"product_brand","embeddable":true,"href":"https:\/\/www.3p-gmbh.de\/pl\/wp-json\/wp\/v2\/product_brand?post=39295"},{"taxonomy":"product_cat","embeddable":true,"href":"https:\/\/www.3p-gmbh.de\/pl\/wp-json\/wp\/v2\/product_cat?post=39295"},{"taxonomy":"product_tag","embeddable":true,"href":"https:\/\/www.3p-gmbh.de\/pl\/wp-json\/wp\/v2\/product_tag?post=39295"}],"curies":[{"name":"wp","href":"https:\/\/api.w.org\/{rel}","templated":true}]}}