{"id":39240,"date":"2021-06-14T21:11:43","date_gmt":"2021-06-14T21:11:43","guid":{"rendered":"https:\/\/www.3p-gmbh.de\/?post_type=product&#038;p=39240"},"modified":"2021-06-14T21:11:43","modified_gmt":"2021-06-14T21:11:43","slug":"neuwertige-folienverpackung-mit-formschultermaschine-beck-multiplex-pico-mp-mit-schrumpftunnel-hv-601","status":"publish","type":"product","link":"https:\/\/www.3p-gmbh.de\/pl\/produkt\/neuwertige-folienverpackung-mit-formschultermaschine-beck-multiplex-pico-mp-mit-schrumpftunnel-hv-601\/","title":{"rendered":"neuwertige Folienverpackung mit Formschultermaschine Beck Multiplex Pico MP mit Schrumpftunnel HV 601"},"content":{"rendered":"<p><strong>neuwertige Folienverpackung mit Formschultermaschine Beck Multiplex Pico MP mit Schrumpftunnel HV 601 <\/strong><br \/>\n<strong>aus Bj. 2008<\/strong><\/p>\n<div>\n<p><em>1 (ein) Einlaufband mit geteiltem Bandk\u00f6rper\u00a040mm Breit und 340mm l\u00e4nge<\/em><\/p>\n<p><em>1 (ein)\u00a0 Formschultermaschine beck-Multiplex MP pico<\/em><br \/>\nEinstiegsmodell f\u00fcr Standardanwendungen \u0096 flexibel einsetzbar und bedienerfreundlich.<br \/>\nWartungsarme Schwei\u00dfsysteme f\u00fcr alle Folienarten, 3-seitige Verschwei\u00dfung und energiesparende Antriebe der neusten Generation.<\/p>\n<p>Mit dem Formschulterprinzip wird eine beispielhafte Flexibilit\u00e4t bei verschiedenen Formaten und Materialien erreicht.<br \/>\nEine Rolle Halbschlauchfolie wird \u00fcber eine Formschulter gef\u00fchrt und anschlie\u00dfend 3seitig oder \u00fcberlappend verschwei\u00dft.<\/p>\n<p>flexible und einfache Bedienung<br \/>\neinteilige Verkleidungshaube f\u00fcr optimale Zug\u00e4nglichkeit<br \/>\nbewegliches Bedienpanel mit Packgutdatenspeicher<br \/>\ndauerbeheizte, wartungsarme Schwei\u00dfsysteme<\/p>\n<p><em>1 (ein)\u00a0 beck-Schrumpftunnel HV 601 Standard<br \/>\n<\/em>Gro\u00dfe Leistung , geringer Verbrauch. Ein richtiges Energieb\u00fcndel in Sachen Nachhaltigkeit.<br \/>\nMit seiner optimierten Energiebilanz, Luftf\u00fchrungs- und Schrumpfsystem liefert der Beck-Schrumpftunnel brillante Schrumpfungen bei unterschiedlichsten Folien<\/p>\n<\/div>\n","protected":false},"excerpt":{"rendered":"<p>neuwertige Folienverpackung mit Formschultermaschine Beck Multiplex Pico MP mit Schrumpftunnel HV 601 aus Bj. 2008 1 (ein) Einlaufband mit geteiltem Bandk\u00f6rper\u00a040mm Breit und 340mm l\u00e4nge 1 (ein)\u00a0 Formschultermaschine beck-Multiplex MP pico Einstiegsmodell f\u00fcr Standardanwendungen \u0096 flexibel einsetzbar und bedienerfreundlich. Wartungsarme Schwei\u00dfsysteme f\u00fcr alle Folienarten, 3-seitige Verschwei\u00dfung und energiesparende Antriebe der neusten Generation. Mit dem Formschulterprinzip [&hellip;]<\/p>\n","protected":false},"featured_media":39249,"template":"","meta":[],"product_brand":[],"product_cat":[76],"product_tag":[],"class_list":{"0":"post-39240","1":"product","2":"type-product","3":"status-publish","4":"has-post-thumbnail","6":"product_cat-folienverpackung-und-straffpacker","7":"pa_hersteller-beck","8":"pa_typ-multiplex-pico-mp","10":"first","11":"instock","12":"taxable","13":"shipping-taxable","14":"product-type-simple"},"jetpack_sharing_enabled":true,"_links":{"self":[{"href":"https:\/\/www.3p-gmbh.de\/pl\/wp-json\/wp\/v2\/product\/39240","targetHints":{"allow":["GET"]}}],"collection":[{"href":"https:\/\/www.3p-gmbh.de\/pl\/wp-json\/wp\/v2\/product"}],"about":[{"href":"https:\/\/www.3p-gmbh.de\/pl\/wp-json\/wp\/v2\/types\/product"}],"wp:featuredmedia":[{"embeddable":true,"href":"https:\/\/www.3p-gmbh.de\/pl\/wp-json\/wp\/v2\/media\/39249"}],"wp:attachment":[{"href":"https:\/\/www.3p-gmbh.de\/pl\/wp-json\/wp\/v2\/media?parent=39240"}],"wp:term":[{"taxonomy":"product_brand","embeddable":true,"href":"https:\/\/www.3p-gmbh.de\/pl\/wp-json\/wp\/v2\/product_brand?post=39240"},{"taxonomy":"product_cat","embeddable":true,"href":"https:\/\/www.3p-gmbh.de\/pl\/wp-json\/wp\/v2\/product_cat?post=39240"},{"taxonomy":"product_tag","embeddable":true,"href":"https:\/\/www.3p-gmbh.de\/pl\/wp-json\/wp\/v2\/product_tag?post=39240"}],"curies":[{"name":"wp","href":"https:\/\/api.w.org\/{rel}","templated":true}]}}